{"id":59819,"date":"2025-02-14T17:09:09","date_gmt":"2025-02-14T09:09:09","guid":{"rendered":"https:\/\/www.upowertek.com\/apd\/"},"modified":"2025-03-07T11:23:32","modified_gmt":"2025-03-07T03:23:32","slug":"apd","status":"publish","type":"page","link":"https:\/\/www.upowertek.com\/pl\/apd\/","title":{"rendered":"APD"},"content":{"rendered":"\n<div class=\"wp-block-columns is-layout-flex wp-container-core-columns-is-layout-28f84493 wp-block-columns-is-layout-flex\">\n<div class=\"wp-block-column is-layout-flow wp-block-column-is-layout-flow\">\n<figure class=\"wp-block-image size-full\"><img fetchpriority=\"high\" decoding=\"async\" width=\"800\" height=\"577\" src=\"https:\/\/www.upowertek.com\/wp-content\/uploads\/2025\/02\/apdx1500-2000W.png\" alt=\"apdx1500 2000w\" class=\"wp-image-59461\" style=\"aspect-ratio:4\/3;object-fit:cover\" srcset=\"https:\/\/www.upowertek.com\/wp-content\/uploads\/2025\/02\/apdx1500-2000W.png 800w, https:\/\/www.upowertek.com\/wp-content\/uploads\/2025\/02\/apdx1500-2000W-300x216.png 300w, https:\/\/www.upowertek.com\/wp-content\/uploads\/2025\/02\/apdx1500-2000W-768x554.png 768w, https:\/\/www.upowertek.com\/wp-content\/uploads\/2025\/02\/apdx1500-2000W-600x433.png 600w\" sizes=\"(max-width: 800px) 100vw, 800px\" \/><\/figure>\n<\/div>\n\n\n\n<div class=\"wp-block-column is-layout-flow wp-block-column-is-layout-flow\">\n<ul class=\"wp-block-list\">\n<li>Napi\u0119cie zasilania: 176-264 V pr\u0105du przemiennego lub 186-250 V pr\u0105du sta\u0142ego<\/li>\n\n\n\n<li>Odporno\u015b\u0107 na du\u017ce przepi\u0119cia 10kV<\/li>\n\n\n\n<li>Technologia DPAC <sup>TM<\/sup> (kombo D4i Plus 0-10 V)<\/li>\n\n\n\n<li>D4i\/DALI2.0 Zgodno\u015b\u0107 z IEC62386-101,102,150,207,250,251,252,253<\/li>\n\n\n\n<li>Zintegrowany zasilacz magistrali 16Vdc<\/li>\n\n\n\n<li>Dok\u0142adno\u015b\u0107 raportu energetycznego \u00b11%. <\/li>\n\n\n\n<li>Przyciemnianie przy poborze mocy 0,5 W w trybie czuwania<\/li>\n\n\n\n<li>Zasilanie 24 V 3 W (szczyt przej\u015bciowy 10 W). <\/li>\n\n\n\n<li>\u017bywotno\u015b\u0107 100 000 godzin przy Tc=75\u2103 i 7-letnia gwarancja przy Tc&lt;=75\u2103<\/li>\n\n\n\n<li>Dok\u0142adno\u015b\u0107 pr\u0105du wyj\u015bciowego +\/-2%.<\/li>\n\n\n\n<li>Airset<sup>TM<\/sup> NFC Programmability (1 to X)<\/li>\n\n\n\n<li>Programowalny EOFx z certyfikatem EL<\/li>\n\n\n\n<li>Kombinacja klasy II i klasy I<\/li>\n\n\n\n<li>Bezpiecze\u0144stwo zgodnie z EN 61347-1, 61347-2-13, 62384<\/li>\n<\/ul>\n<\/div>\n<\/div>\n\n<a name=\"datasheet\"><\/a>\n    <script src=\"https:\/\/www.upowertek.com\/wp-content\/plugins\/download-manager\/assets\/js\/jquery.dataTables.min.js\"><\/script>\n    <script src=\"https:\/\/www.upowertek.com\/wp-content\/plugins\/download-manager\/assets\/js\/dataTables.bootstrap4.min.js\"><\/script>\n    <link href=\"https:\/\/www.upowertek.com\/wp-content\/plugins\/download-manager\/assets\/css\/jquery.dataTables.min.css\" rel=\"stylesheet\"\/>\n\n    <script>\n        jQuery(function ($) {\n\n            var __dt = $('#wpdmmydls-d2e015f75c824b8a14d75665d090ad24').dataTable({\n                \"dom\": '<\"wpdmdt-toolbar\"lfrB>t<\"wpdmdt-toolbarb\"ip>',\n                responsive: true,\n                \"autoWidth\" : false,\n                \"order\": [[ 0, \"asc\"]],\n                \"language\": {\n                    \"lengthMenu\": \"Wy\u015bwietl _MENU_ downloads na stron\u0119\",\n                    \"zeroRecords\": \"Nic _START_ to - przepraszam\",\n                    \"info\": \"Wy\u015bwietlanie _START_ to _END_ of _TOTAL_ downloads\",\n                    \"infoEmpty\": \"Brak dost\u0119pnych plik\u00f3w do pobrania\",\n                    \"infoFiltered\": \"(filtrowane z _MAX_ total pobra\u0144)\",\n                    \"emptyTable\": \"Brak danych w tabeli\",\n                    \"infoPostFix\": \"\",\n                    \"thousands\": \",\",\n                    \"loadingRecords\": \"Wczytywanie...\",\n                    \"processing\": \"Przetwarzanie\u2026\",\n                    \"search\": \"Szukaj:\",\n                    \"paginate\": {\n                        \"first\": \"Pierwszy\",\n                        \"last\": \"Ostatni\",\n                        \"next\": \"Nast\u0119pny\",\n                        \"previous\": \"Poprzedni\"\n                    },\n                    \"aria\": {\n                        \"sortAscending\": \" : w\u0142\u0105cz, aby sortowa\u0107 kolumn\u0119 rosn\u0105co\",\n                        \"sortDescending\": \": w\u0142\u0105cz, aby sortowa\u0107 kolumny malej\u0105co\"\n                    }\n                },\n                \"iDisplayLength\": 20,\n                \"aLengthMenu\": [[20, 10, 25, 50, -1], [20, 10, 25, 50, \"Wszystkie\"]]\n            });\n\n\t\t\t        });\n    <\/script>\n<style>\n    .wpdmdt-toolbar {\n        padding: 10px;\n    }\n\n    .wpdmdt-toolbarb {\n        padding: 5px 10px 10px;\n    }\n\n    .wpdmdt-toolbar > div {\n        display: inline-block;\n    }\n\n    table, td, th {\n        border: 0;\n    }\n\n    #wpdm-all-packages .card {\n        overflow: hidden;\n    }\n\n    .dataTables_wrapper .table {\n        margin: 0;\n    }\n\n    #wpdmmydls-d2e015f75c824b8a14d75665d090ad24 {\n        border-bottom: 1px solid #dddddd;\n        border-top: 1px solid #dddddd;\n        font-size: 10pt;\n        min-width: 100%;\n    }\n\n    #wpdmmydls-d2e015f75c824b8a14d75665d090ad24 .wpdm-download-link img {\n        box-shadow: none !important;\n        max-width: 100%;\n    }\n\n    .w3eden .pagination {\n        margin: 0 !important;\n    }\n\n    #wpdmmydls-d2e015f75c824b8a14d75665d090ad24 td:not(:first-child) {\n        vertical-align: middle !important;\n    }\n\n    #wpdmmydls-d2e015f75c824b8a14d75665d090ad24 td.__dt_col_download_link .btn {\n        display: block;\n        width: 100%;\n    }\n\n    #wpdmmydls-d2e015f75c824b8a14d75665d090ad24 td.__dt_col_download_link,\n    #wpdmmydls-d2e015f75c824b8a14d75665d090ad24 th#download_link {\n        max-width: 155px !important;\n        width: 155px;\n\n    }\n\n    #wpdmmydls-d2e015f75c824b8a14d75665d090ad24 th {\n        background-color: rgba(0, 0, 0, 0.04);\n        border-bottom: 1px solid rgba(0, 0, 0, 0.025);\n    }\n\n    #wpdmmydls-d2e015f75c824b8a14d75665d090ad24_length label,\n    #wpdmmydls-d2e015f75c824b8a14d75665d090ad24_filter label {\n        font-weight: 400;\n    }\n\n    #wpdmmydls-d2e015f75c824b8a14d75665d090ad24_filter input[type=search] {\n        display: inline-block;\n        width: 200px;\n        font-size: 12px;\n    }\n\n    #wpdmmydls-d2e015f75c824b8a14d75665d090ad24_length select {\n        display: inline-block;\n        width: 60px;\n        font-size: 11px;\n    }\n\n    #wpdmmydls-d2e015f75c824b8a14d75665d090ad24 .package-title {\n        color: #36597C;\n        font-size: 11pt;\n        font-weight: 700;\n    }\n\n    #wpdmmydls-d2e015f75c824b8a14d75665d090ad24 .small-txt {\n        margin-right: 7px;\n    }\n\n    #wpdmmydls-d2e015f75c824b8a14d75665d090ad24 td.__dt_col_categories {\n        max-width: 300px;\n    }\n\n    #wpdmmydls-d2e015f75c824b8a14d75665d090ad24 .small-txt,\n    #wpdmmydls-d2e015f75c824b8a14d75665d090ad24 small {\n        font-size: 9pt;\n    }\n\n    .w3eden .table-striped tbody tr:nth-of-type(2n+1) {\n        background-color: rgba(0, 0, 0, 0.015);\n    }\n\n    .dataTables_wrapper .dataTables_paginate .paginate_button:active,\n    .dataTables_wrapper .dataTables_paginate .paginate_button:focus,\n    .dataTables_wrapper .dataTables_paginate .paginate_button:hover,\n    .dataTables_wrapper .dataTables_paginate .paginate_button {\n        margin: 0 !important;\n        padding: 0 !important;\n        border: 0 !important;\n        background: transparent !important;\n    }\n\n    .paginate_button.page-item.active a {\n        background: var(--color-primary) !important;\n        color: #fff !important;\n    }\n\n\n    @media (max-width: 799px) {\n        #wpdmmydls-d2e015f75c824b8a14d75665d090ad24 tr {\n            display: block;\n            border: 3px solid rgba(0, 0, 0, 0.3) !important;\n            margin-bottom: 10px !important;\n            position: relative;\n        }\n\n        #wpdmmydls-d2e015f75c824b8a14d75665d090ad24 thead {\n            display: none;\n        }\n\n        #wpdmmydls-d2e015f75c824b8a14d75665d090ad24,\n        #wpdmmydls-d2e015f75c824b8a14d75665d090ad24 td:first-child {\n            border: 0 !important;\n        }\n\n        #wpdmmydls-d2e015f75c824b8a14d75665d090ad24 td {\n            display: block;\n        }\n\n        #wpdmmydls-d2e015f75c824b8a14d75665d090ad24 td.__dt_col_download_link {\n            display: block;\n            max-width: 100% !important;\n            width: auto !important;\n\n        }\n    }\n\n\n<\/style>\n<div class=\"w3eden\">\n    <div id=\"wpdm-all-packages\">\n        <table id=\"wpdmmydls-d2e015f75c824b8a14d75665d090ad24\" class=\"table table-striped wpdm-all-packages-table\">\n            <thead>\n            <tr>\n\t\t\t\t                    <th  id=\"title\"\n                                                                        class=\"\">Tytu\u0142<\/th>\n\t\t\t\t                    <th  id=\"description\"\n                                                                        class=\"hidden-sm hidden-xs\">Power<\/th>\n\t\t\t\t                    <th  id=\"update_date\"\n                                                                        class=\"hidden-sm hidden-xs\">Data aktualizacji<\/th>\n\t\t\t\t                    <th style='width: 155px !important;min-width: 155px !important;max-width: 155px !important;' id=\"download_link\"\n                                                                        class=\"hidden-sm hidden-xs\">Pobierz<\/th>\n\t\t\t\t\n            <\/tr>\n            <\/thead>\n            <tbody>\n\t\t\t\n                    <tr class=\"__dt_row\">\n\t\t\t\t\t\t                            <td                                     class=\"__dt_col_0 __dt_col __dt_col_title\"\n\t\t\t\t\t\t\t\t\tstyle=\"background-image: url('');background-size: 36px;background-position: 5px 8px;background-repeat:  no-repeat;padding-left: 52px;line-height: normal;\">\n\t\t\t\t\t\t\t\t<strong>APD-025-C Rev E.pdf<\/strong><br\/><span class='__dt_file_count small-txt'><i class=\"far fa-copy\"><\/i> 1 plik(i)<\/span><span class='__dt_download_count small-txt'><i class=\"far fa-arrow-alt-circle-down\"><\/i> 239 pobierania<\/span><div class=\"hidden-md hidden-lg td-mobile\"><\/div>\n\n                            <\/td>\n\t\t\t\t\t\t                            <td                                     class=\"__dt_col_1 __dt_col __dt_col_description\"\n\t\t\t\t\t\t\t\t\t>\n\t\t\t\t\t\t\t\t<p>25W<\/p>\n\n\n                            <\/td>\n\t\t\t\t\t\t                            <td  data-order=\"1736812800\"                                     class=\"__dt_col_2 __dt_col __dt_col_update_date\"\n\t\t\t\t\t\t\t\t\t>\n\t\t\t\t\t\t\t\t<span class='__dt_update_date '>14 stycznia, 2025<\/span>\n\n                            <\/td>\n\t\t\t\t\t\t                            <td                                     class=\"__dt_col_3 __dt_col __dt_col_download_link\"\n\t\t\t\t\t\t\t\t\t>\n\t\t\t\t\t\t\t\t<div class=\"w3eden\"><a href=\"https:\/\/www.upowertek.com\/wp-login.php?redirect_to=https:\/\/www.upowertek.com\/pl\/download\/apd-025-c-rev-e-pdf-2\/\" class=\"btn btn-danger wpdmloginmodal-trigger btn-sm\">download<\/a><\/div><\/div><\/div>\n\n                            <\/td>\n\t\t\t\t\t\t\n                    <\/tr>\n\t\t\t\t\n                    <tr class=\"__dt_row\">\n\t\t\t\t\t\t                            <td                                     class=\"__dt_col_0 __dt_col __dt_col_title\"\n\t\t\t\t\t\t\t\t\tstyle=\"background-image: url('');background-size: 36px;background-position: 5px 8px;background-repeat:  no-repeat;padding-left: 52px;line-height: normal;\">\n\t\t\t\t\t\t\t\t<strong>APD-040-C Rev G.pdf<\/strong><br\/><span class='__dt_file_count small-txt'><i class=\"far fa-copy\"><\/i> 1 plik(i)<\/span><span class='__dt_download_count small-txt'><i class=\"far fa-arrow-alt-circle-down\"><\/i> 236 pobierania<\/span><div class=\"hidden-md hidden-lg td-mobile\"><\/div>\n\n                            <\/td>\n\t\t\t\t\t\t                            <td                                     class=\"__dt_col_1 __dt_col __dt_col_description\"\n\t\t\t\t\t\t\t\t\t>\n\t\t\t\t\t\t\t\t<p>40W<\/p>\n\n\n                            <\/td>\n\t\t\t\t\t\t                            <td  data-order=\"1736812800\"                                     class=\"__dt_col_2 __dt_col __dt_col_update_date\"\n\t\t\t\t\t\t\t\t\t>\n\t\t\t\t\t\t\t\t<span class='__dt_update_date '>14 stycznia, 2025<\/span>\n\n                            <\/td>\n\t\t\t\t\t\t                            <td                                     class=\"__dt_col_3 __dt_col __dt_col_download_link\"\n\t\t\t\t\t\t\t\t\t>\n\t\t\t\t\t\t\t\t<div class=\"w3eden\"><a href=\"https:\/\/www.upowertek.com\/wp-login.php?redirect_to=https:\/\/www.upowertek.com\/pl\/download\/apd-040-c-rev-g-pdf-2\/\" class=\"btn btn-danger wpdmloginmodal-trigger btn-sm\">download<\/a><\/div><\/div><\/div>\n\n                            <\/td>\n\t\t\t\t\t\t\n                    <\/tr>\n\t\t\t\t\n                    <tr class=\"__dt_row\">\n\t\t\t\t\t\t                            <td                                     class=\"__dt_col_0 __dt_col __dt_col_title\"\n\t\t\t\t\t\t\t\t\tstyle=\"background-image: url('');background-size: 36px;background-position: 5px 8px;background-repeat:  no-repeat;padding-left: 52px;line-height: normal;\">\n\t\t\t\t\t\t\t\t<strong>APD-075-C Rev G.pdf<\/strong><br\/><span class='__dt_file_count small-txt'><i class=\"far fa-copy\"><\/i> 1 plik(i)<\/span><span class='__dt_download_count small-txt'><i class=\"far fa-arrow-alt-circle-down\"><\/i> 233 pobierania<\/span><div class=\"hidden-md hidden-lg td-mobile\"><\/div>\n\n                            <\/td>\n\t\t\t\t\t\t                            <td                                     class=\"__dt_col_1 __dt_col __dt_col_description\"\n\t\t\t\t\t\t\t\t\t>\n\t\t\t\t\t\t\t\t<p>75W<\/p>\n\n\n                            <\/td>\n\t\t\t\t\t\t                            <td  data-order=\"1736812800\"                                     class=\"__dt_col_2 __dt_col __dt_col_update_date\"\n\t\t\t\t\t\t\t\t\t>\n\t\t\t\t\t\t\t\t<span class='__dt_update_date '>14 stycznia, 2025<\/span>\n\n                            <\/td>\n\t\t\t\t\t\t                            <td                                     class=\"__dt_col_3 __dt_col __dt_col_download_link\"\n\t\t\t\t\t\t\t\t\t>\n\t\t\t\t\t\t\t\t<div class=\"w3eden\"><a href=\"https:\/\/www.upowertek.com\/wp-login.php?redirect_to=https:\/\/www.upowertek.com\/pl\/download\/apd-075-c-rev-g-pdf-2\/\" class=\"btn btn-danger wpdmloginmodal-trigger btn-sm\">download<\/a><\/div><\/div><\/div>\n\n                            <\/td>\n\t\t\t\t\t\t\n                    <\/tr>\n\t\t\t\t\n                    <tr class=\"__dt_row\">\n\t\t\t\t\t\t                            <td                                     class=\"__dt_col_0 __dt_col __dt_col_title\"\n\t\t\t\t\t\t\t\t\tstyle=\"background-image: url('');background-size: 36px;background-position: 5px 8px;background-repeat:  no-repeat;padding-left: 52px;line-height: normal;\">\n\t\t\t\t\t\t\t\t<strong>APD-110-C Rev G.pdf<\/strong><br\/><span class='__dt_file_count small-txt'><i class=\"far fa-copy\"><\/i> 1 plik(i)<\/span><span class='__dt_download_count small-txt'><i class=\"far fa-arrow-alt-circle-down\"><\/i> 279 pobierania<\/span><div class=\"hidden-md hidden-lg td-mobile\"><\/div>\n\n                            <\/td>\n\t\t\t\t\t\t                            <td                                     class=\"__dt_col_1 __dt_col __dt_col_description\"\n\t\t\t\t\t\t\t\t\t>\n\t\t\t\t\t\t\t\t<p>110W<\/p>\n\n\n                            <\/td>\n\t\t\t\t\t\t                            <td  data-order=\"1736812800\"                                     class=\"__dt_col_2 __dt_col __dt_col_update_date\"\n\t\t\t\t\t\t\t\t\t>\n\t\t\t\t\t\t\t\t<span class='__dt_update_date '>14 stycznia, 2025<\/span>\n\n                            <\/td>\n\t\t\t\t\t\t                            <td                                     class=\"__dt_col_3 __dt_col __dt_col_download_link\"\n\t\t\t\t\t\t\t\t\t>\n\t\t\t\t\t\t\t\t<div class=\"w3eden\"><a href=\"https:\/\/www.upowertek.com\/wp-login.php?redirect_to=https:\/\/www.upowertek.com\/pl\/download\/apd-110-c-rev-g-pdf-2\/\" class=\"btn btn-danger wpdmloginmodal-trigger btn-sm\">download<\/a><\/div><\/div><\/div>\n\n                            <\/td>\n\t\t\t\t\t\t\n                    <\/tr>\n\t\t\t\t\n                    <tr class=\"__dt_row\">\n\t\t\t\t\t\t                            <td                                     class=\"__dt_col_0 __dt_col __dt_col_title\"\n\t\t\t\t\t\t\t\t\tstyle=\"background-image: url('');background-size: 36px;background-position: 5px 8px;background-repeat:  no-repeat;padding-left: 52px;line-height: normal;\">\n\t\t\t\t\t\t\t\t<strong>APD-165-C Rev G.pdf<\/strong><br\/><span class='__dt_file_count small-txt'><i class=\"far fa-copy\"><\/i> 1 plik(i)<\/span><span class='__dt_download_count small-txt'><i class=\"far fa-arrow-alt-circle-down\"><\/i> 213 pobierania<\/span><div class=\"hidden-md hidden-lg td-mobile\"><\/div>\n\n                            <\/td>\n\t\t\t\t\t\t                            <td                                     class=\"__dt_col_1 __dt_col __dt_col_description\"\n\t\t\t\t\t\t\t\t\t>\n\t\t\t\t\t\t\t\t<p>165W<\/p>\n\n\n                            <\/td>\n\t\t\t\t\t\t                            <td  data-order=\"1736812800\"                                     class=\"__dt_col_2 __dt_col __dt_col_update_date\"\n\t\t\t\t\t\t\t\t\t>\n\t\t\t\t\t\t\t\t<span class='__dt_update_date '>14 stycznia, 2025<\/span>\n\n                            <\/td>\n\t\t\t\t\t\t                            <td                                     class=\"__dt_col_3 __dt_col __dt_col_download_link\"\n\t\t\t\t\t\t\t\t\t>\n\t\t\t\t\t\t\t\t<div class=\"w3eden\"><a href=\"https:\/\/www.upowertek.com\/wp-login.php?redirect_to=https:\/\/www.upowertek.com\/pl\/download\/apd-165-c-rev-g-pdf-2\/\" class=\"btn btn-danger wpdmloginmodal-trigger btn-sm\">download<\/a><\/div><\/div><\/div>\n\n                            <\/td>\n\t\t\t\t\t\t\n                    <\/tr>\n\t\t\t\t\n                    <tr class=\"__dt_row\">\n\t\t\t\t\t\t                            <td                                     class=\"__dt_col_0 __dt_col __dt_col_title\"\n\t\t\t\t\t\t\t\t\tstyle=\"background-image: url('');background-size: 36px;background-position: 5px 8px;background-repeat:  no-repeat;padding-left: 52px;line-height: normal;\">\n\t\t\t\t\t\t\t\t<strong>APD-200-C Rev G.pdf<\/strong><br\/><span class='__dt_file_count small-txt'><i class=\"far fa-copy\"><\/i> 1 plik(i)<\/span><span class='__dt_download_count small-txt'><i class=\"far fa-arrow-alt-circle-down\"><\/i> 258 pobierania<\/span><div class=\"hidden-md hidden-lg td-mobile\"><\/div>\n\n                            <\/td>\n\t\t\t\t\t\t                            <td                                     class=\"__dt_col_1 __dt_col __dt_col_description\"\n\t\t\t\t\t\t\t\t\t>\n\t\t\t\t\t\t\t\t<p>200W<\/p>\n\n\n                            <\/td>\n\t\t\t\t\t\t                            <td  data-order=\"1736812800\"                                     class=\"__dt_col_2 __dt_col __dt_col_update_date\"\n\t\t\t\t\t\t\t\t\t>\n\t\t\t\t\t\t\t\t<span class='__dt_update_date '>14 stycznia, 2025<\/span>\n\n                            <\/td>\n\t\t\t\t\t\t                            <td                                     class=\"__dt_col_3 __dt_col __dt_col_download_link\"\n\t\t\t\t\t\t\t\t\t>\n\t\t\t\t\t\t\t\t<div class=\"w3eden\"><a href=\"https:\/\/www.upowertek.com\/wp-login.php?redirect_to=https:\/\/www.upowertek.com\/pl\/download\/apd-200-c-rev-g-pdf-2\/\" class=\"btn btn-danger wpdmloginmodal-trigger btn-sm\">download<\/a><\/div><\/div><\/div>\n\n                            <\/td>\n\t\t\t\t\t\t\n                    <\/tr>\n\t\t\t\t\t\t\t            <\/tbody>\n        <\/table>\n\n\t\t<div class='text-center'><ul class='pagination wpdm-pagination pagination-centered text-center'><\/ul><\/div>\n    <\/div>\n<\/div>\n\n","protected":false},"excerpt":{"rendered":"","protected":false},"author":6,"featured_media":0,"parent":0,"menu_order":0,"comment_status":"closed","ping_status":"closed","template":"","meta":{"_seopress_robots_primary_cat":"","_seopress_titles_title":"","_seopress_titles_desc":"","_seopress_robots_index":"","site-sidebar-layout":"default","site-content-layout":"","ast-site-content-layout":"default","site-content-style":"default","site-sidebar-style":"default","ast-global-header-display":"","ast-banner-title-visibility":"","ast-main-header-display":"","ast-hfb-above-header-display":"","ast-hfb-below-header-display":"","ast-hfb-mobile-header-display":"","site-post-title":"","ast-breadcrumbs-content":"","ast-featured-img":"","footer-sml-layout":"","theme-transparent-header-meta":"","adv-header-id-meta":"","stick-header-meta":"","header-above-stick-meta":"","header-main-stick-meta":"","header-below-stick-meta":"","astra-migrate-meta-layouts":"default","ast-page-background-enabled":"default","ast-page-background-meta":{"desktop":{"background-color":"var(--ast-global-color-4)","background-image":"","background-repeat":"repeat","background-position":"center center","background-size":"auto","background-attachment":"scroll","background-type":"","background-media":"","overlay-type":"","overlay-color":"","overlay-opacity":"","overlay-gradient":""},"tablet":{"background-color":"","background-image":"","background-repeat":"repeat","background-position":"center center","background-size":"auto","background-attachment":"scroll","background-type":"","background-media":"","overlay-type":"","overlay-color":"","overlay-opacity":"","overlay-gradient":""},"mobile":{"background-color":"","background-image":"","background-repeat":"repeat","background-position":"center center","background-size":"auto","background-attachment":"scroll","background-type":"","background-media":"","overlay-type":"","overlay-color":"","overlay-opacity":"","overlay-gradient":""}},"ast-content-background-meta":{"desktop":{"background-color":"var(--ast-global-color-5)","background-image":"","background-repeat":"repeat","background-position":"center center","background-size":"auto","background-attachment":"scroll","background-type":"","background-media":"","overlay-type":"","overlay-color":"","overlay-opacity":"","overlay-gradient":""},"tablet":{"background-color":"var(--ast-global-color-5)","background-image":"","background-repeat":"repeat","background-position":"center center","background-size":"auto","background-attachment":"scroll","background-type":"","background-media":"","overlay-type":"","overlay-color":"","overlay-opacity":"","overlay-gradient":""},"mobile":{"background-color":"var(--ast-global-color-5)","background-image":"","background-repeat":"repeat","background-position":"center center","background-size":"auto","background-attachment":"scroll","background-type":"","background-media":"","overlay-type":"","overlay-color":"","overlay-opacity":"","overlay-gradient":""}},"footnotes":""},"class_list":["post-59819","page","type-page","status-publish"],"_links":{"self":[{"href":"https:\/\/www.upowertek.com\/pl\/wp-json\/wp\/v2\/pages\/59819","targetHints":{"allow":["GET"]}}],"collection":[{"href":"https:\/\/www.upowertek.com\/pl\/wp-json\/wp\/v2\/pages"}],"about":[{"href":"https:\/\/www.upowertek.com\/pl\/wp-json\/wp\/v2\/types\/page"}],"author":[{"embeddable":true,"href":"https:\/\/www.upowertek.com\/pl\/wp-json\/wp\/v2\/users\/6"}],"replies":[{"embeddable":true,"href":"https:\/\/www.upowertek.com\/pl\/wp-json\/wp\/v2\/comments?post=59819"}],"version-history":[{"count":1,"href":"https:\/\/www.upowertek.com\/pl\/wp-json\/wp\/v2\/pages\/59819\/revisions"}],"predecessor-version":[{"id":59820,"href":"https:\/\/www.upowertek.com\/pl\/wp-json\/wp\/v2\/pages\/59819\/revisions\/59820"}],"wp:attachment":[{"href":"https:\/\/www.upowertek.com\/pl\/wp-json\/wp\/v2\/media?parent=59819"}],"curies":[{"name":"wp","href":"https:\/\/api.w.org\/{rel}","templated":true}]}}