{"id":34802,"date":"2022-06-13T16:44:03","date_gmt":"2022-06-13T08:44:03","guid":{"rendered":"https:\/\/www.upowertek.com\/16a-ogranicznik-pradu-rozruchowego\/"},"modified":"2022-12-10T13:29:18","modified_gmt":"2022-12-10T05:29:18","slug":"16a-ogranicznik-pradu-rozruchowego","status":"publish","type":"page","link":"https:\/\/www.upowertek.com\/pl\/16a-ogranicznik-pradu-rozruchowego\/","title":{"rendered":"16A Ogranicznik pr\u0105du rozruchowego"},"content":{"rendered":"\n<div class=\"wp-block-columns is-layout-flex wp-container-core-columns-is-layout-28f84493 wp-block-columns-is-layout-flex\">\n<div class=\"wp-block-column is-layout-flow wp-block-column-is-layout-flow\">\n<h2 class=\"wp-block-heading\">Funkcja produktu<\/h2>\n\n\n\n<ul class=\"wp-block-list\"><li>Ogranicz pr\u0105d rozruchowy do 16A<\/li><li>IP67 wodoodporny<\/li><li>Zintegrowany przeka\u017anik obej\u015bciowy<\/li><li>5 lat gwarancji<\/li><\/ul>\n\n\n\n<div style=\"height:22px\" aria-hidden=\"true\" class=\"wp-block-spacer\"><\/div>\n\n\n\n<h2 class=\"wp-block-heading\">Spos\u00f3b nak\u0142adania produktu<\/h2>\n\n\n\n<p>Obci\u0105\u017cenie pojemno\u015bciowe, wysokie obci\u0105\u017cenie pr\u0105dem rozruchowym<\/p>\n<\/div>\n\n\n\n<div class=\"wp-block-column is-layout-flow wp-block-column-is-layout-flow\">\n<figure class=\"wp-block-image size-large\"><img fetchpriority=\"high\" decoding=\"async\" width=\"1024\" height=\"602\" src=\"https:\/\/www.upowertek.com\/wp-content\/uploads\/2022\/06\/RSH-016A-1024x602.webp\" alt=\"rsh 016a\" class=\"wp-image-13018\" srcset=\"https:\/\/www.upowertek.com\/wp-content\/uploads\/2022\/06\/RSH-016A-1024x602.webp 1024w, https:\/\/www.upowertek.com\/wp-content\/uploads\/2022\/06\/RSH-016A-600x353.webp 600w, https:\/\/www.upowertek.com\/wp-content\/uploads\/2022\/06\/RSH-016A-300x176.webp 300w, https:\/\/www.upowertek.com\/wp-content\/uploads\/2022\/06\/RSH-016A-768x451.webp 768w, https:\/\/www.upowertek.com\/wp-content\/uploads\/2022\/06\/RSH-016A-640x376.webp 640w, https:\/\/www.upowertek.com\/wp-content\/uploads\/2022\/06\/RSH-016A-400x235.webp 400w, https:\/\/www.upowertek.com\/wp-content\/uploads\/2022\/06\/RSH-016A-367x216.webp 367w, https:\/\/www.upowertek.com\/wp-content\/uploads\/2022\/06\/RSH-016A.webp 1094w\" sizes=\"(max-width: 1024px) 100vw, 1024px\" \/><\/figure>\n<\/div>\n<\/div>\n\n<h2 class=\"wp-block-heading\">Dane techniczne<\/h2>\n\n<figure class=\"wp-block-table\"><table><tbody><tr><td>Wej\u015bcie<\/td><td>100~264Vac 50\/60Hz, 16Amaks<\/td><\/tr><tr><td>Maks. pr\u0105d rozruchowy<\/td><td>25,0 A przy 240 V AC<\/td><\/tr><tr><td>Maks. Pr\u0105d roboczy<\/td><td>16,0A<\/td><\/tr><tr><td>Wymiary<\/td><td>66&#215;68,0x38,5 na mm (korpus), 93,0&#215;68,0x38,5 na mm (za\u015blepki w zestawie)<\/td><\/tr><tr><td>Przew\u00f3d \u0142\u0105cz\u0105cy<\/td><td>H07RN-F 3*2,5 mm2, L=br\u0105zowy; N=niebieski; PE=\u017c\u00f3\u0142ty\/zielony)<\/td><\/tr><tr><td>\u015arodowisko pracy<\/td><td>Temperatura\uff1a\uff0d40\u2103\uff5e\uff0b85\u2103\uff1bWilgotno\u015b\u0107 wzgl\u0119dna\uff1a\u226495%<\/td><\/tr><tr><td>Stopie\u0144 ochrony skorupy<\/td><td>IP67<\/td><\/tr><tr><td>Waga<\/td><td>0,33 kg<\/td><\/tr><\/tbody><\/table><\/figure>\n\n<div style=\"height:22px\" aria-hidden=\"true\" class=\"wp-block-spacer\"><\/div>\n\n<h2 class=\"wp-block-heading\">Zdj\u0119cie produktu<\/h2>\n\n<figure class=\"wp-block-gallery has-nested-images columns-default is-cropped wp-block-gallery-1 is-layout-flex wp-block-gallery-is-layout-flex\">\n<figure class=\"wp-block-image size-large\"><img decoding=\"async\" width=\"912\" height=\"684\" data-id=\"13005\" src=\"https:\/\/www.upowertek.com\/wp-content\/uploads\/2022\/06\/RSH-016A-3.webp\" alt=\"rsh 016a 3\" class=\"wp-image-13005\" srcset=\"https:\/\/www.upowertek.com\/wp-content\/uploads\/2022\/06\/RSH-016A-3.webp 912w, https:\/\/www.upowertek.com\/wp-content\/uploads\/2022\/06\/RSH-016A-3-600x450.webp 600w, https:\/\/www.upowertek.com\/wp-content\/uploads\/2022\/06\/RSH-016A-3-300x225.webp 300w, https:\/\/www.upowertek.com\/wp-content\/uploads\/2022\/06\/RSH-016A-3-768x576.webp 768w, https:\/\/www.upowertek.com\/wp-content\/uploads\/2022\/06\/RSH-016A-3-463x348.webp 463w, https:\/\/www.upowertek.com\/wp-content\/uploads\/2022\/06\/RSH-016A-3-640x480.webp 640w, https:\/\/www.upowertek.com\/wp-content\/uploads\/2022\/06\/RSH-016A-3-400x300.webp 400w, https:\/\/www.upowertek.com\/wp-content\/uploads\/2022\/06\/RSH-016A-3-367x275.webp 367w, https:\/\/www.upowertek.com\/wp-content\/uploads\/2022\/06\/RSH-016A-3-200x150.webp 200w\" sizes=\"(max-width: 912px) 100vw, 912px\" \/><figcaption>Etykieta<\/figcaption><\/figure>\n\n\n\n<figure class=\"wp-block-image size-large\"><img decoding=\"async\" width=\"912\" height=\"684\" data-id=\"13003\" src=\"https:\/\/www.upowertek.com\/wp-content\/uploads\/2022\/06\/RSH-016A-1.webp\" alt=\"rsh 016a 1\" class=\"wp-image-13003\" srcset=\"https:\/\/www.upowertek.com\/wp-content\/uploads\/2022\/06\/RSH-016A-1.webp 912w, https:\/\/www.upowertek.com\/wp-content\/uploads\/2022\/06\/RSH-016A-1-600x450.webp 600w, https:\/\/www.upowertek.com\/wp-content\/uploads\/2022\/06\/RSH-016A-1-300x225.webp 300w, https:\/\/www.upowertek.com\/wp-content\/uploads\/2022\/06\/RSH-016A-1-768x576.webp 768w, https:\/\/www.upowertek.com\/wp-content\/uploads\/2022\/06\/RSH-016A-1-463x348.webp 463w, https:\/\/www.upowertek.com\/wp-content\/uploads\/2022\/06\/RSH-016A-1-640x480.webp 640w, https:\/\/www.upowertek.com\/wp-content\/uploads\/2022\/06\/RSH-016A-1-400x300.webp 400w, https:\/\/www.upowertek.com\/wp-content\/uploads\/2022\/06\/RSH-016A-1-367x275.webp 367w, https:\/\/www.upowertek.com\/wp-content\/uploads\/2022\/06\/RSH-016A-1-200x150.webp 200w\" sizes=\"(max-width: 912px) 100vw, 912px\" \/><figcaption>Wyj\u015bcie<\/figcaption><\/figure>\n\n\n\n<figure class=\"wp-block-image size-large\"><img loading=\"lazy\" decoding=\"async\" width=\"912\" height=\"684\" data-id=\"13004\" src=\"https:\/\/www.upowertek.com\/wp-content\/uploads\/2022\/06\/RSH-016A-2.webp\" alt=\"rsh 016a 2\" class=\"wp-image-13004\" srcset=\"https:\/\/www.upowertek.com\/wp-content\/uploads\/2022\/06\/RSH-016A-2.webp 912w, https:\/\/www.upowertek.com\/wp-content\/uploads\/2022\/06\/RSH-016A-2-600x450.webp 600w, https:\/\/www.upowertek.com\/wp-content\/uploads\/2022\/06\/RSH-016A-2-300x225.webp 300w, https:\/\/www.upowertek.com\/wp-content\/uploads\/2022\/06\/RSH-016A-2-768x576.webp 768w, https:\/\/www.upowertek.com\/wp-content\/uploads\/2022\/06\/RSH-016A-2-463x348.webp 463w, https:\/\/www.upowertek.com\/wp-content\/uploads\/2022\/06\/RSH-016A-2-640x480.webp 640w, https:\/\/www.upowertek.com\/wp-content\/uploads\/2022\/06\/RSH-016A-2-400x300.webp 400w, https:\/\/www.upowertek.com\/wp-content\/uploads\/2022\/06\/RSH-016A-2-367x275.webp 367w, https:\/\/www.upowertek.com\/wp-content\/uploads\/2022\/06\/RSH-016A-2-200x150.webp 200w\" sizes=\"(max-width: 912px) 100vw, 912px\" \/><figcaption>Wej\u015bcie<\/figcaption><\/figure>\n<\/figure>\n\n<div style=\"height:29px\" aria-hidden=\"true\" class=\"wp-block-spacer\"><\/div>\n\n<h2 class=\"wp-block-heading\">Schemat po\u0142\u0105cze\u0144<\/h2>\n\n<figure class=\"wp-block-image aligncenter size-full\"><img loading=\"lazy\" decoding=\"async\" width=\"534\" height=\"221\" src=\"https:\/\/www.upowertek.com\/wp-content\/uploads\/2022\/06\/RSH-06A-wiring.png\" alt=\"okablowanie rsh 06a\" class=\"wp-image-13013\" srcset=\"https:\/\/www.upowertek.com\/wp-content\/uploads\/2022\/06\/RSH-06A-wiring.png 534w, https:\/\/www.upowertek.com\/wp-content\/uploads\/2022\/06\/RSH-06A-wiring-300x124.png 300w, https:\/\/www.upowertek.com\/wp-content\/uploads\/2022\/06\/RSH-06A-wiring-400x166.png 400w, https:\/\/www.upowertek.com\/wp-content\/uploads\/2022\/06\/RSH-06A-wiring-367x152.png 367w\" sizes=\"(max-width: 534px) 100vw, 534px\" \/><figcaption>Okablowanie ogranicznika pr\u0105du rozruchowego<\/figcaption><\/figure>\n\n<h2 class=\"wp-block-heading\">Projekt mechaniczny<\/h2>\n\n<figure class=\"wp-block-image aligncenter size-large\"><img decoding=\"async\" src=\"https:\/\/www.upowertek.com\/wp-content\/uploads\/2022\/06\/RSH-016A-S&#xFF0C;mechanical-drawing-1024x617.webp\" alt=\"rsh 016a s, rysunek mechaniczny\" class=\"wp-image-13014\"\/><figcaption>Rysunek mechaniczny ogranicznika pr\u0105du rozruchowego RSH-016A<\/figcaption><\/figure>\n\n<div style=\"height:38px\" aria-hidden=\"true\" class=\"wp-block-spacer\"><\/div>\n\n<h2 class=\"wp-block-heading\">Jak sprawdzi\u0107 pr\u0105d rozruchowy?<\/h2>\n\n<p>Zwykle sterownik LED ma najwi\u0119kszy pr\u0105d rozruchowy, gdy zaczyna si\u0119 przy 90 stopniach lub 270 stopniach, dlatego musimy monitorowa\u0107 pr\u0105d rozruchowy w tych dw\u00f3ch punktach. Ale trudno upewni\u0107 si\u0119, \u017ce w\u0142\u0105cza si\u0119 dok\u0142adnie przy 90 lub 270 stopniach. <\/p>\n\n<figure class=\"wp-block-image size-full\"><img loading=\"lazy\" decoding=\"async\" width=\"650\" height=\"404\" src=\"https:\/\/www.upowertek.com\/wp-content\/uploads\/2022\/06\/Phase-shift.png\" alt=\"przesuni&#x119;cie fazowe\" class=\"wp-image-13167\" srcset=\"https:\/\/www.upowertek.com\/wp-content\/uploads\/2022\/06\/Phase-shift.png 650w, https:\/\/www.upowertek.com\/wp-content\/uploads\/2022\/06\/Phase-shift-600x373.png 600w, https:\/\/www.upowertek.com\/wp-content\/uploads\/2022\/06\/Phase-shift-300x186.png 300w, https:\/\/www.upowertek.com\/wp-content\/uploads\/2022\/06\/Phase-shift-640x398.png 640w, https:\/\/www.upowertek.com\/wp-content\/uploads\/2022\/06\/Phase-shift-400x249.png 400w, https:\/\/www.upowertek.com\/wp-content\/uploads\/2022\/06\/Phase-shift-367x228.png 367w\" sizes=\"(max-width: 650px) 100vw, 650px\" \/><\/figure>\n\n<p>Mo\u017cemy zbudowa\u0107 urz\u0105dzenie gwarantuj\u0105ce, \u017ce sterownik w\u0142\u0105czy si\u0119 przy pe\u0142nym napi\u0119ciu, czyli b\u0119dzie mia\u0142 max. pr\u0105d rozruchowy, wtedy mo\u017cemy uchwyci\u0107 pr\u0105d rozruchowy za pomoc\u0105 oscyloskopu. Og\u00f3lna idea polega na tym, \u017ce \u0142\u0105czymy r\u00f3wnolegle wiele kondensator\u00f3w. skontaktuj si\u0119 z dzia\u0142em sprzeda\u017cy uPowerTek, je\u015bli chcesz pozna\u0107 warto\u015b\u0107 kondensatora.<\/p>\n\n<figure class=\"wp-block-image size-full\"><img loading=\"lazy\" decoding=\"async\" width=\"853\" height=\"640\" src=\"https:\/\/www.upowertek.com\/wp-content\/uploads\/2022\/06\/inrush-current-testing-tool.webp\" alt=\"narz&#x119;dzie do testowania pr&#x105;du rozruchowego\" class=\"wp-image-13168\" srcset=\"https:\/\/www.upowertek.com\/wp-content\/uploads\/2022\/06\/inrush-current-testing-tool.webp 853w, https:\/\/www.upowertek.com\/wp-content\/uploads\/2022\/06\/inrush-current-testing-tool-600x450.webp 600w, https:\/\/www.upowertek.com\/wp-content\/uploads\/2022\/06\/inrush-current-testing-tool-300x225.webp 300w, https:\/\/www.upowertek.com\/wp-content\/uploads\/2022\/06\/inrush-current-testing-tool-768x576.webp 768w, https:\/\/www.upowertek.com\/wp-content\/uploads\/2022\/06\/inrush-current-testing-tool-463x348.webp 463w, https:\/\/www.upowertek.com\/wp-content\/uploads\/2022\/06\/inrush-current-testing-tool-640x480.webp 640w, https:\/\/www.upowertek.com\/wp-content\/uploads\/2022\/06\/inrush-current-testing-tool-400x300.webp 400w, https:\/\/www.upowertek.com\/wp-content\/uploads\/2022\/06\/inrush-current-testing-tool-367x275.webp 367w, https:\/\/www.upowertek.com\/wp-content\/uploads\/2022\/06\/inrush-current-testing-tool-200x150.webp 200w\" sizes=\"(max-width: 853px) 100vw, 853px\" \/><\/figure>\n\n<p>Aby rozpocz\u0105\u0107 test, musimy umie\u015bci\u0107 MCB mi\u0119dzy sterownikiem a urz\u0105dzeniem. Najpierw na\u0142aduj urz\u0105dzenie, a nast\u0119pnie w\u0142\u0105cz MCB i mo\u017cesz uzyska\u0107 idealny przebieg pr\u0105du rozruchowego, taki jak ten.<\/p>\n\n<figure class=\"wp-block-image size-full\"><img loading=\"lazy\" decoding=\"async\" width=\"901\" height=\"518\" src=\"https:\/\/www.upowertek.com\/wp-content\/uploads\/2022\/06\/inrush.webp\" alt=\"nap&#xF3;r\" class=\"wp-image-13173\" srcset=\"https:\/\/www.upowertek.com\/wp-content\/uploads\/2022\/06\/inrush.webp 901w, https:\/\/www.upowertek.com\/wp-content\/uploads\/2022\/06\/inrush-600x345.webp 600w, https:\/\/www.upowertek.com\/wp-content\/uploads\/2022\/06\/inrush-300x172.webp 300w, https:\/\/www.upowertek.com\/wp-content\/uploads\/2022\/06\/inrush-768x442.webp 768w, https:\/\/www.upowertek.com\/wp-content\/uploads\/2022\/06\/inrush-640x368.webp 640w, https:\/\/www.upowertek.com\/wp-content\/uploads\/2022\/06\/inrush-400x230.webp 400w, https:\/\/www.upowertek.com\/wp-content\/uploads\/2022\/06\/inrush-367x211.webp 367w\" sizes=\"(max-width: 901px) 100vw, 901px\" \/><\/figure>\n\n<h2 class=\"wp-block-heading\">B\u0142\u0119dy dotycz\u0105ce przebiegu pr\u0105du rozruchowego<\/h2>\n\n<p>Niekt\u00f3rzy ludzie maj\u0105 taki kszta\u0142t fali. W\u0142a\u015bciwie to nie jest przebieg pr\u0105du rozruchowego. Po w\u0142\u0105czeniu sterownika najpierw \u0142aduje kondensator x, jest to bardzo szybkie i trwa tylko kilka mikrosekund.<\/p>\n\n<figure class=\"wp-block-image size-large\"><img loading=\"lazy\" decoding=\"async\" width=\"1024\" height=\"608\" src=\"https:\/\/www.upowertek.com\/wp-content\/uploads\/2022\/06\/incorrect-inrush-current-waveform-1024x608.png\" alt=\"nieprawid&#x142;owy przebieg pr&#x105;du rozruchowego\" class=\"wp-image-13172\" srcset=\"https:\/\/www.upowertek.com\/wp-content\/uploads\/2022\/06\/incorrect-inrush-current-waveform-1024x608.png 1024w, https:\/\/www.upowertek.com\/wp-content\/uploads\/2022\/06\/incorrect-inrush-current-waveform-600x356.png 600w, https:\/\/www.upowertek.com\/wp-content\/uploads\/2022\/06\/incorrect-inrush-current-waveform-300x178.png 300w, https:\/\/www.upowertek.com\/wp-content\/uploads\/2022\/06\/incorrect-inrush-current-waveform-768x456.png 768w, https:\/\/www.upowertek.com\/wp-content\/uploads\/2022\/06\/incorrect-inrush-current-waveform-640x380.png 640w, https:\/\/www.upowertek.com\/wp-content\/uploads\/2022\/06\/incorrect-inrush-current-waveform-400x237.png 400w, https:\/\/www.upowertek.com\/wp-content\/uploads\/2022\/06\/incorrect-inrush-current-waveform-367x218.png 367w, https:\/\/www.upowertek.com\/wp-content\/uploads\/2022\/06\/incorrect-inrush-current-waveform.png 1070w\" sizes=\"(max-width: 1024px) 100vw, 1024px\" \/><figcaption>nieprawid\u0142owy przebieg pr\u0105du rozruchowego<\/figcaption><\/figure>\n\n<div style=\"height:42px\" aria-hidden=\"true\" class=\"wp-block-spacer\"><\/div>\n\n<div class=\"wp-block-columns is-layout-flex wp-container-core-columns-is-layout-28f84493 wp-block-columns-is-layout-flex\">\n<div class=\"wp-block-column is-layout-flow wp-block-column-is-layout-flow\">\n<h2 class=\"wp-block-heading\">Ile zasilaczy lub ogranicznik\u00f3w pr\u0105du rozruchowego mo\u017cna pod\u0142\u0105czy\u0107 za MCB?<\/h2>\n\n\n\n<p>Mamy ten artyku\u0142, aby wszystko wyja\u015bni\u0107, przeczytaj teraz.<\/p>\n\n\n\n<figure class=\"wp-block-embed is-type-wp-embed is-provider-upowertek wp-block-embed-upowertek\"><div class=\"wp-block-embed__wrapper\">\n<blockquote class=\"wp-embedded-content\" data-secret=\"rWgZsNvgKI\"><a href=\"https:\/\/www.upowertek.com\/how-to-calculate-the-number-of-led-drivers-that-can-be-connected-to-an-mcb\/\">LED Driver Inrush Current and MCB Quantity<\/a><\/blockquote><iframe class=\"wp-embedded-content\" sandbox=\"allow-scripts\" security=\"restricted\" style=\"position: absolute; clip: rect(1px, 1px, 1px, 1px);\" title=\"&#8222;LED Driver Inrush Current and MCB Quantity&#8221; &#8212; uPowerTek\" src=\"https:\/\/www.upowertek.com\/how-to-calculate-the-number-of-led-drivers-that-can-be-connected-to-an-mcb\/embed\/#?secret=5BDUp3tc1x#?secret=rWgZsNvgKI\" data-secret=\"rWgZsNvgKI\" width=\"500\" height=\"282\" frameborder=\"0\" marginwidth=\"0\" marginheight=\"0\" scrolling=\"no\"><\/iframe>\n<\/div><\/figure>\n\n\n\n<div style=\"height:24px\" aria-hidden=\"true\" class=\"wp-block-spacer\"><\/div>\n\n\n\n<div class=\"wp-block-buttons alignwide is-horizontal is-content-justification-center is-layout-flex wp-container-core-buttons-is-layout-03627597 wp-block-buttons-is-layout-flex\">\n<div class=\"wp-block-button\"><a class=\"wp-block-button__link has-light-color has-primary-background-color has-text-color has-background\" style=\"border-radius:5px\">Potrzebuj\u0119 pr\u00f3bki &#8212;&gt;&gt;&gt;&gt;<\/a><\/div>\n<\/div>\n\n\n\n<p>Daj nam zna\u0107 wi\u0119cej o swoich wymaganiach, wype\u0142niaj\u0105c formularz po lewej stronie.<\/p>\n<\/div>\n\n\n\n<div class=\"wp-block-column is-layout-flow wp-block-column-is-layout-flow\">\n<h2 class=\"wp-block-heading\">Ile zasilaczy mo\u017cna pod\u0142\u0105czy\u0107 za RSH-016A?<\/h2>\n\n\n\n<p>maks. pr\u0105d roboczy tego produktu wynosi 16A, wi\u0119c ca\u0142kowity pr\u0105d wej\u015bciowy zasilaczy powinien by\u0107 mniejszy ni\u017c 16A. Na przyk\u0142ad pr\u0105d wej\u015bciowy sterownika LED 150 W wynosi oko\u0142o 0,75 A przy 220 V pr\u0105du przemiennego, a nast\u0119pnie mo\u017cna pod\u0142\u0105czy\u0107 16 A\/0,75 A = 21 sztuk sterownika LED 150 W. Lepiej mie\u0107 jaki\u015b margines, pomn\u00f3\u017cmy 0,9 i otrzymamy 18szt.<\/p>\n\n\n\n<h3 class=\"wp-block-heading\">Nadal masz pytania?<\/h3>\n\n\n\n<div class=\"wp-block-contact-form-7-contact-form-selector\">\n<div class=\"wpcf7 no-js\" id=\"wpcf7-f11097-o1\" lang=\"en-US\" dir=\"ltr\" data-wpcf7-id=\"11097\">\n<div class=\"screen-reader-response\"><p role=\"status\" aria-live=\"polite\" aria-atomic=\"true\"><\/p> <ul><\/ul><\/div>\n<form action=\"\/pl\/wp-json\/wp\/v2\/pages\/34802#wpcf7-f11097-o1\" method=\"post\" class=\"wpcf7-form init\" aria-label=\"Contact form\" novalidate=\"novalidate\" data-status=\"init\">\n<fieldset class=\"hidden-fields-container\"><input type=\"hidden\" name=\"_wpcf7\" value=\"11097\" \/><input type=\"hidden\" name=\"_wpcf7_version\" value=\"6.1.5\" \/><input type=\"hidden\" name=\"_wpcf7_locale\" value=\"en_US\" \/><input type=\"hidden\" name=\"_wpcf7_unit_tag\" value=\"wpcf7-f11097-o1\" \/><input type=\"hidden\" name=\"_wpcf7_container_post\" value=\"0\" \/><input type=\"hidden\" name=\"_wpcf7_posted_data_hash\" value=\"\" \/><input type=\"hidden\" name=\"_wpcf7dtx_version\" value=\"5.0.5\" \/>\n<\/fieldset>\n<p><label> Your name<br \/>\n<span class=\"wpcf7-form-control-wrap\" data-name=\"your-name\"><input size=\"40\" maxlength=\"400\" class=\"wpcf7-form-control wpcf7-text wpcf7-validates-as-required\" aria-required=\"true\" aria-invalid=\"false\" value=\"\" type=\"text\" name=\"your-name\" \/><\/span> <\/label><br \/>\n<label> Your email<br \/>\n<span class=\"wpcf7-form-control-wrap\" data-name=\"your-email\"><input size=\"40\" maxlength=\"400\" class=\"wpcf7-form-control wpcf7-email wpcf7-validates-as-required wpcf7-text wpcf7-validates-as-email\" aria-required=\"true\" aria-invalid=\"false\" value=\"\" type=\"email\" name=\"your-email\" \/><\/span> <\/label><br \/>\n<label> How can we help you?<br \/>\n<span class=\"wpcf7-form-control-wrap\" data-name=\"your-message\"><textarea cols=\"40\" rows=\"10\" maxlength=\"2000\" class=\"wpcf7-form-control wpcf7-textarea\" aria-invalid=\"false\" name=\"your-message\"><\/textarea><\/span> <\/label>\n<\/p>\n<p><input class=\"wpcf7-form-control wpcf7-submit has-spinner\" type=\"submit\" value=\"Enquiry Now\" \/>\n<\/p>\n<p>*We respect your confidentiality and all information is protected\n<\/p>\n<span class=\"wpcf7-form-control-wrap chapter\" data-name=\"chapter\"><input type=\"hidden\" name=\"chapter\" class=\"wpcf7-form-control wpcf7-hidden wpcf7dtx wpcf7dtx-hidden\" aria-invalid=\"false\" value=\"16A Ogranicznik pr\u0105du rozruchowego\"><\/span>\n<span class=\"wpcf7-form-control-wrap dynamicurl\" data-name=\"dynamicurl\"><input type=\"hidden\" name=\"dynamicurl\" id=\"post-url\" class=\"wpcf7-form-control wpcf7-hidden wpcf7dtx wpcf7dtx-hidden\" aria-invalid=\"false\" value=\"https:\/\/www.upowertek.com\/pl\/wp-json\/wp\/v2\/pages\/34802\"><\/span><p style=\"display: none !important;\" class=\"akismet-fields-container\" data-prefix=\"_wpcf7_ak_\"><label>&#916;<textarea name=\"_wpcf7_ak_hp_textarea\" cols=\"45\" rows=\"8\" maxlength=\"100\"><\/textarea><\/label><input type=\"hidden\" id=\"ak_js_1\" name=\"_wpcf7_ak_js\" value=\"48\"\/><script>\ndocument.getElementById( \"ak_js_1\" ).setAttribute( \"value\", ( new Date() ).getTime() );\n<\/script>\n<\/p><div class=\"wpcf7-response-output\" aria-hidden=\"true\"><\/div>\n<\/form>\n<\/div>\n<\/div>\n<\/div>\n<\/div>\n\n<p><\/p>\n","protected":false},"excerpt":{"rendered":"<p>Funkcja produktu Ogranicz pr\u0105d rozruchowy do 16A IP67 wodoodporny Zintegrowany przeka\u017anik obej\u015bciowy 5 lat gwarancji Spos\u00f3b nak\u0142adania produktu Obci\u0105\u017cenie pojemno\u015bciowe, wysokie obci\u0105\u017cenie pr\u0105dem rozruchowym Dane techniczne Wej\u015bcie 100~264Vac 50\/60Hz, 16Amaks Maks. pr\u0105d rozruchowy 25,0 A przy 240 V AC Maks. Pr\u0105d roboczy 16,0A Wymiary 66&#215;68,0&#215;38,5 na mm (korpus), 93,0&#215;68,0&#215;38,5 na mm (za\u015blepki w zestawie) Przew\u00f3d [&hellip;]<\/p>\n","protected":false},"author":1,"featured_media":0,"parent":0,"menu_order":0,"comment_status":"closed","ping_status":"closed","template":"","meta":{"_seopress_robots_primary_cat":"","_seopress_titles_title":"","_seopress_titles_desc":"","_seopress_robots_index":"","site-sidebar-layout":"default","site-content-layout":"","ast-site-content-layout":"default","site-content-style":"default","site-sidebar-style":"default","ast-global-header-display":"","ast-banner-title-visibility":"","ast-main-header-display":"","ast-hfb-above-header-display":"","ast-hfb-below-header-display":"","ast-hfb-mobile-header-display":"","site-post-title":"","ast-breadcrumbs-content":"","ast-featured-img":"","footer-sml-layout":"","ast-disable-related-posts":"","theme-transparent-header-meta":"","adv-header-id-meta":"","stick-header-meta":"","header-above-stick-meta":"","header-main-stick-meta":"","header-below-stick-meta":"","astra-migrate-meta-layouts":"default","ast-page-background-enabled":"default","ast-page-background-meta":{"desktop":{"background-color":"var(--ast-global-color-4)","background-image":"","background-repeat":"repeat","background-position":"center center","background-size":"auto","background-attachment":"scroll","background-type":"","background-media":"","overlay-type":"","overlay-color":"","overlay-opacity":"","overlay-gradient":""},"tablet":{"background-color":"","background-image":"","background-repeat":"repeat","background-position":"center center","background-size":"auto","background-attachment":"scroll","background-type":"","background-media":"","overlay-type":"","overlay-color":"","overlay-opacity":"","overlay-gradient":""},"mobile":{"background-color":"","background-image":"","background-repeat":"repeat","background-position":"center center","background-size":"auto","background-attachment":"scroll","background-type":"","background-media":"","overlay-type":"","overlay-color":"","overlay-opacity":"","overlay-gradient":""}},"ast-content-background-meta":{"desktop":{"background-color":"var(--ast-global-color-5)","background-image":"","background-repeat":"repeat","background-position":"center center","background-size":"auto","background-attachment":"scroll","background-type":"","background-media":"","overlay-type":"","overlay-color":"","overlay-opacity":"","overlay-gradient":""},"tablet":{"background-color":"var(--ast-global-color-5)","background-image":"","background-repeat":"repeat","background-position":"center center","background-size":"auto","background-attachment":"scroll","background-type":"","background-media":"","overlay-type":"","overlay-color":"","overlay-opacity":"","overlay-gradient":""},"mobile":{"background-color":"var(--ast-global-color-5)","background-image":"","background-repeat":"repeat","background-position":"center center","background-size":"auto","background-attachment":"scroll","background-type":"","background-media":"","overlay-type":"","overlay-color":"","overlay-opacity":"","overlay-gradient":""}},"footnotes":""},"class_list":["post-34802","page","type-page","status-publish"],"_links":{"self":[{"href":"https:\/\/www.upowertek.com\/pl\/wp-json\/wp\/v2\/pages\/34802","targetHints":{"allow":["GET"]}}],"collection":[{"href":"https:\/\/www.upowertek.com\/pl\/wp-json\/wp\/v2\/pages"}],"about":[{"href":"https:\/\/www.upowertek.com\/pl\/wp-json\/wp\/v2\/types\/page"}],"author":[{"embeddable":true,"href":"https:\/\/www.upowertek.com\/pl\/wp-json\/wp\/v2\/users\/1"}],"replies":[{"embeddable":true,"href":"https:\/\/www.upowertek.com\/pl\/wp-json\/wp\/v2\/comments?post=34802"}],"version-history":[{"count":1,"href":"https:\/\/www.upowertek.com\/pl\/wp-json\/wp\/v2\/pages\/34802\/revisions"}],"predecessor-version":[{"id":34839,"href":"https:\/\/www.upowertek.com\/pl\/wp-json\/wp\/v2\/pages\/34802\/revisions\/34839"}],"wp:attachment":[{"href":"https:\/\/www.upowertek.com\/pl\/wp-json\/wp\/v2\/media?parent=34802"}],"curies":[{"name":"wp","href":"https:\/\/api.w.org\/{rel}","templated":true}]}}