{"id":59799,"date":"2025-02-14T17:10:18","date_gmt":"2025-02-14T09:10:18","guid":{"rendered":"https:\/\/www.upowertek.com\/blk\/"},"modified":"2025-03-06T10:46:26","modified_gmt":"2025-03-06T02:46:26","slug":"blk","status":"publish","type":"page","link":"https:\/\/www.upowertek.com\/fr\/blk\/","title":{"rendered":"BLK"},"content":{"rendered":"\n<div class=\"wp-block-columns is-layout-flex wp-container-core-columns-is-layout-28f84493 wp-block-columns-is-layout-flex\">\n<div class=\"wp-block-column is-layout-flow wp-block-column-is-layout-flow\">\n<figure class=\"wp-block-image size-full\"><img fetchpriority=\"high\" decoding=\"async\" width=\"800\" height=\"577\" src=\"https:\/\/www.upowertek.com\/wp-content\/uploads\/2025\/02\/BLKx1500-2000W.png\" alt=\"blkx1500 2000w\" class=\"wp-image-59452\" style=\"aspect-ratio:4\/3;object-fit:cover\" srcset=\"https:\/\/www.upowertek.com\/wp-content\/uploads\/2025\/02\/BLKx1500-2000W.png 800w, https:\/\/www.upowertek.com\/wp-content\/uploads\/2025\/02\/BLKx1500-2000W-300x216.png 300w, https:\/\/www.upowertek.com\/wp-content\/uploads\/2025\/02\/BLKx1500-2000W-768x554.png 768w, https:\/\/www.upowertek.com\/wp-content\/uploads\/2025\/02\/BLKx1500-2000W-600x433.png 600w\" sizes=\"(max-width: 800px) 100vw, 800px\" \/><\/figure>\n<\/div>\n\n\n\n<div class=\"wp-block-column is-layout-flow wp-block-column-is-layout-flow\">\n<ul class=\"wp-block-list\">\n<li>Tension d&rsquo;alimentation\u00a0: 90 ~ 305\u00a0Vac, 380\u00a0Vac pendant 2\u00a0heures<\/li>\n\n\n\n<li>95\u00a0% d&rsquo;efficacit\u00e9 max. <\/li>\n\n\n\n<li>Conception non isol\u00e9e<\/li>\n\n\n\n<li>C\u00e2ble de sortie avec fil de terre (facultatif)<\/li>\n\n\n\n<li>Faible courant d&rsquo;appel<\/li>\n\n\n\n<li>100 000 heures de vie @ Tc = 75 \u2103 <\/li>\n\n\n\n<li>Garantie de 5 ans @ Tc&lt;=75\u2103 <\/li>\n\n\n\n<li>Programmabilit\u00e9 Airset <sup>\u2122<\/sup> NFC<\/li>\n\n\n\n<li>+\/-2\u00a0% de pr\u00e9cision du courant de sortie<\/li>\n\n\n\n<li>Isol\u00e9 0-10V\/PWM\/Temps\/DALI2.0 Dimmable<\/li>\n\n\n\n<li>Dim Off sans lueur<\/li>\n\n\n\n<li>Alimentation en veille de 0,5 W (220 V CA)<\/li>\n\n\n\n<li>Alimentation auxiliaire 12 V 300 mA pour alimenter les contr\u00f4leurs et les ventilateurs <\/li>\n\n\n\n<li>Classe UL P<\/li>\n\n\n\n<li>S\u00e9curit\u00e9 selon UL8750, EN 61347-1, 61347-2-13, 62384<\/li>\n<\/ul>\n<\/div>\n<\/div>\n\n<a name=\"datasheet\"><\/a>\n    <script src=\"https:\/\/www.upowertek.com\/wp-content\/plugins\/download-manager\/assets\/js\/jquery.dataTables.min.js\"><\/script>\n    <script src=\"https:\/\/www.upowertek.com\/wp-content\/plugins\/download-manager\/assets\/js\/dataTables.bootstrap4.min.js\"><\/script>\n    <link href=\"https:\/\/www.upowertek.com\/wp-content\/plugins\/download-manager\/assets\/css\/jquery.dataTables.min.css\" rel=\"stylesheet\"\/>\n\n    <script>\n        jQuery(function ($) {\n\n            var __dt = $('#wpdmmydls-0284a85ca6fec92c390206b3e0258af2').dataTable({\n                \"dom\": '<\"wpdmdt-toolbar\"lfrB>t<\"wpdmdt-toolbarb\"ip>',\n                responsive: true,\n                \"autoWidth\" : false,\n                \"order\": [[ 0, \"asc\"]],\n                \"language\": {\n                    \"lengthMenu\": \"Afficher _MENU_ t\u00e9l\u00e9chargements par page\",\n                    \"zeroRecords\": \"Aucun paquet trouv\u00e9\",\n                    \"info\": \"Affichage des t\u00e9l\u00e9chargements _START_ \u00e0 _END_ sur _TOTAL_ t\u00e9l\u00e9chargements\",\n                    \"infoEmpty\": \"Aucun t\u00e9l\u00e9chargement disponible\",\n                    \"infoFiltered\": \"(filtr\u00e9s sur un total de _MAX_ t\u00e9l\u00e9chargements)\",\n                    \"emptyTable\": \"Aucune donn\u00e9e disponible\",\n                    \"infoPostFix\": \"\",\n                    \"thousands\": \",\",\n                    \"loadingRecords\": \"Chargement en cours\u2026\",\n                    \"processing\": \"En cours de traitement\u2026\",\n                    \"search\": \"Rechercher\u00a0:\",\n                    \"paginate\": {\n                        \"first\": \"Premier\",\n                        \"last\": \"Dernier\",\n                        \"next\": \"Suivant\",\n                        \"previous\": \"Pr\u00e9c\u00e9dent\"\n                    },\n                    \"aria\": {\n                        \"sortAscending\": \" : activer pour trier la colonne par ordre croissant\",\n                        \"sortDescending\": \": activer pour trier la colonne par ordre d\u00e9croissant\"\n                    }\n                },\n                \"iDisplayLength\": 20,\n                \"aLengthMenu\": [[20, 10, 25, 50, -1], [20, 10, 25, 50, \"Tout\"]]\n            });\n\n\t\t\t        });\n    <\/script>\n<style>\n    .wpdmdt-toolbar {\n        padding: 10px;\n    }\n\n    .wpdmdt-toolbarb {\n        padding: 5px 10px 10px;\n    }\n\n    .wpdmdt-toolbar > div {\n        display: inline-block;\n    }\n\n    table, td, th {\n        border: 0;\n    }\n\n    #wpdm-all-packages .card {\n        overflow: hidden;\n    }\n\n    .dataTables_wrapper .table {\n        margin: 0;\n    }\n\n    #wpdmmydls-0284a85ca6fec92c390206b3e0258af2 {\n        border-bottom: 1px solid #dddddd;\n        border-top: 1px solid #dddddd;\n        font-size: 10pt;\n        min-width: 100%;\n    }\n\n    #wpdmmydls-0284a85ca6fec92c390206b3e0258af2 .wpdm-download-link img {\n        box-shadow: none !important;\n        max-width: 100%;\n    }\n\n    .w3eden .pagination {\n        margin: 0 !important;\n    }\n\n    #wpdmmydls-0284a85ca6fec92c390206b3e0258af2 td:not(:first-child) {\n        vertical-align: middle !important;\n    }\n\n    #wpdmmydls-0284a85ca6fec92c390206b3e0258af2 td.__dt_col_download_link .btn {\n        display: block;\n        width: 100%;\n    }\n\n    #wpdmmydls-0284a85ca6fec92c390206b3e0258af2 td.__dt_col_download_link,\n    #wpdmmydls-0284a85ca6fec92c390206b3e0258af2 th#download_link {\n        max-width: 155px !important;\n        width: 155px;\n\n    }\n\n    #wpdmmydls-0284a85ca6fec92c390206b3e0258af2 th {\n        background-color: rgba(0, 0, 0, 0.04);\n        border-bottom: 1px solid rgba(0, 0, 0, 0.025);\n    }\n\n    #wpdmmydls-0284a85ca6fec92c390206b3e0258af2_length label,\n    #wpdmmydls-0284a85ca6fec92c390206b3e0258af2_filter label {\n        font-weight: 400;\n    }\n\n    #wpdmmydls-0284a85ca6fec92c390206b3e0258af2_filter input[type=search] {\n        display: inline-block;\n        width: 200px;\n        font-size: 12px;\n    }\n\n    #wpdmmydls-0284a85ca6fec92c390206b3e0258af2_length select {\n        display: inline-block;\n        width: 60px;\n        font-size: 11px;\n    }\n\n    #wpdmmydls-0284a85ca6fec92c390206b3e0258af2 .package-title {\n        color: #36597C;\n        font-size: 11pt;\n        font-weight: 700;\n    }\n\n    #wpdmmydls-0284a85ca6fec92c390206b3e0258af2 .small-txt {\n        margin-right: 7px;\n    }\n\n    #wpdmmydls-0284a85ca6fec92c390206b3e0258af2 td.__dt_col_categories {\n        max-width: 300px;\n    }\n\n    #wpdmmydls-0284a85ca6fec92c390206b3e0258af2 .small-txt,\n    #wpdmmydls-0284a85ca6fec92c390206b3e0258af2 small {\n        font-size: 9pt;\n    }\n\n    .w3eden .table-striped tbody tr:nth-of-type(2n+1) {\n        background-color: rgba(0, 0, 0, 0.015);\n    }\n\n    .dataTables_wrapper .dataTables_paginate .paginate_button:active,\n    .dataTables_wrapper .dataTables_paginate .paginate_button:focus,\n    .dataTables_wrapper .dataTables_paginate .paginate_button:hover,\n    .dataTables_wrapper .dataTables_paginate .paginate_button {\n        margin: 0 !important;\n        padding: 0 !important;\n        border: 0 !important;\n        background: transparent !important;\n    }\n\n    .paginate_button.page-item.active a {\n        background: var(--color-primary) !important;\n        color: #fff !important;\n    }\n\n\n    @media (max-width: 799px) {\n        #wpdmmydls-0284a85ca6fec92c390206b3e0258af2 tr {\n            display: block;\n            border: 3px solid rgba(0, 0, 0, 0.3) !important;\n            margin-bottom: 10px !important;\n            position: relative;\n        }\n\n        #wpdmmydls-0284a85ca6fec92c390206b3e0258af2 thead {\n            display: none;\n        }\n\n        #wpdmmydls-0284a85ca6fec92c390206b3e0258af2,\n        #wpdmmydls-0284a85ca6fec92c390206b3e0258af2 td:first-child {\n            border: 0 !important;\n        }\n\n        #wpdmmydls-0284a85ca6fec92c390206b3e0258af2 td {\n            display: block;\n        }\n\n        #wpdmmydls-0284a85ca6fec92c390206b3e0258af2 td.__dt_col_download_link {\n            display: block;\n            max-width: 100% !important;\n            width: auto !important;\n\n        }\n    }\n\n\n<\/style>\n<div class=\"w3eden\">\n    <div id=\"wpdm-all-packages\">\n        <table id=\"wpdmmydls-0284a85ca6fec92c390206b3e0258af2\" class=\"table table-striped wpdm-all-packages-table\">\n            <thead>\n            <tr>\n\t\t\t\t                    <th  id=\"title\"\n                                                                        class=\"\">Titre<\/th>\n\t\t\t\t                    <th  id=\"description\"\n                                                                        class=\"hidden-sm hidden-xs\">Power<\/th>\n\t\t\t\t                    <th  id=\"update_date\"\n                                                                        class=\"hidden-sm hidden-xs\">Date de mise \u00e0 jour<\/th>\n\t\t\t\t                    <th style='width: 155px !important;min-width: 155px !important;max-width: 155px !important;' id=\"download_link\"\n                                                                        class=\"hidden-sm hidden-xs\">T\u00e9l\u00e9charger<\/th>\n\t\t\t\t\n            <\/tr>\n            <\/thead>\n            <tbody>\n\t\t\t\n                    <tr class=\"__dt_row\">\n\t\t\t\t\t\t                            <td                                     class=\"__dt_col_0 __dt_col __dt_col_title\"\n\t\t\t\t\t\t\t\t\tstyle=\"background-image: url('');background-size: 36px;background-position: 5px 8px;background-repeat:  no-repeat;padding-left: 52px;line-height: normal;\">\n\t\t\t\t\t\t\t\t<strong>BLK-400-C Rev H.pdf<\/strong><br\/><span class='__dt_file_count small-txt'><i class=\"far fa-copy\"><\/i> 1 fichier\u00b7s<\/span><span class='__dt_download_count small-txt'><i class=\"far fa-arrow-alt-circle-down\"><\/i> 203 t\u00e9l\u00e9chargements<\/span><div class=\"hidden-md hidden-lg td-mobile\"><\/div>\n\n                            <\/td>\n\t\t\t\t\t\t                            <td                                     class=\"__dt_col_1 __dt_col __dt_col_description\"\n\t\t\t\t\t\t\t\t\t>\n\t\t\t\t\t\t\t\t<p>400W<\/p>\n\n\n                            <\/td>\n\t\t\t\t\t\t                            <td  data-order=\"1736812800\"                                     class=\"__dt_col_2 __dt_col __dt_col_update_date\"\n\t\t\t\t\t\t\t\t\t>\n\t\t\t\t\t\t\t\t<span class='__dt_update_date '>14 janvier 2025<\/span>\n\n                            <\/td>\n\t\t\t\t\t\t                            <td                                     class=\"__dt_col_3 __dt_col __dt_col_download_link\"\n\t\t\t\t\t\t\t\t\t>\n\t\t\t\t\t\t\t\t<a class='wpdm-download-link download-on-click btn btn-danger ' rel='nofollow' href='#' data-pid='57405' data-downloadurl=\"https:\/\/www.upowertek.com\/fr\/download\/blk-400-c-rev-h-pdf\/?wpdmdl=57405&refresh=69f30067703241777533031\" >T\u00e9l\u00e9charger<\/a>\n\n                            <\/td>\n\t\t\t\t\t\t\n                    <\/tr>\n\t\t\t\t\n                    <tr class=\"__dt_row\">\n\t\t\t\t\t\t                            <td                                     class=\"__dt_col_0 __dt_col __dt_col_title\"\n\t\t\t\t\t\t\t\t\tstyle=\"background-image: url('');background-size: 36px;background-position: 5px 8px;background-repeat:  no-repeat;padding-left: 52px;line-height: normal;\">\n\t\t\t\t\t\t\t\t<strong>BLK-500-C Rev I.pdf<\/strong><br\/><span class='__dt_file_count small-txt'><i class=\"far fa-copy\"><\/i> 1 fichier\u00b7s<\/span><span class='__dt_download_count small-txt'><i class=\"far fa-arrow-alt-circle-down\"><\/i> 208 t\u00e9l\u00e9chargements<\/span><div class=\"hidden-md hidden-lg td-mobile\"><\/div>\n\n                            <\/td>\n\t\t\t\t\t\t                            <td                                     class=\"__dt_col_1 __dt_col __dt_col_description\"\n\t\t\t\t\t\t\t\t\t>\n\t\t\t\t\t\t\t\t<p>500W<\/p>\n\n\n                            <\/td>\n\t\t\t\t\t\t                            <td  data-order=\"1736812800\"                                     class=\"__dt_col_2 __dt_col __dt_col_update_date\"\n\t\t\t\t\t\t\t\t\t>\n\t\t\t\t\t\t\t\t<span class='__dt_update_date '>14 janvier 2025<\/span>\n\n                            <\/td>\n\t\t\t\t\t\t                            <td                                     class=\"__dt_col_3 __dt_col __dt_col_download_link\"\n\t\t\t\t\t\t\t\t\t>\n\t\t\t\t\t\t\t\t<a class='wpdm-download-link download-on-click btn btn-danger ' rel='nofollow' href='#' data-pid='57404' data-downloadurl=\"https:\/\/www.upowertek.com\/fr\/download\/blk-500-c-rev-i-pdf\/?wpdmdl=57404&refresh=69f3006775eab1777533031\" >T\u00e9l\u00e9charger<\/a>\n\n                            <\/td>\n\t\t\t\t\t\t\n                    <\/tr>\n\t\t\t\t\n                    <tr class=\"__dt_row\">\n\t\t\t\t\t\t                            <td                                     class=\"__dt_col_0 __dt_col __dt_col_title\"\n\t\t\t\t\t\t\t\t\tstyle=\"background-image: url('');background-size: 36px;background-position: 5px 8px;background-repeat:  no-repeat;padding-left: 52px;line-height: normal;\">\n\t\t\t\t\t\t\t\t<strong>BLK-600-C Rev D.pdf<\/strong><br\/><span class='__dt_file_count small-txt'><i class=\"far fa-copy\"><\/i> 1 fichier\u00b7s<\/span><span class='__dt_download_count small-txt'><i class=\"far fa-arrow-alt-circle-down\"><\/i> 199 t\u00e9l\u00e9chargements<\/span><div class=\"hidden-md hidden-lg td-mobile\"><\/div>\n\n                            <\/td>\n\t\t\t\t\t\t                            <td                                     class=\"__dt_col_1 __dt_col __dt_col_description\"\n\t\t\t\t\t\t\t\t\t>\n\t\t\t\t\t\t\t\t<p>600W<\/p>\n\n\n                            <\/td>\n\t\t\t\t\t\t                            <td  data-order=\"1736812800\"                                     class=\"__dt_col_2 __dt_col __dt_col_update_date\"\n\t\t\t\t\t\t\t\t\t>\n\t\t\t\t\t\t\t\t<span class='__dt_update_date '>14 janvier 2025<\/span>\n\n                            <\/td>\n\t\t\t\t\t\t                            <td                                     class=\"__dt_col_3 __dt_col __dt_col_download_link\"\n\t\t\t\t\t\t\t\t\t>\n\t\t\t\t\t\t\t\t<a class='wpdm-download-link download-on-click btn btn-danger ' rel='nofollow' href='#' data-pid='57403' data-downloadurl=\"https:\/\/www.upowertek.com\/fr\/download\/blk-600-c-rev-d-pdf\/?wpdmdl=57403&refresh=69f300677b0951777533031\" >T\u00e9l\u00e9charger<\/a>\n\n                            <\/td>\n\t\t\t\t\t\t\n                    <\/tr>\n\t\t\t\t\n                    <tr class=\"__dt_row\">\n\t\t\t\t\t\t                            <td                                     class=\"__dt_col_0 __dt_col __dt_col_title\"\n\t\t\t\t\t\t\t\t\tstyle=\"background-image: url('');background-size: 36px;background-position: 5px 8px;background-repeat:  no-repeat;padding-left: 52px;line-height: normal;\">\n\t\t\t\t\t\t\t\t<strong>BLK-610-C -NV0000 Rev G.pdf<\/strong><br\/><span class='__dt_file_count small-txt'><i class=\"far fa-copy\"><\/i> 1 fichier\u00b7s<\/span><span class='__dt_download_count small-txt'><i class=\"far fa-arrow-alt-circle-down\"><\/i> 226 t\u00e9l\u00e9chargements<\/span><div class=\"hidden-md hidden-lg td-mobile\"><\/div>\n\n                            <\/td>\n\t\t\t\t\t\t                            <td                                     class=\"__dt_col_1 __dt_col __dt_col_description\"\n\t\t\t\t\t\t\t\t\t>\n\t\t\t\t\t\t\t\t<p>610W<\/p>\n\n\n                            <\/td>\n\t\t\t\t\t\t                            <td  data-order=\"1736812800\"                                     class=\"__dt_col_2 __dt_col __dt_col_update_date\"\n\t\t\t\t\t\t\t\t\t>\n\t\t\t\t\t\t\t\t<span class='__dt_update_date '>14 janvier 2025<\/span>\n\n                            <\/td>\n\t\t\t\t\t\t                            <td                                     class=\"__dt_col_3 __dt_col __dt_col_download_link\"\n\t\t\t\t\t\t\t\t\t>\n\t\t\t\t\t\t\t\t<a class='wpdm-download-link download-on-click btn btn-danger ' rel='nofollow' href='#' data-pid='57402' data-downloadurl=\"https:\/\/www.upowertek.com\/fr\/download\/blk-610-c-nv0000-rev-g-pdf\/?wpdmdl=57402&refresh=69f30067805b01777533031\" >T\u00e9l\u00e9charger<\/a>\n\n                            <\/td>\n\t\t\t\t\t\t\n                    <\/tr>\n\t\t\t\t\n                    <tr class=\"__dt_row\">\n\t\t\t\t\t\t                            <td                                     class=\"__dt_col_0 __dt_col __dt_col_title\"\n\t\t\t\t\t\t\t\t\tstyle=\"background-image: url('');background-size: 36px;background-position: 5px 8px;background-repeat:  no-repeat;padding-left: 52px;line-height: normal;\">\n\t\t\t\t\t\t\t\t<strong>BLK-610-C Rev I.pdf<\/strong><br\/><span class='__dt_file_count small-txt'><i class=\"far fa-copy\"><\/i> 1 fichier\u00b7s<\/span><span class='__dt_download_count small-txt'><i class=\"far fa-arrow-alt-circle-down\"><\/i> 239 t\u00e9l\u00e9chargements<\/span><div class=\"hidden-md hidden-lg td-mobile\"><\/div>\n\n                            <\/td>\n\t\t\t\t\t\t                            <td                                     class=\"__dt_col_1 __dt_col __dt_col_description\"\n\t\t\t\t\t\t\t\t\t>\n\t\t\t\t\t\t\t\t<p>610W<\/p>\n\n\n                            <\/td>\n\t\t\t\t\t\t                            <td  data-order=\"1736812800\"                                     class=\"__dt_col_2 __dt_col __dt_col_update_date\"\n\t\t\t\t\t\t\t\t\t>\n\t\t\t\t\t\t\t\t<span class='__dt_update_date '>14 janvier 2025<\/span>\n\n                            <\/td>\n\t\t\t\t\t\t                            <td                                     class=\"__dt_col_3 __dt_col __dt_col_download_link\"\n\t\t\t\t\t\t\t\t\t>\n\t\t\t\t\t\t\t\t<a class='wpdm-download-link download-on-click btn btn-danger ' rel='nofollow' href='#' data-pid='57401' data-downloadurl=\"https:\/\/www.upowertek.com\/fr\/download\/blk-610-c-rev-i-pdf\/?wpdmdl=57401&refresh=69f300678583c1777533031\" >T\u00e9l\u00e9charger<\/a>\n\n                            <\/td>\n\t\t\t\t\t\t\n                    <\/tr>\n\t\t\t\t\n                    <tr class=\"__dt_row\">\n\t\t\t\t\t\t                            <td                                     class=\"__dt_col_0 __dt_col __dt_col_title\"\n\t\t\t\t\t\t\t\t\tstyle=\"background-image: url('');background-size: 36px;background-position: 5px 8px;background-repeat:  no-repeat;padding-left: 52px;line-height: normal;\">\n\t\t\t\t\t\t\t\t<strong>BLK-800-C Rev C.pdf<\/strong><br\/><span class='__dt_file_count small-txt'><i class=\"far fa-copy\"><\/i> 1 fichier\u00b7s<\/span><span class='__dt_download_count small-txt'><i class=\"far fa-arrow-alt-circle-down\"><\/i> 176 t\u00e9l\u00e9chargements<\/span><div class=\"hidden-md hidden-lg td-mobile\"><\/div>\n\n                            <\/td>\n\t\t\t\t\t\t                            <td                                     class=\"__dt_col_1 __dt_col __dt_col_description\"\n\t\t\t\t\t\t\t\t\t>\n\t\t\t\t\t\t\t\t<p>800W<\/p>\n\n\n                            <\/td>\n\t\t\t\t\t\t                            <td  data-order=\"1736812800\"                                     class=\"__dt_col_2 __dt_col __dt_col_update_date\"\n\t\t\t\t\t\t\t\t\t>\n\t\t\t\t\t\t\t\t<span class='__dt_update_date '>14 janvier 2025<\/span>\n\n                            <\/td>\n\t\t\t\t\t\t                            <td                                     class=\"__dt_col_3 __dt_col __dt_col_download_link\"\n\t\t\t\t\t\t\t\t\t>\n\t\t\t\t\t\t\t\t<a class='wpdm-download-link download-on-click btn btn-danger ' rel='nofollow' href='#' data-pid='57400' data-downloadurl=\"https:\/\/www.upowertek.com\/fr\/download\/blk-800-c-rev-c-pdf\/?wpdmdl=57400&refresh=69f300678acaa1777533031\" >T\u00e9l\u00e9charger<\/a>\n\n                            <\/td>\n\t\t\t\t\t\t\n                    <\/tr>\n\t\t\t\t\n                    <tr class=\"__dt_row\">\n\t\t\t\t\t\t                            <td                                     class=\"__dt_col_0 __dt_col __dt_col_title\"\n\t\t\t\t\t\t\t\t\tstyle=\"background-image: url('');background-size: 36px;background-position: 5px 8px;background-repeat:  no-repeat;padding-left: 52px;line-height: normal;\">\n\t\t\t\t\t\t\t\t<strong>BLK-810-C Rev H.pdf<\/strong><br\/><span class='__dt_file_count small-txt'><i class=\"far fa-copy\"><\/i> 1 fichier\u00b7s<\/span><span class='__dt_download_count small-txt'><i class=\"far fa-arrow-alt-circle-down\"><\/i> 233 t\u00e9l\u00e9chargements<\/span><div class=\"hidden-md hidden-lg td-mobile\"><\/div>\n\n                            <\/td>\n\t\t\t\t\t\t                            <td                                     class=\"__dt_col_1 __dt_col __dt_col_description\"\n\t\t\t\t\t\t\t\t\t>\n\t\t\t\t\t\t\t\t<p>810W<\/p>\n\n\n                            <\/td>\n\t\t\t\t\t\t                            <td  data-order=\"1736812800\"                                     class=\"__dt_col_2 __dt_col __dt_col_update_date\"\n\t\t\t\t\t\t\t\t\t>\n\t\t\t\t\t\t\t\t<span class='__dt_update_date '>14 janvier 2025<\/span>\n\n                            <\/td>\n\t\t\t\t\t\t                            <td                                     class=\"__dt_col_3 __dt_col __dt_col_download_link\"\n\t\t\t\t\t\t\t\t\t>\n\t\t\t\t\t\t\t\t<a class='wpdm-download-link download-on-click btn btn-danger ' rel='nofollow' href='#' data-pid='57399' data-downloadurl=\"https:\/\/www.upowertek.com\/fr\/download\/blk-810-c-rev-h-pdf\/?wpdmdl=57399&refresh=69f300678fe5c1777533031\" >T\u00e9l\u00e9charger<\/a>\n\n                            <\/td>\n\t\t\t\t\t\t\n                    <\/tr>\n\t\t\t\t\t\t\t            <\/tbody>\n        <\/table>\n\n\t\t<div class='text-center'><ul class='pagination wpdm-pagination pagination-centered text-center'><\/ul><\/div>\n    <\/div>\n<\/div>\n\n","protected":false},"excerpt":{"rendered":"","protected":false},"author":6,"featured_media":0,"parent":0,"menu_order":0,"comment_status":"closed","ping_status":"closed","template":"","meta":{"_seopress_robots_primary_cat":"","_seopress_titles_title":"","_seopress_titles_desc":"","_seopress_robots_index":"","site-sidebar-layout":"default","site-content-layout":"","ast-site-content-layout":"default","site-content-style":"default","site-sidebar-style":"default","ast-global-header-display":"","ast-banner-title-visibility":"","ast-main-header-display":"","ast-hfb-above-header-display":"","ast-hfb-below-header-display":"","ast-hfb-mobile-header-display":"","site-post-title":"","ast-breadcrumbs-content":"","ast-featured-img":"","footer-sml-layout":"","ast-disable-related-posts":"","theme-transparent-header-meta":"","adv-header-id-meta":"","stick-header-meta":"","header-above-stick-meta":"","header-main-stick-meta":"","header-below-stick-meta":"","astra-migrate-meta-layouts":"default","ast-page-background-enabled":"default","ast-page-background-meta":{"desktop":{"background-color":"var(--ast-global-color-4)","background-image":"","background-repeat":"repeat","background-position":"center center","background-size":"auto","background-attachment":"scroll","background-type":"","background-media":"","overlay-type":"","overlay-color":"","overlay-opacity":"","overlay-gradient":""},"tablet":{"background-color":"","background-image":"","background-repeat":"repeat","background-position":"center center","background-size":"auto","background-attachment":"scroll","background-type":"","background-media":"","overlay-type":"","overlay-color":"","overlay-opacity":"","overlay-gradient":""},"mobile":{"background-color":"","background-image":"","background-repeat":"repeat","background-position":"center center","background-size":"auto","background-attachment":"scroll","background-type":"","background-media":"","overlay-type":"","overlay-color":"","overlay-opacity":"","overlay-gradient":""}},"ast-content-background-meta":{"desktop":{"background-color":"var(--ast-global-color-5)","background-image":"","background-repeat":"repeat","background-position":"center center","background-size":"auto","background-attachment":"scroll","background-type":"","background-media":"","overlay-type":"","overlay-color":"","overlay-opacity":"","overlay-gradient":""},"tablet":{"background-color":"var(--ast-global-color-5)","background-image":"","background-repeat":"repeat","background-position":"center center","background-size":"auto","background-attachment":"scroll","background-type":"","background-media":"","overlay-type":"","overlay-color":"","overlay-opacity":"","overlay-gradient":""},"mobile":{"background-color":"var(--ast-global-color-5)","background-image":"","background-repeat":"repeat","background-position":"center center","background-size":"auto","background-attachment":"scroll","background-type":"","background-media":"","overlay-type":"","overlay-color":"","overlay-opacity":"","overlay-gradient":""}},"footnotes":""},"class_list":["post-59799","page","type-page","status-publish"],"_links":{"self":[{"href":"https:\/\/www.upowertek.com\/fr\/wp-json\/wp\/v2\/pages\/59799","targetHints":{"allow":["GET"]}}],"collection":[{"href":"https:\/\/www.upowertek.com\/fr\/wp-json\/wp\/v2\/pages"}],"about":[{"href":"https:\/\/www.upowertek.com\/fr\/wp-json\/wp\/v2\/types\/page"}],"author":[{"embeddable":true,"href":"https:\/\/www.upowertek.com\/fr\/wp-json\/wp\/v2\/users\/6"}],"replies":[{"embeddable":true,"href":"https:\/\/www.upowertek.com\/fr\/wp-json\/wp\/v2\/comments?post=59799"}],"version-history":[{"count":1,"href":"https:\/\/www.upowertek.com\/fr\/wp-json\/wp\/v2\/pages\/59799\/revisions"}],"predecessor-version":[{"id":59800,"href":"https:\/\/www.upowertek.com\/fr\/wp-json\/wp\/v2\/pages\/59799\/revisions\/59800"}],"wp:attachment":[{"href":"https:\/\/www.upowertek.com\/fr\/wp-json\/wp\/v2\/media?parent=59799"}],"curies":[{"name":"wp","href":"https:\/\/api.w.org\/{rel}","templated":true}]}}