{"id":59811,"date":"2025-02-14T17:09:09","date_gmt":"2025-02-14T09:09:09","guid":{"rendered":"https:\/\/www.upowertek.com\/apd\/"},"modified":"2025-03-07T11:11:16","modified_gmt":"2025-03-07T03:11:16","slug":"apd","status":"publish","type":"page","link":"https:\/\/www.upowertek.com\/fi\/apd\/","title":{"rendered":"APD"},"content":{"rendered":"\n<div class=\"wp-block-columns is-layout-flex wp-container-core-columns-is-layout-28f84493 wp-block-columns-is-layout-flex\">\n<div class=\"wp-block-column is-layout-flow wp-block-column-is-layout-flow\">\n<figure class=\"wp-block-image size-full\"><img fetchpriority=\"high\" decoding=\"async\" width=\"800\" height=\"577\" src=\"https:\/\/www.upowertek.com\/wp-content\/uploads\/2025\/02\/apdx1500-2000W.png\" alt=\"apdx1500 2000w\" class=\"wp-image-59461\" style=\"aspect-ratio:4\/3;object-fit:cover\" srcset=\"https:\/\/www.upowertek.com\/wp-content\/uploads\/2025\/02\/apdx1500-2000W.png 800w, https:\/\/www.upowertek.com\/wp-content\/uploads\/2025\/02\/apdx1500-2000W-300x216.png 300w, https:\/\/www.upowertek.com\/wp-content\/uploads\/2025\/02\/apdx1500-2000W-768x554.png 768w, https:\/\/www.upowertek.com\/wp-content\/uploads\/2025\/02\/apdx1500-2000W-600x433.png 600w\" sizes=\"(max-width: 800px) 100vw, 800px\" \/><\/figure>\n<\/div>\n\n\n\n<div class=\"wp-block-column is-layout-flow wp-block-column-is-layout-flow\">\n<ul class=\"wp-block-list\">\n<li>Sy\u00f6tt\u00f6j\u00e4nnite: 176-264Vac tai 186-250Vdc<\/li>\n\n\n\n<li>Suuri ylij\u00e4nnitesuoja 10 kV<\/li>\n\n\n\n<li>DPAC <sup>TM<\/sup> Tech (D4i Plus 0-10V Combo)<\/li>\n\n\n\n<li>D4i\/DALI2.0 IEC62386-101,102,150,207,250,251,252,253 mukainen<\/li>\n\n\n\n<li>Integroitu 16 VDC v\u00e4yl\u00e4virtal\u00e4hde<\/li>\n\n\n\n<li>Energiaraportin tarkkuus \u00b11 % <\/li>\n\n\n\n<li>Himmenn\u00e4 0,5 W:n valmiusvirralla<\/li>\n\n\n\n<li>24V 3W (10W Transient Peak) Aux-Power <\/li>\n\n\n\n<li>100 000 tunnin k\u00e4ytt\u00f6ik\u00e4 @ Tc=75 \u2103 ja 7 vuoden takuu @ Tc&lt;=75 \u2103<\/li>\n\n\n\n<li>+\/-2 % l\u00e4ht\u00f6virran tarkkuus<\/li>\n\n\n\n<li>Airset<sup>TM <\/sup>NFC -ohjelmoitavuus (1 &#8211; X)<\/li>\n\n\n\n<li>Ohjelmoitava EOFx EL-sertifioidulla<\/li>\n\n\n\n<li>Luokan II ja luokan I yhdistelm\u00e4<\/li>\n\n\n\n<li>Turvallisuus standardien EN 61347-1, 61347-2-13, 62384 mukaan<\/li>\n<\/ul>\n<\/div>\n<\/div>\n\n<a name=\"datasheet\"><\/a>\n    <script src=\"https:\/\/www.upowertek.com\/wp-content\/plugins\/download-manager\/assets\/js\/jquery.dataTables.min.js\"><\/script>\n    <script src=\"https:\/\/www.upowertek.com\/wp-content\/plugins\/download-manager\/assets\/js\/dataTables.bootstrap4.min.js\"><\/script>\n    <link href=\"https:\/\/www.upowertek.com\/wp-content\/plugins\/download-manager\/assets\/css\/jquery.dataTables.min.css\" rel=\"stylesheet\"\/>\n\n    <script>\n        jQuery(function ($) {\n\n            var __dt = $('#wpdmmydls-d2e015f75c824b8a14d75665d090ad24').dataTable({\n                \"dom\": '<\"wpdmdt-toolbar\"lfrB>t<\"wpdmdt-toolbarb\"ip>',\n                responsive: true,\n                \"autoWidth\" : false,\n                \"order\": [[ 0, \"asc\"]],\n                \"language\": {\n                    \"lengthMenu\": \"Display _MENU_ downloads per page\",\n                    \"zeroRecords\": \"Nothing _START_ to - sorry\",\n                    \"info\": \"Showing _START_ to _END_ of _TOTAL_ downloads\",\n                    \"infoEmpty\": \"No downloads available\",\n                    \"infoFiltered\": \"(filtered from _MAX_ total downloads)\",\n                    \"emptyTable\": \"No data available in table\",\n                    \"infoPostFix\": \"\",\n                    \"thousands\": \",\",\n                    \"loadingRecords\": \"Loading...\",\n                    \"processing\": \"Processing...\",\n                    \"search\": \"Search:\",\n                    \"paginate\": {\n                        \"first\": \"First\",\n                        \"last\": \"Last\",\n                        \"next\": \"Next\",\n                        \"previous\": \"Previous\"\n                    },\n                    \"aria\": {\n                        \"sortAscending\": \" : activate to sort column ascending\",\n                        \"sortDescending\": \": activate to sort column descending\"\n                    }\n                },\n                \"iDisplayLength\": 20,\n                \"aLengthMenu\": [[20, 10, 25, 50, -1], [20, 10, 25, 50, \"All\"]]\n            });\n\n\t\t\t        });\n    <\/script>\n<style>\n    .wpdmdt-toolbar {\n        padding: 10px;\n    }\n\n    .wpdmdt-toolbarb {\n        padding: 5px 10px 10px;\n    }\n\n    .wpdmdt-toolbar > div {\n        display: inline-block;\n    }\n\n    table, td, th {\n        border: 0;\n    }\n\n    #wpdm-all-packages .card {\n        overflow: hidden;\n    }\n\n    .dataTables_wrapper .table {\n        margin: 0;\n    }\n\n    #wpdmmydls-d2e015f75c824b8a14d75665d090ad24 {\n        border-bottom: 1px solid #dddddd;\n        border-top: 1px solid #dddddd;\n        font-size: 10pt;\n        min-width: 100%;\n    }\n\n    #wpdmmydls-d2e015f75c824b8a14d75665d090ad24 .wpdm-download-link img {\n        box-shadow: none !important;\n        max-width: 100%;\n    }\n\n    .w3eden .pagination {\n        margin: 0 !important;\n    }\n\n    #wpdmmydls-d2e015f75c824b8a14d75665d090ad24 td:not(:first-child) {\n        vertical-align: middle !important;\n    }\n\n    #wpdmmydls-d2e015f75c824b8a14d75665d090ad24 td.__dt_col_download_link .btn {\n        display: block;\n        width: 100%;\n    }\n\n    #wpdmmydls-d2e015f75c824b8a14d75665d090ad24 td.__dt_col_download_link,\n    #wpdmmydls-d2e015f75c824b8a14d75665d090ad24 th#download_link {\n        max-width: 155px !important;\n        width: 155px;\n\n    }\n\n    #wpdmmydls-d2e015f75c824b8a14d75665d090ad24 th {\n        background-color: rgba(0, 0, 0, 0.04);\n        border-bottom: 1px solid rgba(0, 0, 0, 0.025);\n    }\n\n    #wpdmmydls-d2e015f75c824b8a14d75665d090ad24_length label,\n    #wpdmmydls-d2e015f75c824b8a14d75665d090ad24_filter label {\n        font-weight: 400;\n    }\n\n    #wpdmmydls-d2e015f75c824b8a14d75665d090ad24_filter input[type=search] {\n        display: inline-block;\n        width: 200px;\n        font-size: 12px;\n    }\n\n    #wpdmmydls-d2e015f75c824b8a14d75665d090ad24_length select {\n        display: inline-block;\n        width: 60px;\n        font-size: 11px;\n    }\n\n    #wpdmmydls-d2e015f75c824b8a14d75665d090ad24 .package-title {\n        color: #36597C;\n        font-size: 11pt;\n        font-weight: 700;\n    }\n\n    #wpdmmydls-d2e015f75c824b8a14d75665d090ad24 .small-txt {\n        margin-right: 7px;\n    }\n\n    #wpdmmydls-d2e015f75c824b8a14d75665d090ad24 td.__dt_col_categories {\n        max-width: 300px;\n    }\n\n    #wpdmmydls-d2e015f75c824b8a14d75665d090ad24 .small-txt,\n    #wpdmmydls-d2e015f75c824b8a14d75665d090ad24 small {\n        font-size: 9pt;\n    }\n\n    .w3eden .table-striped tbody tr:nth-of-type(2n+1) {\n        background-color: rgba(0, 0, 0, 0.015);\n    }\n\n    .dataTables_wrapper .dataTables_paginate .paginate_button:active,\n    .dataTables_wrapper .dataTables_paginate .paginate_button:focus,\n    .dataTables_wrapper .dataTables_paginate .paginate_button:hover,\n    .dataTables_wrapper .dataTables_paginate .paginate_button {\n        margin: 0 !important;\n        padding: 0 !important;\n        border: 0 !important;\n        background: transparent !important;\n    }\n\n    .paginate_button.page-item.active a {\n        background: var(--color-primary) !important;\n        color: #fff !important;\n    }\n\n\n    @media (max-width: 799px) {\n        #wpdmmydls-d2e015f75c824b8a14d75665d090ad24 tr {\n            display: block;\n            border: 3px solid rgba(0, 0, 0, 0.3) !important;\n            margin-bottom: 10px !important;\n            position: relative;\n        }\n\n        #wpdmmydls-d2e015f75c824b8a14d75665d090ad24 thead {\n            display: none;\n        }\n\n        #wpdmmydls-d2e015f75c824b8a14d75665d090ad24,\n        #wpdmmydls-d2e015f75c824b8a14d75665d090ad24 td:first-child {\n            border: 0 !important;\n        }\n\n        #wpdmmydls-d2e015f75c824b8a14d75665d090ad24 td {\n            display: block;\n        }\n\n        #wpdmmydls-d2e015f75c824b8a14d75665d090ad24 td.__dt_col_download_link {\n            display: block;\n            max-width: 100% !important;\n            width: auto !important;\n\n        }\n    }\n\n\n<\/style>\n<div class=\"w3eden\">\n    <div id=\"wpdm-all-packages\">\n        <table id=\"wpdmmydls-d2e015f75c824b8a14d75665d090ad24\" class=\"table table-striped wpdm-all-packages-table\">\n            <thead>\n            <tr>\n\t\t\t\t                    <th  id=\"title\"\n                                                                        class=\"\">Title<\/th>\n\t\t\t\t                    <th  id=\"description\"\n                                                                        class=\"hidden-sm hidden-xs\">Power<\/th>\n\t\t\t\t                    <th  id=\"update_date\"\n                                                                        class=\"hidden-sm hidden-xs\">Update Date<\/th>\n\t\t\t\t                    <th style='width: 155px !important;min-width: 155px !important;max-width: 155px !important;' id=\"download_link\"\n                                                                        class=\"hidden-sm hidden-xs\">Download<\/th>\n\t\t\t\t\n            <\/tr>\n            <\/thead>\n            <tbody>\n\t\t\t\n                    <tr class=\"__dt_row\">\n\t\t\t\t\t\t                            <td                                     class=\"__dt_col_0 __dt_col __dt_col_title\"\n\t\t\t\t\t\t\t\t\tstyle=\"background-image: url('');background-size: 36px;background-position: 5px 8px;background-repeat:  no-repeat;padding-left: 52px;line-height: normal;\">\n\t\t\t\t\t\t\t\t<strong>APD-025-C Rev E.pdf<\/strong><br\/><span class='__dt_file_count small-txt'><i class=\"far fa-copy\"><\/i> 1 file(s)<\/span><span class='__dt_download_count small-txt'><i class=\"far fa-arrow-alt-circle-down\"><\/i> 239 downloads<\/span><div class=\"hidden-md hidden-lg td-mobile\"><\/div>\n\n                            <\/td>\n\t\t\t\t\t\t                            <td                                     class=\"__dt_col_1 __dt_col __dt_col_description\"\n\t\t\t\t\t\t\t\t\t>\n\t\t\t\t\t\t\t\t<p>25W<\/p>\n\n\n                            <\/td>\n\t\t\t\t\t\t                            <td  data-order=\"1736812800\"                                     class=\"__dt_col_2 __dt_col __dt_col_update_date\"\n\t\t\t\t\t\t\t\t\t>\n\t\t\t\t\t\t\t\t<span class='__dt_update_date '>14 tammikuun, 2025<\/span>\n\n                            <\/td>\n\t\t\t\t\t\t                            <td                                     class=\"__dt_col_3 __dt_col __dt_col_download_link\"\n\t\t\t\t\t\t\t\t\t>\n\t\t\t\t\t\t\t\t<div class=\"w3eden\"><a href=\"https:\/\/www.upowertek.com\/wp-login.php?redirect_to=https:\/\/www.upowertek.com\/fi\/download\/apd-025-c-rev-e-pdf-2\/\" class=\"btn btn-danger wpdmloginmodal-trigger btn-sm\">download<\/a><\/div><\/div><\/div>\n\n                            <\/td>\n\t\t\t\t\t\t\n                    <\/tr>\n\t\t\t\t\n                    <tr class=\"__dt_row\">\n\t\t\t\t\t\t                            <td                                     class=\"__dt_col_0 __dt_col __dt_col_title\"\n\t\t\t\t\t\t\t\t\tstyle=\"background-image: url('');background-size: 36px;background-position: 5px 8px;background-repeat:  no-repeat;padding-left: 52px;line-height: normal;\">\n\t\t\t\t\t\t\t\t<strong>APD-040-C Rev G.pdf<\/strong><br\/><span class='__dt_file_count small-txt'><i class=\"far fa-copy\"><\/i> 1 file(s)<\/span><span class='__dt_download_count small-txt'><i class=\"far fa-arrow-alt-circle-down\"><\/i> 236 downloads<\/span><div class=\"hidden-md hidden-lg td-mobile\"><\/div>\n\n                            <\/td>\n\t\t\t\t\t\t                            <td                                     class=\"__dt_col_1 __dt_col __dt_col_description\"\n\t\t\t\t\t\t\t\t\t>\n\t\t\t\t\t\t\t\t<p>40W<\/p>\n\n\n                            <\/td>\n\t\t\t\t\t\t                            <td  data-order=\"1736812800\"                                     class=\"__dt_col_2 __dt_col __dt_col_update_date\"\n\t\t\t\t\t\t\t\t\t>\n\t\t\t\t\t\t\t\t<span class='__dt_update_date '>14 tammikuun, 2025<\/span>\n\n                            <\/td>\n\t\t\t\t\t\t                            <td                                     class=\"__dt_col_3 __dt_col __dt_col_download_link\"\n\t\t\t\t\t\t\t\t\t>\n\t\t\t\t\t\t\t\t<div class=\"w3eden\"><a href=\"https:\/\/www.upowertek.com\/wp-login.php?redirect_to=https:\/\/www.upowertek.com\/fi\/download\/apd-040-c-rev-g-pdf-2\/\" class=\"btn btn-danger wpdmloginmodal-trigger btn-sm\">download<\/a><\/div><\/div><\/div>\n\n                            <\/td>\n\t\t\t\t\t\t\n                    <\/tr>\n\t\t\t\t\n                    <tr class=\"__dt_row\">\n\t\t\t\t\t\t                            <td                                     class=\"__dt_col_0 __dt_col __dt_col_title\"\n\t\t\t\t\t\t\t\t\tstyle=\"background-image: url('');background-size: 36px;background-position: 5px 8px;background-repeat:  no-repeat;padding-left: 52px;line-height: normal;\">\n\t\t\t\t\t\t\t\t<strong>APD-075-C Rev G.pdf<\/strong><br\/><span class='__dt_file_count small-txt'><i class=\"far fa-copy\"><\/i> 1 file(s)<\/span><span class='__dt_download_count small-txt'><i class=\"far fa-arrow-alt-circle-down\"><\/i> 233 downloads<\/span><div class=\"hidden-md hidden-lg td-mobile\"><\/div>\n\n                            <\/td>\n\t\t\t\t\t\t                            <td                                     class=\"__dt_col_1 __dt_col __dt_col_description\"\n\t\t\t\t\t\t\t\t\t>\n\t\t\t\t\t\t\t\t<p>75W<\/p>\n\n\n                            <\/td>\n\t\t\t\t\t\t                            <td  data-order=\"1736812800\"                                     class=\"__dt_col_2 __dt_col __dt_col_update_date\"\n\t\t\t\t\t\t\t\t\t>\n\t\t\t\t\t\t\t\t<span class='__dt_update_date '>14 tammikuun, 2025<\/span>\n\n                            <\/td>\n\t\t\t\t\t\t                            <td                                     class=\"__dt_col_3 __dt_col __dt_col_download_link\"\n\t\t\t\t\t\t\t\t\t>\n\t\t\t\t\t\t\t\t<div class=\"w3eden\"><a href=\"https:\/\/www.upowertek.com\/wp-login.php?redirect_to=https:\/\/www.upowertek.com\/fi\/download\/apd-075-c-rev-g-pdf-2\/\" class=\"btn btn-danger wpdmloginmodal-trigger btn-sm\">download<\/a><\/div><\/div><\/div>\n\n                            <\/td>\n\t\t\t\t\t\t\n                    <\/tr>\n\t\t\t\t\n                    <tr class=\"__dt_row\">\n\t\t\t\t\t\t                            <td                                     class=\"__dt_col_0 __dt_col __dt_col_title\"\n\t\t\t\t\t\t\t\t\tstyle=\"background-image: url('');background-size: 36px;background-position: 5px 8px;background-repeat:  no-repeat;padding-left: 52px;line-height: normal;\">\n\t\t\t\t\t\t\t\t<strong>APD-110-C Rev G.pdf<\/strong><br\/><span class='__dt_file_count small-txt'><i class=\"far fa-copy\"><\/i> 1 file(s)<\/span><span class='__dt_download_count small-txt'><i class=\"far fa-arrow-alt-circle-down\"><\/i> 279 downloads<\/span><div class=\"hidden-md hidden-lg td-mobile\"><\/div>\n\n                            <\/td>\n\t\t\t\t\t\t                            <td                                     class=\"__dt_col_1 __dt_col __dt_col_description\"\n\t\t\t\t\t\t\t\t\t>\n\t\t\t\t\t\t\t\t<p>110W<\/p>\n\n\n                            <\/td>\n\t\t\t\t\t\t                            <td  data-order=\"1736812800\"                                     class=\"__dt_col_2 __dt_col __dt_col_update_date\"\n\t\t\t\t\t\t\t\t\t>\n\t\t\t\t\t\t\t\t<span class='__dt_update_date '>14 tammikuun, 2025<\/span>\n\n                            <\/td>\n\t\t\t\t\t\t                            <td                                     class=\"__dt_col_3 __dt_col __dt_col_download_link\"\n\t\t\t\t\t\t\t\t\t>\n\t\t\t\t\t\t\t\t<div class=\"w3eden\"><a href=\"https:\/\/www.upowertek.com\/wp-login.php?redirect_to=https:\/\/www.upowertek.com\/fi\/download\/apd-110-c-rev-g-pdf-2\/\" class=\"btn btn-danger wpdmloginmodal-trigger btn-sm\">download<\/a><\/div><\/div><\/div>\n\n                            <\/td>\n\t\t\t\t\t\t\n                    <\/tr>\n\t\t\t\t\n                    <tr class=\"__dt_row\">\n\t\t\t\t\t\t                            <td                                     class=\"__dt_col_0 __dt_col __dt_col_title\"\n\t\t\t\t\t\t\t\t\tstyle=\"background-image: url('');background-size: 36px;background-position: 5px 8px;background-repeat:  no-repeat;padding-left: 52px;line-height: normal;\">\n\t\t\t\t\t\t\t\t<strong>APD-165-C Rev G.pdf<\/strong><br\/><span class='__dt_file_count small-txt'><i class=\"far fa-copy\"><\/i> 1 file(s)<\/span><span class='__dt_download_count small-txt'><i class=\"far fa-arrow-alt-circle-down\"><\/i> 213 downloads<\/span><div class=\"hidden-md hidden-lg td-mobile\"><\/div>\n\n                            <\/td>\n\t\t\t\t\t\t                            <td                                     class=\"__dt_col_1 __dt_col __dt_col_description\"\n\t\t\t\t\t\t\t\t\t>\n\t\t\t\t\t\t\t\t<p>165W<\/p>\n\n\n                            <\/td>\n\t\t\t\t\t\t                            <td  data-order=\"1736812800\"                                     class=\"__dt_col_2 __dt_col __dt_col_update_date\"\n\t\t\t\t\t\t\t\t\t>\n\t\t\t\t\t\t\t\t<span class='__dt_update_date '>14 tammikuun, 2025<\/span>\n\n                            <\/td>\n\t\t\t\t\t\t                            <td                                     class=\"__dt_col_3 __dt_col __dt_col_download_link\"\n\t\t\t\t\t\t\t\t\t>\n\t\t\t\t\t\t\t\t<div class=\"w3eden\"><a href=\"https:\/\/www.upowertek.com\/wp-login.php?redirect_to=https:\/\/www.upowertek.com\/fi\/download\/apd-165-c-rev-g-pdf-2\/\" class=\"btn btn-danger wpdmloginmodal-trigger btn-sm\">download<\/a><\/div><\/div><\/div>\n\n                            <\/td>\n\t\t\t\t\t\t\n                    <\/tr>\n\t\t\t\t\n                    <tr class=\"__dt_row\">\n\t\t\t\t\t\t                            <td                                     class=\"__dt_col_0 __dt_col __dt_col_title\"\n\t\t\t\t\t\t\t\t\tstyle=\"background-image: url('');background-size: 36px;background-position: 5px 8px;background-repeat:  no-repeat;padding-left: 52px;line-height: normal;\">\n\t\t\t\t\t\t\t\t<strong>APD-200-C Rev G.pdf<\/strong><br\/><span class='__dt_file_count small-txt'><i class=\"far fa-copy\"><\/i> 1 file(s)<\/span><span class='__dt_download_count small-txt'><i class=\"far fa-arrow-alt-circle-down\"><\/i> 258 downloads<\/span><div class=\"hidden-md hidden-lg td-mobile\"><\/div>\n\n                            <\/td>\n\t\t\t\t\t\t                            <td                                     class=\"__dt_col_1 __dt_col __dt_col_description\"\n\t\t\t\t\t\t\t\t\t>\n\t\t\t\t\t\t\t\t<p>200W<\/p>\n\n\n                            <\/td>\n\t\t\t\t\t\t                            <td  data-order=\"1736812800\"                                     class=\"__dt_col_2 __dt_col __dt_col_update_date\"\n\t\t\t\t\t\t\t\t\t>\n\t\t\t\t\t\t\t\t<span class='__dt_update_date '>14 tammikuun, 2025<\/span>\n\n                            <\/td>\n\t\t\t\t\t\t                            <td                                     class=\"__dt_col_3 __dt_col __dt_col_download_link\"\n\t\t\t\t\t\t\t\t\t>\n\t\t\t\t\t\t\t\t<div class=\"w3eden\"><a href=\"https:\/\/www.upowertek.com\/wp-login.php?redirect_to=https:\/\/www.upowertek.com\/fi\/download\/apd-200-c-rev-g-pdf-2\/\" class=\"btn btn-danger wpdmloginmodal-trigger btn-sm\">download<\/a><\/div><\/div><\/div>\n\n                            <\/td>\n\t\t\t\t\t\t\n                    <\/tr>\n\t\t\t\t\t\t\t            <\/tbody>\n        <\/table>\n\n\t\t<div class='text-center'><ul class='pagination wpdm-pagination pagination-centered text-center'><\/ul><\/div>\n    <\/div>\n<\/div>\n\n","protected":false},"excerpt":{"rendered":"","protected":false},"author":6,"featured_media":0,"parent":0,"menu_order":0,"comment_status":"closed","ping_status":"closed","template":"","meta":{"_seopress_robots_primary_cat":"","_seopress_titles_title":"","_seopress_titles_desc":"","_seopress_robots_index":"","site-sidebar-layout":"default","site-content-layout":"","ast-site-content-layout":"default","site-content-style":"default","site-sidebar-style":"default","ast-global-header-display":"","ast-banner-title-visibility":"","ast-main-header-display":"","ast-hfb-above-header-display":"","ast-hfb-below-header-display":"","ast-hfb-mobile-header-display":"","site-post-title":"","ast-breadcrumbs-content":"","ast-featured-img":"","footer-sml-layout":"","theme-transparent-header-meta":"","adv-header-id-meta":"","stick-header-meta":"","header-above-stick-meta":"","header-main-stick-meta":"","header-below-stick-meta":"","astra-migrate-meta-layouts":"default","ast-page-background-enabled":"default","ast-page-background-meta":{"desktop":{"background-color":"var(--ast-global-color-4)","background-image":"","background-repeat":"repeat","background-position":"center center","background-size":"auto","background-attachment":"scroll","background-type":"","background-media":"","overlay-type":"","overlay-color":"","overlay-opacity":"","overlay-gradient":""},"tablet":{"background-color":"","background-image":"","background-repeat":"repeat","background-position":"center center","background-size":"auto","background-attachment":"scroll","background-type":"","background-media":"","overlay-type":"","overlay-color":"","overlay-opacity":"","overlay-gradient":""},"mobile":{"background-color":"","background-image":"","background-repeat":"repeat","background-position":"center center","background-size":"auto","background-attachment":"scroll","background-type":"","background-media":"","overlay-type":"","overlay-color":"","overlay-opacity":"","overlay-gradient":""}},"ast-content-background-meta":{"desktop":{"background-color":"var(--ast-global-color-5)","background-image":"","background-repeat":"repeat","background-position":"center center","background-size":"auto","background-attachment":"scroll","background-type":"","background-media":"","overlay-type":"","overlay-color":"","overlay-opacity":"","overlay-gradient":""},"tablet":{"background-color":"var(--ast-global-color-5)","background-image":"","background-repeat":"repeat","background-position":"center center","background-size":"auto","background-attachment":"scroll","background-type":"","background-media":"","overlay-type":"","overlay-color":"","overlay-opacity":"","overlay-gradient":""},"mobile":{"background-color":"var(--ast-global-color-5)","background-image":"","background-repeat":"repeat","background-position":"center center","background-size":"auto","background-attachment":"scroll","background-type":"","background-media":"","overlay-type":"","overlay-color":"","overlay-opacity":"","overlay-gradient":""}},"footnotes":""},"class_list":["post-59811","page","type-page","status-publish"],"_links":{"self":[{"href":"https:\/\/www.upowertek.com\/fi\/wp-json\/wp\/v2\/pages\/59811","targetHints":{"allow":["GET"]}}],"collection":[{"href":"https:\/\/www.upowertek.com\/fi\/wp-json\/wp\/v2\/pages"}],"about":[{"href":"https:\/\/www.upowertek.com\/fi\/wp-json\/wp\/v2\/types\/page"}],"author":[{"embeddable":true,"href":"https:\/\/www.upowertek.com\/fi\/wp-json\/wp\/v2\/users\/6"}],"replies":[{"embeddable":true,"href":"https:\/\/www.upowertek.com\/fi\/wp-json\/wp\/v2\/comments?post=59811"}],"version-history":[{"count":1,"href":"https:\/\/www.upowertek.com\/fi\/wp-json\/wp\/v2\/pages\/59811\/revisions"}],"predecessor-version":[{"id":59812,"href":"https:\/\/www.upowertek.com\/fi\/wp-json\/wp\/v2\/pages\/59811\/revisions\/59812"}],"wp:attachment":[{"href":"https:\/\/www.upowertek.com\/fi\/wp-json\/wp\/v2\/media?parent=59811"}],"curies":[{"name":"wp","href":"https:\/\/api.w.org\/{rel}","templated":true}]}}