{"id":33988,"date":"2022-06-13T16:44:03","date_gmt":"2022-06-13T08:44:03","guid":{"rendered":"https:\/\/www.upowertek.com\/16a-kaynnistysvirran-rajoitin\/"},"modified":"2022-12-10T13:27:44","modified_gmt":"2022-12-10T05:27:44","slug":"16a-kaynnistysvirran-rajoitin","status":"publish","type":"page","link":"https:\/\/www.upowertek.com\/fi\/16a-kaynnistysvirran-rajoitin\/","title":{"rendered":"16A k\u00e4ynnistysvirran rajoitin"},"content":{"rendered":"\n<div class=\"wp-block-columns is-layout-flex wp-container-core-columns-is-layout-28f84493 wp-block-columns-is-layout-flex\">\n<div class=\"wp-block-column is-layout-flow wp-block-column-is-layout-flow\">\n<h2 class=\"wp-block-heading\">Tuotteen ominaisuus<\/h2>\n\n\n\n<ul class=\"wp-block-list\"><li>Rajoita sy\u00f6tt\u00f6virta 16 A:iin<\/li><li>IP67 Vedenpit\u00e4v\u00e4<\/li><li>Integroitu ohitusrele<\/li><li>5 vuoden takuu<\/li><\/ul>\n\n\n\n<div style=\"height:22px\" aria-hidden=\"true\" class=\"wp-block-spacer\"><\/div>\n\n\n\n<h2 class=\"wp-block-heading\">Tuotesovellus<\/h2>\n\n\n\n<p>Kapasitiivinen kuorma, suuri sy\u00f6tt\u00f6virtakuorma<\/p>\n<\/div>\n\n\n\n<div class=\"wp-block-column is-layout-flow wp-block-column-is-layout-flow\">\n<figure class=\"wp-block-image size-large\"><img fetchpriority=\"high\" decoding=\"async\" width=\"1024\" height=\"602\" src=\"https:\/\/www.upowertek.com\/wp-content\/uploads\/2022\/06\/RSH-016A-1024x602.webp\" alt=\"rsh 016a\" class=\"wp-image-13018\" srcset=\"https:\/\/www.upowertek.com\/wp-content\/uploads\/2022\/06\/RSH-016A-1024x602.webp 1024w, https:\/\/www.upowertek.com\/wp-content\/uploads\/2022\/06\/RSH-016A-600x353.webp 600w, https:\/\/www.upowertek.com\/wp-content\/uploads\/2022\/06\/RSH-016A-300x176.webp 300w, https:\/\/www.upowertek.com\/wp-content\/uploads\/2022\/06\/RSH-016A-768x451.webp 768w, https:\/\/www.upowertek.com\/wp-content\/uploads\/2022\/06\/RSH-016A-640x376.webp 640w, https:\/\/www.upowertek.com\/wp-content\/uploads\/2022\/06\/RSH-016A-400x235.webp 400w, https:\/\/www.upowertek.com\/wp-content\/uploads\/2022\/06\/RSH-016A-367x216.webp 367w, https:\/\/www.upowertek.com\/wp-content\/uploads\/2022\/06\/RSH-016A.webp 1094w\" sizes=\"(max-width: 1024px) 100vw, 1024px\" \/><\/figure>\n<\/div>\n<\/div>\n\n<h2 class=\"wp-block-heading\">Tekniset tiedot<\/h2>\n\n<figure class=\"wp-block-table\"><table><tbody><tr><td>Sy\u00f6te<\/td><td>100~264Vac 50\/60Hz, 16Amax<\/td><\/tr><tr><td>Suurin sy\u00f6tt\u00f6virta<\/td><td>25.0A @240Vac<\/td><\/tr><tr><td>Max. Ty\u00f6virta<\/td><td>16,0A<\/td><\/tr><tr><td>Mitat<\/td><td>66 x 68,0 x 38,5 x mm (runko), 93,0 x 68,0 x 38,5 x mm (p\u00e4\u00e4tykappaleet mukana)<\/td><\/tr><tr><td>Liitosjohto<\/td><td>H07RN-F 3*2,5 mm2, L = ruskea; N = sininen; PE = keltainen\/vihre\u00e4)<\/td><\/tr><tr><td>Ty\u00f6ymp\u00e4rist\u00f6<\/td><td>L\u00e4mp\u00f6tila:\uff0d40\u2103\uff5e\uff0b85\u2103\uff1b Suhteellinen kosteus\uff1a\u226495%<\/td><\/tr><tr><td>Kuoren suojaluokka<\/td><td>IP67<\/td><\/tr><tr><td>Paino<\/td><td>0,33 kg<\/td><\/tr><\/tbody><\/table><\/figure>\n\n<div style=\"height:22px\" aria-hidden=\"true\" class=\"wp-block-spacer\"><\/div>\n\n<h2 class=\"wp-block-heading\">Tuotekuva<\/h2>\n\n<figure class=\"wp-block-gallery has-nested-images columns-default is-cropped wp-block-gallery-1 is-layout-flex wp-block-gallery-is-layout-flex\">\n<figure class=\"wp-block-image size-large\"><img decoding=\"async\" width=\"912\" height=\"684\" data-id=\"13005\" src=\"https:\/\/www.upowertek.com\/wp-content\/uploads\/2022\/06\/RSH-016A-3.webp\" alt=\"rsh 016a 3\" class=\"wp-image-13005\" srcset=\"https:\/\/www.upowertek.com\/wp-content\/uploads\/2022\/06\/RSH-016A-3.webp 912w, https:\/\/www.upowertek.com\/wp-content\/uploads\/2022\/06\/RSH-016A-3-600x450.webp 600w, https:\/\/www.upowertek.com\/wp-content\/uploads\/2022\/06\/RSH-016A-3-300x225.webp 300w, https:\/\/www.upowertek.com\/wp-content\/uploads\/2022\/06\/RSH-016A-3-768x576.webp 768w, https:\/\/www.upowertek.com\/wp-content\/uploads\/2022\/06\/RSH-016A-3-463x348.webp 463w, https:\/\/www.upowertek.com\/wp-content\/uploads\/2022\/06\/RSH-016A-3-640x480.webp 640w, https:\/\/www.upowertek.com\/wp-content\/uploads\/2022\/06\/RSH-016A-3-400x300.webp 400w, https:\/\/www.upowertek.com\/wp-content\/uploads\/2022\/06\/RSH-016A-3-367x275.webp 367w, https:\/\/www.upowertek.com\/wp-content\/uploads\/2022\/06\/RSH-016A-3-200x150.webp 200w\" sizes=\"(max-width: 912px) 100vw, 912px\" \/><figcaption>Label<\/figcaption><\/figure>\n\n\n\n<figure class=\"wp-block-image size-large\"><img decoding=\"async\" width=\"912\" height=\"684\" data-id=\"13003\" src=\"https:\/\/www.upowertek.com\/wp-content\/uploads\/2022\/06\/RSH-016A-1.webp\" alt=\"rsh 016a 1\" class=\"wp-image-13003\" srcset=\"https:\/\/www.upowertek.com\/wp-content\/uploads\/2022\/06\/RSH-016A-1.webp 912w, https:\/\/www.upowertek.com\/wp-content\/uploads\/2022\/06\/RSH-016A-1-600x450.webp 600w, https:\/\/www.upowertek.com\/wp-content\/uploads\/2022\/06\/RSH-016A-1-300x225.webp 300w, https:\/\/www.upowertek.com\/wp-content\/uploads\/2022\/06\/RSH-016A-1-768x576.webp 768w, https:\/\/www.upowertek.com\/wp-content\/uploads\/2022\/06\/RSH-016A-1-463x348.webp 463w, https:\/\/www.upowertek.com\/wp-content\/uploads\/2022\/06\/RSH-016A-1-640x480.webp 640w, https:\/\/www.upowertek.com\/wp-content\/uploads\/2022\/06\/RSH-016A-1-400x300.webp 400w, https:\/\/www.upowertek.com\/wp-content\/uploads\/2022\/06\/RSH-016A-1-367x275.webp 367w, https:\/\/www.upowertek.com\/wp-content\/uploads\/2022\/06\/RSH-016A-1-200x150.webp 200w\" sizes=\"(max-width: 912px) 100vw, 912px\" \/><figcaption>L\u00e4ht\u00f6<\/figcaption><\/figure>\n\n\n\n<figure class=\"wp-block-image size-large\"><img loading=\"lazy\" decoding=\"async\" width=\"912\" height=\"684\" data-id=\"13004\" src=\"https:\/\/www.upowertek.com\/wp-content\/uploads\/2022\/06\/RSH-016A-2.webp\" alt=\"rsh 016a 2\" class=\"wp-image-13004\" srcset=\"https:\/\/www.upowertek.com\/wp-content\/uploads\/2022\/06\/RSH-016A-2.webp 912w, https:\/\/www.upowertek.com\/wp-content\/uploads\/2022\/06\/RSH-016A-2-600x450.webp 600w, https:\/\/www.upowertek.com\/wp-content\/uploads\/2022\/06\/RSH-016A-2-300x225.webp 300w, https:\/\/www.upowertek.com\/wp-content\/uploads\/2022\/06\/RSH-016A-2-768x576.webp 768w, https:\/\/www.upowertek.com\/wp-content\/uploads\/2022\/06\/RSH-016A-2-463x348.webp 463w, https:\/\/www.upowertek.com\/wp-content\/uploads\/2022\/06\/RSH-016A-2-640x480.webp 640w, https:\/\/www.upowertek.com\/wp-content\/uploads\/2022\/06\/RSH-016A-2-400x300.webp 400w, https:\/\/www.upowertek.com\/wp-content\/uploads\/2022\/06\/RSH-016A-2-367x275.webp 367w, https:\/\/www.upowertek.com\/wp-content\/uploads\/2022\/06\/RSH-016A-2-200x150.webp 200w\" sizes=\"(max-width: 912px) 100vw, 912px\" \/><figcaption>Sy\u00f6te<\/figcaption><\/figure>\n<\/figure>\n\n<div style=\"height:29px\" aria-hidden=\"true\" class=\"wp-block-spacer\"><\/div>\n\n<h2 class=\"wp-block-heading\">Kytkent\u00e4kaavio<\/h2>\n\n<figure class=\"wp-block-image aligncenter size-full\"><img loading=\"lazy\" decoding=\"async\" width=\"534\" height=\"221\" src=\"https:\/\/www.upowertek.com\/wp-content\/uploads\/2022\/06\/RSH-06A-wiring.png\" alt=\"rsh 06a johdotus\" class=\"wp-image-13013\" srcset=\"https:\/\/www.upowertek.com\/wp-content\/uploads\/2022\/06\/RSH-06A-wiring.png 534w, https:\/\/www.upowertek.com\/wp-content\/uploads\/2022\/06\/RSH-06A-wiring-300x124.png 300w, https:\/\/www.upowertek.com\/wp-content\/uploads\/2022\/06\/RSH-06A-wiring-400x166.png 400w, https:\/\/www.upowertek.com\/wp-content\/uploads\/2022\/06\/RSH-06A-wiring-367x152.png 367w\" sizes=\"(max-width: 534px) 100vw, 534px\" \/><figcaption>Sy\u00f6tt\u00f6virran rajoittimen johdotus<\/figcaption><\/figure>\n\n<h2 class=\"wp-block-heading\">Mekaaninen suunnittelu<\/h2>\n\n<figure class=\"wp-block-image aligncenter size-large\"><img decoding=\"async\" src=\"https:\/\/www.upowertek.com\/wp-content\/uploads\/2022\/06\/RSH-016A-S&#xFF0C;mechanical-drawing-1024x617.webp\" alt=\"rsh 016a s, mekaaninen piirustus\" class=\"wp-image-13014\"\/><figcaption>RSH-016A k\u00e4ynnistysvirran rajoittimen mekaaninen piirustus<\/figcaption><\/figure>\n\n<div style=\"height:38px\" aria-hidden=\"true\" class=\"wp-block-spacer\"><\/div>\n\n<h2 class=\"wp-block-heading\">Kuinka testata k\u00e4ynnistysvirtaa?<\/h2>\n\n<p>Yleens\u00e4 LED-ohjaimella on suurin k\u00e4ynnistysvirta, kun se alkaa 90 astetta tai 270 astetta, joten meid\u00e4n on tarkkailtava k\u00e4ynnistysvirtaa n\u00e4iss\u00e4 kahdessa pisteess\u00e4. Mutta on vaikea varmistaa, ett\u00e4 se k\u00e4ynnistyy tarkalleen 90 tai 270 asteessa. <\/p>\n\n<figure class=\"wp-block-image size-full\"><img loading=\"lazy\" decoding=\"async\" width=\"650\" height=\"404\" src=\"https:\/\/www.upowertek.com\/wp-content\/uploads\/2022\/06\/Phase-shift.png\" alt=\"vaihesiirto\" class=\"wp-image-13167\" srcset=\"https:\/\/www.upowertek.com\/wp-content\/uploads\/2022\/06\/Phase-shift.png 650w, https:\/\/www.upowertek.com\/wp-content\/uploads\/2022\/06\/Phase-shift-600x373.png 600w, https:\/\/www.upowertek.com\/wp-content\/uploads\/2022\/06\/Phase-shift-300x186.png 300w, https:\/\/www.upowertek.com\/wp-content\/uploads\/2022\/06\/Phase-shift-640x398.png 640w, https:\/\/www.upowertek.com\/wp-content\/uploads\/2022\/06\/Phase-shift-400x249.png 400w, https:\/\/www.upowertek.com\/wp-content\/uploads\/2022\/06\/Phase-shift-367x228.png 367w\" sizes=\"(max-width: 650px) 100vw, 650px\" \/><\/figure>\n\n<p>Voimme rakentaa laitteen, joka takaa, ett\u00e4 ajuri k\u00e4ynnistyy t\u00e4ydell\u00e4 j\u00e4nnitteell\u00e4, joten sill\u00e4 on max. k\u00e4ynnistysvirta, niin voimme siepata sy\u00f6tt\u00f6virran oskilloskoopilla. Yleinen ajatus on, ett\u00e4 rinnastamme monia kondensaattoreita. ota yhteytt\u00e4 uPowerTekin myyntiin, jos haluat tiet\u00e4\u00e4 kondensaattorin arvon.<\/p>\n\n<figure class=\"wp-block-image size-full\"><img loading=\"lazy\" decoding=\"async\" width=\"853\" height=\"640\" src=\"https:\/\/www.upowertek.com\/wp-content\/uploads\/2022\/06\/inrush-current-testing-tool.webp\" alt=\"k&#xE4;ynnistysvirran testausty&#xF6;kalu\" class=\"wp-image-13168\" srcset=\"https:\/\/www.upowertek.com\/wp-content\/uploads\/2022\/06\/inrush-current-testing-tool.webp 853w, https:\/\/www.upowertek.com\/wp-content\/uploads\/2022\/06\/inrush-current-testing-tool-600x450.webp 600w, https:\/\/www.upowertek.com\/wp-content\/uploads\/2022\/06\/inrush-current-testing-tool-300x225.webp 300w, https:\/\/www.upowertek.com\/wp-content\/uploads\/2022\/06\/inrush-current-testing-tool-768x576.webp 768w, https:\/\/www.upowertek.com\/wp-content\/uploads\/2022\/06\/inrush-current-testing-tool-463x348.webp 463w, https:\/\/www.upowertek.com\/wp-content\/uploads\/2022\/06\/inrush-current-testing-tool-640x480.webp 640w, https:\/\/www.upowertek.com\/wp-content\/uploads\/2022\/06\/inrush-current-testing-tool-400x300.webp 400w, https:\/\/www.upowertek.com\/wp-content\/uploads\/2022\/06\/inrush-current-testing-tool-367x275.webp 367w, https:\/\/www.upowertek.com\/wp-content\/uploads\/2022\/06\/inrush-current-testing-tool-200x150.webp 200w\" sizes=\"(max-width: 853px) 100vw, 853px\" \/><\/figure>\n\n<p>Testin aloittamiseksi meid\u00e4n on asetettava MCB ohjaimen ja laitteen v\u00e4liin. Lataa ensin laite ja kytke sitten MCB p\u00e4\u00e4lle, niin saat t\u00e4ydellisen k\u00e4ynnistysvirran aaltomuodon.<\/p>\n\n<figure class=\"wp-block-image size-full\"><img loading=\"lazy\" decoding=\"async\" width=\"901\" height=\"518\" src=\"https:\/\/www.upowertek.com\/wp-content\/uploads\/2022\/06\/inrush.webp\" alt=\"kiireess&#xE4;\" class=\"wp-image-13173\" srcset=\"https:\/\/www.upowertek.com\/wp-content\/uploads\/2022\/06\/inrush.webp 901w, https:\/\/www.upowertek.com\/wp-content\/uploads\/2022\/06\/inrush-600x345.webp 600w, https:\/\/www.upowertek.com\/wp-content\/uploads\/2022\/06\/inrush-300x172.webp 300w, https:\/\/www.upowertek.com\/wp-content\/uploads\/2022\/06\/inrush-768x442.webp 768w, https:\/\/www.upowertek.com\/wp-content\/uploads\/2022\/06\/inrush-640x368.webp 640w, https:\/\/www.upowertek.com\/wp-content\/uploads\/2022\/06\/inrush-400x230.webp 400w, https:\/\/www.upowertek.com\/wp-content\/uploads\/2022\/06\/inrush-367x211.webp 367w\" sizes=\"(max-width: 901px) 100vw, 901px\" \/><\/figure>\n\n<h2 class=\"wp-block-heading\">Virheet k\u00e4ynnistysvirran aaltomuodossa<\/h2>\n\n<p>Jotkut ihmiset saavat t\u00e4llaisen aaltomuodon. Itse asiassa se ei ole sy\u00f6tt\u00f6virran aaltomuoto. Kun ohjain kytket\u00e4\u00e4n p\u00e4\u00e4lle, se lataa ensin x-kondensaattorin, se on eritt\u00e4in nopea ja kest\u00e4\u00e4 vain useita mikrosekunteja.<\/p>\n\n<figure class=\"wp-block-image size-large\"><img loading=\"lazy\" decoding=\"async\" width=\"1024\" height=\"608\" src=\"https:\/\/www.upowertek.com\/wp-content\/uploads\/2022\/06\/incorrect-inrush-current-waveform-1024x608.png\" alt=\"virheellinen k&#xE4;ynnistysvirran aaltomuoto\" class=\"wp-image-13172\" srcset=\"https:\/\/www.upowertek.com\/wp-content\/uploads\/2022\/06\/incorrect-inrush-current-waveform-1024x608.png 1024w, https:\/\/www.upowertek.com\/wp-content\/uploads\/2022\/06\/incorrect-inrush-current-waveform-600x356.png 600w, https:\/\/www.upowertek.com\/wp-content\/uploads\/2022\/06\/incorrect-inrush-current-waveform-300x178.png 300w, https:\/\/www.upowertek.com\/wp-content\/uploads\/2022\/06\/incorrect-inrush-current-waveform-768x456.png 768w, https:\/\/www.upowertek.com\/wp-content\/uploads\/2022\/06\/incorrect-inrush-current-waveform-640x380.png 640w, https:\/\/www.upowertek.com\/wp-content\/uploads\/2022\/06\/incorrect-inrush-current-waveform-400x237.png 400w, https:\/\/www.upowertek.com\/wp-content\/uploads\/2022\/06\/incorrect-inrush-current-waveform-367x218.png 367w, https:\/\/www.upowertek.com\/wp-content\/uploads\/2022\/06\/incorrect-inrush-current-waveform.png 1070w\" sizes=\"(max-width: 1024px) 100vw, 1024px\" \/><figcaption>virheellinen k\u00e4ynnistysvirran aaltomuoto<\/figcaption><\/figure>\n\n<div style=\"height:42px\" aria-hidden=\"true\" class=\"wp-block-spacer\"><\/div>\n\n<div class=\"wp-block-columns is-layout-flex wp-container-core-columns-is-layout-28f84493 wp-block-columns-is-layout-flex\">\n<div class=\"wp-block-column is-layout-flow wp-block-column-is-layout-flow\">\n<h2 class=\"wp-block-heading\">Kuinka monta tehol\u00e4hdett\u00e4 tai k\u00e4ynnistysvirran rajoitinta voidaan kytke\u00e4 MCB:n taakse?<\/h2>\n\n\n\n<p>Meill\u00e4 on t\u00e4m\u00e4 artikkeli selitt\u00e4\u00e4ksemme kaiken, lue nyt.<\/p>\n\n\n\n<figure class=\"wp-block-embed is-type-wp-embed is-provider-upowertek wp-block-embed-upowertek\">\n<blockquote class=\"wp-embedded-content\" data-secret=\"AvzfB7Ju1f\"><a href=\"https:\/\/www.upowertek.com\/how-to-calculate-the-number-of-led-drivers-that-can-be-connected-to-an-mcb\/\">LED Driver Inrush Current and MCB Quantity<\/a><\/blockquote><iframe class=\"wp-embedded-content\" sandbox=\"allow-scripts\" security=\"restricted\" style=\"position: absolute; clip: rect(1px, 1px, 1px, 1px);\" title=\"&#8221;LED Driver Inrush Current and MCB Quantity&#8221; &#8212; uPowerTek\" src=\"https:\/\/www.upowertek.com\/how-to-calculate-the-number-of-led-drivers-that-can-be-connected-to-an-mcb\/embed\/#?secret=rhGSTNiXjH#?secret=AvzfB7Ju1f\" data-secret=\"AvzfB7Ju1f\" width=\"500\" height=\"282\" frameborder=\"0\" marginwidth=\"0\" marginheight=\"0\" scrolling=\"no\"><\/iframe>\n<\/figure>\n\n\n\n<div style=\"height:24px\" aria-hidden=\"true\" class=\"wp-block-spacer\"><\/div>\n\n\n\n<div class=\"wp-block-buttons alignwide is-horizontal is-content-justification-center is-layout-flex wp-container-core-buttons-is-layout-03627597 wp-block-buttons-is-layout-flex\">\n<div class=\"wp-block-button\"><a class=\"wp-block-button__link has-light-color has-primary-background-color has-text-color has-background\" style=\"border-radius:5px\">Tarvitsen n\u00e4ytteen &#8212;&gt;&gt;&gt;&gt;<\/a><\/div>\n<\/div>\n\n\n\n<p>Kerro meille lis\u00e4\u00e4 tarpeistasi t\u00e4ytt\u00e4m\u00e4ll\u00e4 vasemmalla oleva lomake.<\/p>\n<\/div>\n\n\n\n<div class=\"wp-block-column is-layout-flow wp-block-column-is-layout-flow\">\n<h2 class=\"wp-block-heading\">Kuinka monta virtal\u00e4hdett\u00e4 voidaan kytke\u00e4 RSH-016A:n taakse?<\/h2>\n\n\n\n<p>Maksimi t\u00e4m\u00e4n tuotteen k\u00e4ytt\u00f6virta on 16A, joten tehol\u00e4hteiden kokonaistulovirran tulee olla alle 16A. Esimerkiksi 150 W:n LED-ohjaimen sy\u00f6tt\u00f6virta on noin 0,75 A 220 V:lla, jolloin se voi kytke\u00e4 16 A\/0,75 A = 21 kpl 150 W LED-ajurin. On parempi olla marginaali, kerrotaan 0,9 ja saadaan 18 kpl.<\/p>\n\n\n\n<h3 class=\"wp-block-heading\">Onko sinulla viel\u00e4 kysytt\u00e4v\u00e4\u00e4?<\/h3>\n\n\n\n<div class=\"wp-block-contact-form-7-contact-form-selector\">\n<div class=\"wpcf7 no-js\" id=\"wpcf7-f11097-o1\" lang=\"en-US\" dir=\"ltr\" data-wpcf7-id=\"11097\">\n<div class=\"screen-reader-response\"><p role=\"status\" aria-live=\"polite\" aria-atomic=\"true\"><\/p> <ul><\/ul><\/div>\n<form action=\"\/fi\/wp-json\/wp\/v2\/pages\/33988#wpcf7-f11097-o1\" method=\"post\" class=\"wpcf7-form init\" aria-label=\"Contact form\" novalidate=\"novalidate\" data-status=\"init\">\n<fieldset class=\"hidden-fields-container\"><input type=\"hidden\" name=\"_wpcf7\" value=\"11097\" \/><input type=\"hidden\" name=\"_wpcf7_version\" value=\"6.1.1\" \/><input type=\"hidden\" name=\"_wpcf7_locale\" value=\"en_US\" \/><input type=\"hidden\" name=\"_wpcf7_unit_tag\" value=\"wpcf7-f11097-o1\" \/><input type=\"hidden\" name=\"_wpcf7_container_post\" value=\"0\" \/><input type=\"hidden\" name=\"_wpcf7_posted_data_hash\" value=\"\" \/><input type=\"hidden\" name=\"_wpcf7dtx_version\" value=\"5.0.3\" \/>\n<\/fieldset>\n<p><label> Your name<br \/>\n<span class=\"wpcf7-form-control-wrap\" data-name=\"your-name\"><input size=\"40\" maxlength=\"400\" class=\"wpcf7-form-control wpcf7-text wpcf7-validates-as-required\" aria-required=\"true\" aria-invalid=\"false\" value=\"\" type=\"text\" name=\"your-name\" \/><\/span> <\/label><br \/>\n<label> Your email<br \/>\n<span class=\"wpcf7-form-control-wrap\" data-name=\"your-email\"><input size=\"40\" maxlength=\"400\" class=\"wpcf7-form-control wpcf7-email wpcf7-validates-as-required wpcf7-text wpcf7-validates-as-email\" aria-required=\"true\" aria-invalid=\"false\" value=\"\" type=\"email\" name=\"your-email\" \/><\/span> <\/label><br \/>\n<label> How can we help you?<br \/>\n<span class=\"wpcf7-form-control-wrap\" data-name=\"your-message\"><textarea cols=\"40\" rows=\"10\" maxlength=\"2000\" class=\"wpcf7-form-control wpcf7-textarea\" aria-invalid=\"false\" name=\"your-message\"><\/textarea><\/span> <\/label>\n<\/p>\n<p><input class=\"wpcf7-form-control wpcf7-submit has-spinner\" type=\"submit\" value=\"Enquiry Now\" \/>\n<\/p>\n<p>*We respect your confidentiality and all information is protected\n<\/p>\n<span class=\"wpcf7-form-control-wrap chapter\" data-name=\"chapter\"><input type=\"hidden\" name=\"chapter\" class=\"wpcf7-form-control wpcf7-hidden wpcf7dtx wpcf7dtx-hidden\" aria-invalid=\"false\" value=\"16A k\u00e4ynnistysvirran rajoitin\"><\/span>\n<span class=\"wpcf7-form-control-wrap dynamicurl\" data-name=\"dynamicurl\"><input type=\"hidden\" name=\"dynamicurl\" id=\"post-url\" class=\"wpcf7-form-control wpcf7-hidden wpcf7dtx wpcf7dtx-hidden\" aria-invalid=\"false\" value=\"https:\/\/www.upowertek.com\/fi\/wp-json\/wp\/v2\/pages\/33988\"><\/span><p style=\"display: none !important;\" class=\"akismet-fields-container\" data-prefix=\"_wpcf7_ak_\"><label>&#916;<textarea name=\"_wpcf7_ak_hp_textarea\" cols=\"45\" rows=\"8\" maxlength=\"100\"><\/textarea><\/label><input type=\"hidden\" id=\"ak_js_1\" name=\"_wpcf7_ak_js\" value=\"0\"\/><script>document.getElementById( \"ak_js_1\" ).setAttribute( \"value\", ( new Date() ).getTime() );<\/script><\/p><div class=\"wpcf7-response-output\" aria-hidden=\"true\"><\/div>\n<\/form>\n<\/div>\n<\/div>\n<\/div>\n<\/div>\n\n<p><\/p>\n","protected":false},"excerpt":{"rendered":"<p>Tuotteen ominaisuus Rajoita sy\u00f6tt\u00f6virta 16 A:iin IP67 Vedenpit\u00e4v\u00e4 Integroitu ohitusrele 5 vuoden takuu Tuotesovellus Kapasitiivinen kuorma, suuri sy\u00f6tt\u00f6virtakuorma Tekniset tiedot Sy\u00f6te 100~264Vac 50\/60Hz, 16Amax Suurin sy\u00f6tt\u00f6virta 25.0A @240Vac Max. Ty\u00f6virta 16,0A Mitat 66 x 68,0 x 38,5 x mm (runko), 93,0 x 68,0 x 38,5 x mm (p\u00e4\u00e4tykappaleet mukana) Liitosjohto H07RN-F 3*2,5 mm2, L = [&hellip;]<\/p>\n","protected":false},"author":1,"featured_media":0,"parent":0,"menu_order":0,"comment_status":"closed","ping_status":"closed","template":"","meta":{"_seopress_robots_primary_cat":"","_seopress_titles_title":"","_seopress_titles_desc":"","_seopress_robots_index":"","site-sidebar-layout":"default","site-content-layout":"","ast-site-content-layout":"","site-content-style":"default","site-sidebar-style":"default","ast-global-header-display":"","ast-banner-title-visibility":"","ast-main-header-display":"","ast-hfb-above-header-display":"","ast-hfb-below-header-display":"","ast-hfb-mobile-header-display":"","site-post-title":"","ast-breadcrumbs-content":"","ast-featured-img":"","footer-sml-layout":"","theme-transparent-header-meta":"","adv-header-id-meta":"","stick-header-meta":"","header-above-stick-meta":"","header-main-stick-meta":"","header-below-stick-meta":"","astra-migrate-meta-layouts":"default","ast-page-background-enabled":"default","ast-page-background-meta":{"desktop":{"background-color":"var(--ast-global-color-4)","background-image":"","background-repeat":"repeat","background-position":"center center","background-size":"auto","background-attachment":"scroll","background-type":"","background-media":"","overlay-type":"","overlay-color":"","overlay-opacity":"","overlay-gradient":""},"tablet":{"background-color":"","background-image":"","background-repeat":"repeat","background-position":"center center","background-size":"auto","background-attachment":"scroll","background-type":"","background-media":"","overlay-type":"","overlay-color":"","overlay-opacity":"","overlay-gradient":""},"mobile":{"background-color":"","background-image":"","background-repeat":"repeat","background-position":"center center","background-size":"auto","background-attachment":"scroll","background-type":"","background-media":"","overlay-type":"","overlay-color":"","overlay-opacity":"","overlay-gradient":""}},"ast-content-background-meta":{"desktop":{"background-color":"var(--ast-global-color-5)","background-image":"","background-repeat":"repeat","background-position":"center center","background-size":"auto","background-attachment":"scroll","background-type":"","background-media":"","overlay-type":"","overlay-color":"","overlay-opacity":"","overlay-gradient":""},"tablet":{"background-color":"var(--ast-global-color-5)","background-image":"","background-repeat":"repeat","background-position":"center center","background-size":"auto","background-attachment":"scroll","background-type":"","background-media":"","overlay-type":"","overlay-color":"","overlay-opacity":"","overlay-gradient":""},"mobile":{"background-color":"var(--ast-global-color-5)","background-image":"","background-repeat":"repeat","background-position":"center center","background-size":"auto","background-attachment":"scroll","background-type":"","background-media":"","overlay-type":"","overlay-color":"","overlay-opacity":"","overlay-gradient":""}},"footnotes":""},"class_list":["post-33988","page","type-page","status-publish"],"_links":{"self":[{"href":"https:\/\/www.upowertek.com\/fi\/wp-json\/wp\/v2\/pages\/33988","targetHints":{"allow":["GET"]}}],"collection":[{"href":"https:\/\/www.upowertek.com\/fi\/wp-json\/wp\/v2\/pages"}],"about":[{"href":"https:\/\/www.upowertek.com\/fi\/wp-json\/wp\/v2\/types\/page"}],"author":[{"embeddable":true,"href":"https:\/\/www.upowertek.com\/fi\/wp-json\/wp\/v2\/users\/1"}],"replies":[{"embeddable":true,"href":"https:\/\/www.upowertek.com\/fi\/wp-json\/wp\/v2\/comments?post=33988"}],"version-history":[{"count":1,"href":"https:\/\/www.upowertek.com\/fi\/wp-json\/wp\/v2\/pages\/33988\/revisions"}],"predecessor-version":[{"id":34033,"href":"https:\/\/www.upowertek.com\/fi\/wp-json\/wp\/v2\/pages\/33988\/revisions\/34033"}],"wp:attachment":[{"href":"https:\/\/www.upowertek.com\/fi\/wp-json\/wp\/v2\/media?parent=33988"}],"curies":[{"name":"wp","href":"https:\/\/api.w.org\/{rel}","templated":true}]}}