{"id":33917,"date":"2022-01-19T17:13:46","date_gmt":"2022-01-19T09:13:46","guid":{"rendered":"https:\/\/www.upowertek.com\/plug-and-play-led-ohjain-grow-lightsille\/"},"modified":"2023-07-21T10:44:39","modified_gmt":"2023-07-21T02:44:39","slug":"plug-and-play-led-ohjain-grow-lightsille","status":"publish","type":"page","link":"https:\/\/www.upowertek.com\/fi\/plug-and-play-led-ohjain-grow-lightsille\/","title":{"rendered":"Plug and Play LED-ohjain Grow Lightsille"},"content":{"rendered":"\n<h2 class=\"wp-block-heading has-text-align-center\">Plug and Play LED-ohjaintuoteportfolio<\/h2>\n\n<p class=\"has-text-align-center\">Voit saada erilaisia l\u00e4ht\u00f6tehoja ja virta-alueita kvanttilevy- ja LED-valaisimillesi.<\/p>\n\n<div class=\"wp-block-columns is-layout-flex wp-container-core-columns-is-layout-28f84493 wp-block-columns-is-layout-flex\">\n<div class=\"wp-block-column is-layout-flow wp-block-column-is-layout-flow\">\n<ul class=\"wp-block-list\" id=\"porto-info-list15273378526368c91d15a4b\">\n<li><strong>L\u00e4ht\u00f6teho:<\/strong> 200W\/240W\/320W\/400W LED-kvanttilevyille.<\/li>\n\n\n\n<li><strong>L\u00e4ht\u00f6teho:<\/strong> 500W\/600W\/700W\/800W\/1000W LED-kasvatuspalkkivaloihin.<\/li>\n\n\n\n<li><strong>L\u00e4ht\u00f6j\u00e4nnite:<\/strong> Tyypillinen 48Vdc &#8211; 56Vdc, Jopa 280Vdc.<\/li>\n\n\n\n<li><strong>Tuloj\u00e4nnite:<\/strong> Tyypillinen 120-77Vac, saatavana 347V-480Vac<\/li>\n\n\n\n<li><strong>Himmennys:<\/strong> 0-10V &amp; PWM, himmennys pois<\/li>\n\n\n\n<li><strong>Apuvirta:<\/strong> 12V 300mA aputeho.<\/li>\n<\/ul>\n<\/div>\n\n\n\n<div class=\"wp-block-column is-layout-flow wp-block-column-is-layout-flow\"><\/div>\n<\/div>\n\n<div style=\"height:50px\" aria-hidden=\"true\" class=\"wp-block-spacer\"><\/div>\n\n<h2 class=\"wp-block-heading has-text-align-center\">Miksi valita Plug and Play -LED-ohjain Grow Lightsille?<\/h2>\n\n<p class=\"has-text-align-center\">K\u00e4ytt\u00e4m\u00e4ll\u00e4 plug and play -kasvuvaloja LED-ohjainta k\u00e4ytt\u00e4j\u00e4t voivat hy\u00f6ty\u00e4 ty\u00f6voimakustannusten s\u00e4\u00e4st\u00e4misest\u00e4 ja tuotteen luotettavuuden lis\u00e4\u00e4misest\u00e4.<\/p>\n\n<div class=\"wp-block-columns is-layout-flex wp-container-core-columns-is-layout-28f84493 wp-block-columns-is-layout-flex\">\n<div class=\"wp-block-column is-layout-flow wp-block-column-is-layout-flow\">\n<figure class=\"wp-block-image size-full\"><img fetchpriority=\"high\" decoding=\"async\" width=\"480\" height=\"480\" src=\"https:\/\/www.upowertek.com\/wp-content\/uploads\/2023\/07\/image-4.png\" alt=\"kuva 4\" class=\"wp-image-46409\" srcset=\"https:\/\/www.upowertek.com\/wp-content\/uploads\/2023\/07\/image-4.png 480w, https:\/\/www.upowertek.com\/wp-content\/uploads\/2023\/07\/image-4-300x300.png 300w, https:\/\/www.upowertek.com\/wp-content\/uploads\/2023\/07\/image-4-150x150.png 150w, https:\/\/www.upowertek.com\/wp-content\/uploads\/2023\/07\/image-4-100x100.png 100w\" sizes=\"(max-width: 480px) 100vw, 480px\" \/><\/figure>\n<\/div>\n\n\n\n<div class=\"wp-block-column is-layout-flow wp-block-column-is-layout-flow\">\n<h3 class=\"wp-block-heading\">Parempi k\u00e4ytt\u00f6kokemus<\/h3>\n\n\n\n<p>Viljelij\u00e4t pit\u00e4v\u00e4t yksinkertaisista ja k\u00e4ytt\u00e4j\u00e4yst\u00e4v\u00e4llisist\u00e4 tuotteista. All-in-one design-LED-ohjaimen ansiosta k\u00e4ytt\u00e4jien ei tarvitse huolehtia johtoliit\u00e4nn\u00f6ist\u00e4.<\/p>\n\n\n\n<h3 class=\"wp-block-heading\">Ty\u00f6voimakustannusten s\u00e4\u00e4st\u00f6<\/h3>\n\n\n\n<p>Kasvuvalojen valmistajien ei tarvitse k\u00e4ytt\u00e4\u00e4 paljon aikaa johdotukseen ja kokoonpanoon. Ty\u00f6voimakustannukset nousevat joka vuosi, ja ty\u00f6voimakustannusten s\u00e4\u00e4st\u00e4minen tarkoittaa voittojen kasvattamista.<\/p>\n\n\n\n<h3 class=\"wp-block-heading\">Materiaalikustannusten s\u00e4\u00e4st\u00f6<\/h3>\n\n\n\n<p>Himmenninrasia voidaan poistaa, samoin kuin johdot ja liittimet. N\u00e4m\u00e4 raaka-aineet voivat auttaa sinua s\u00e4\u00e4st\u00e4m\u00e4\u00e4n paljon rahaa.<\/p>\n\n\n\n<h3 class=\"wp-block-heading\">Parempi ulkon\u00e4k\u00f6<\/h3>\n\n\n\n<p>Ei johtoja ja ylim\u00e4\u00e4r\u00e4isi\u00e4 liittimi\u00e4 LED-valossa, kaikki n\u00e4ytt\u00e4\u00e4 puhtaalta ja siistilt\u00e4, parempi ulkon\u00e4k\u00f6 lis\u00e4\u00e4 myynti\u00e4.<\/p>\n<\/div>\n<\/div>\n\n<div style=\"height:50px\" aria-hidden=\"true\" class=\"wp-block-spacer\"><\/div>\n\n<h2 class=\"wp-block-heading has-text-align-center\">Mit\u00e4 vaihtoehtoja meill\u00e4 on<\/h2>\n\n<p class=\"has-text-align-center\">Upowertekista l\u00f6ytyy erilaisia tulo- ja l\u00e4ht\u00f6liittimi\u00e4, kaapeleita, himmennysnuppeja ja RJ-portteja.<\/p>\n\n<div class=\"wp-block-columns is-layout-flex wp-container-core-columns-is-layout-28f84493 wp-block-columns-is-layout-flex\">\n<div class=\"wp-block-column is-layout-flow wp-block-column-is-layout-flow\">\n<figure class=\"wp-block-image size-full\"><img decoding=\"async\" width=\"300\" height=\"300\" src=\"https:\/\/www.upowertek.com\/wp-content\/uploads\/2022\/11\/image-5.png\" alt=\"kuva 5\" class=\"wp-image-15001\" srcset=\"https:\/\/www.upowertek.com\/wp-content\/uploads\/2022\/11\/image-5.png 300w, https:\/\/www.upowertek.com\/wp-content\/uploads\/2022\/11\/image-5-100x100.png 100w, https:\/\/www.upowertek.com\/wp-content\/uploads\/2022\/11\/image-5-150x150.png 150w, https:\/\/www.upowertek.com\/wp-content\/uploads\/2022\/11\/image-5-85x85.png 85w, https:\/\/www.upowertek.com\/wp-content\/uploads\/2022\/11\/image-5-32x32.png 32w\" sizes=\"(max-width: 300px) 100vw, 300px\" \/><figcaption class=\"wp-element-caption\"><strong>Sy\u00f6te<\/strong><br\/>On olemassa kolmenlaisia tulo-, johto-, C14-liittimi\u00e4 ja vedenpit\u00e4vi\u00e4 liittimi\u00e4<\/figcaption><\/figure>\n<\/div>\n\n\n\n<div class=\"wp-block-column is-layout-flow wp-block-column-is-layout-flow\">\n<figure class=\"wp-block-image size-full\"><img decoding=\"async\" width=\"300\" height=\"300\" src=\"https:\/\/www.upowertek.com\/wp-content\/uploads\/2022\/11\/image-7.png\" alt=\"kuva 7\" class=\"wp-image-15004\" srcset=\"https:\/\/www.upowertek.com\/wp-content\/uploads\/2022\/11\/image-7.png 300w, https:\/\/www.upowertek.com\/wp-content\/uploads\/2022\/11\/image-7-100x100.png 100w, https:\/\/www.upowertek.com\/wp-content\/uploads\/2022\/11\/image-7-150x150.png 150w, https:\/\/www.upowertek.com\/wp-content\/uploads\/2022\/11\/image-7-85x85.png 85w, https:\/\/www.upowertek.com\/wp-content\/uploads\/2022\/11\/image-7-32x32.png 32w\" sizes=\"(max-width: 300px) 100vw, 300px\" \/><figcaption class=\"wp-element-caption\"><strong>L\u00e4ht\u00f6<\/strong><br\/>LED-l\u00e4ht\u00f6 voi olla vedenpit\u00e4v\u00e4 liitin tai kaapeli, RJ12 ja himmennysnuppi ovat valinnaisia<\/figcaption><\/figure>\n<\/div>\n\n\n\n<div class=\"wp-block-column is-layout-flow wp-block-column-is-layout-flow\">\n<figure class=\"wp-block-image size-full\"><img loading=\"lazy\" decoding=\"async\" width=\"300\" height=\"300\" src=\"https:\/\/www.upowertek.com\/wp-content\/uploads\/2022\/11\/image-6.png\" alt=\"kuva 6\" class=\"wp-image-15003\" srcset=\"https:\/\/www.upowertek.com\/wp-content\/uploads\/2022\/11\/image-6.png 300w, https:\/\/www.upowertek.com\/wp-content\/uploads\/2022\/11\/image-6-100x100.png 100w, https:\/\/www.upowertek.com\/wp-content\/uploads\/2022\/11\/image-6-150x150.png 150w, https:\/\/www.upowertek.com\/wp-content\/uploads\/2022\/11\/image-6-85x85.png 85w, https:\/\/www.upowertek.com\/wp-content\/uploads\/2022\/11\/image-6-32x32.png 32w\" sizes=\"(max-width: 300px) 100vw, 300px\" \/><figcaption class=\"wp-element-caption\"><strong>Koko<\/strong><br\/>Meill\u00e4 on kahdenlaisia leveit\u00e4 LED-ajureita, 90 mm ja 120 mm<\/figcaption><\/figure>\n<\/div>\n<\/div>\n\n<div style=\"height:51px\" aria-hidden=\"true\" class=\"wp-block-spacer\"><\/div>\n\n<h2 class=\"wp-block-heading has-text-align-center\">Grow Lights LED -ohjaimen ominaisuudet<\/h2>\n\n<p class=\"has-text-align-center\">Upowertek plug and play LED-ajuri on eritt\u00e4in tehokas ja tukee erilaisia himmennysmenetelmi\u00e4.<\/p>\n\n<div class=\"wp-block-columns is-layout-flex wp-container-core-columns-is-layout-28f84493 wp-block-columns-is-layout-flex\">\n<div class=\"wp-block-column is-layout-flow wp-block-column-is-layout-flow\">\n<ul class=\"wp-block-list\">\n<li>Tehokkuus jopa 96 %<\/li>\n\n\n\n<li>Sy\u00f6tt\u00f6j\u00e4nnite: 90-305Vac tai 127-420Vdc<\/li>\n\n\n\n<li>Great Surge Immunity 6kV (10kV valinnainen)<\/li>\n\n\n\n<li>100 000 tunnin k\u00e4ytt\u00f6ik\u00e4 @ Tc=75 \u2103 ja 7 vuoden takuu @ Tc&lt;=75 \u2103<\/li>\n\n\n\n<li>Airset <sup>TM<\/sup> NFC -ohjelmoitavuus tai kaapeliohjelmoitavuus<\/li>\n\n\n\n<li>+\/-2 % l\u00e4ht\u00f6virran tarkkuus<\/li>\n\n\n\n<li>Eristetty 0-10V\/PWM\/Ajastin\/DALI\/DMX Himmennett\u00e4v\u00e4<\/li>\n\n\n\n<li>Himmenn\u00e4 0,5 W:n valmiusvirralla<\/li>\n\n\n\n<li>12V 300mA lis\u00e4virta tehos\u00e4\u00e4timille ja tuulettimille<\/li>\n\n\n\n<li>Luokan II malli saatavilla<\/li>\n\n\n\n<li>UL-luokka P, luokka 2<\/li>\n\n\n\n<li>ENEC\/CB\/CCC SELV-l\u00e4ht\u00f6<\/li>\n\n\n\n<li>Turvallisuus standardin EN 61347-1,61347-2-13, 62384 mukaan<\/li>\n<\/ul>\n<\/div>\n\n\n\n<div class=\"wp-block-column is-layout-flow wp-block-column-is-layout-flow\">\n<figure class=\"wp-block-image size-full\"><img loading=\"lazy\" decoding=\"async\" width=\"450\" height=\"338\" src=\"https:\/\/www.upowertek.com\/wp-content\/uploads\/2022\/11\/image-8.png\" alt=\"kuva 8\" class=\"wp-image-15005\" srcset=\"https:\/\/www.upowertek.com\/wp-content\/uploads\/2022\/11\/image-8.png 450w, https:\/\/www.upowertek.com\/wp-content\/uploads\/2022\/11\/image-8-300x225.png 300w, https:\/\/www.upowertek.com\/wp-content\/uploads\/2022\/11\/image-8-400x300.png 400w, https:\/\/www.upowertek.com\/wp-content\/uploads\/2022\/11\/image-8-367x276.png 367w, https:\/\/www.upowertek.com\/wp-content\/uploads\/2022\/11\/image-8-200x150.png 200w\" sizes=\"(max-width: 450px) 100vw, 450px\" \/><\/figure>\n<\/div>\n<\/div>\n\n<div style=\"height:51px\" aria-hidden=\"true\" class=\"wp-block-spacer\"><\/div>\n\n<div class=\"wp-block-columns is-layout-flex wp-container-core-columns-is-layout-28f84493 wp-block-columns-is-layout-flex\">\n<div class=\"wp-block-column is-layout-flow wp-block-column-is-layout-flow\">\n<h2 class=\"wp-block-heading\">Toimitusaika<\/h2>\n\n\n\n<ul class=\"wp-block-list\" id=\"porto-info-list7518913566368b220ac414\">\n<li><strong>N\u00e4ytteet<\/strong> : yleens\u00e4 2 tai 3 p\u00e4iv\u00e4\u00e4. Se vie enemm\u00e4n aikaa, jos on r\u00e4\u00e4t\u00e4l\u00f6intivaatimus, kuten yksityinen merkki.<a><\/a><\/li>\n\n\n\n<li><strong>M\u00e4\u00e4r\u00e4tilaukset<\/strong> : yleens\u00e4 3-4 viikkoa.<\/li>\n\n\n\n<li><strong>Toimitusaika<\/strong> : Pikal\u00e4hetys, kuten DHL tai UPS, kest\u00e4\u00e4 noin 3\u20135 p\u00e4iv\u00e4\u00e4, ja meriteitse noin 2\u20134 viikkoa.<\/li>\n\n\n\n<li><strong>Takuu:<\/strong> Upowertekilla on tehokas tiimi k\u00e4sittelem\u00e4\u00e4n tilauksesi, yrit\u00e4mme kaikkemme lyhent\u00e4\u00e4 toimitusaikaa. Raaka-ainepulastakin t\u00e4n\u00e4 vuonna varastoimme riitt\u00e4v\u00e4sti komponentteja vastaamaan asiakkaidemme l\u00e4pimenoaikavaatimuksiin. Joihinkin t\u00e4rkeimpiin kiireellisiin projekteihin meill\u00e4 on erityistiimi, joka varmistaa, ett\u00e4 kaikki on aikataulussa.<\/li>\n<\/ul>\n<\/div>\n\n\n\n<div class=\"wp-block-column is-layout-flow wp-block-column-is-layout-flow\">\n<figure class=\"wp-block-image size-full\"><img loading=\"lazy\" decoding=\"async\" width=\"600\" height=\"400\" src=\"https:\/\/www.upowertek.com\/wp-content\/uploads\/2022\/11\/image.png\" alt=\"image\" class=\"wp-image-14975\" srcset=\"https:\/\/www.upowertek.com\/wp-content\/uploads\/2022\/11\/image.png 600w, https:\/\/www.upowertek.com\/wp-content\/uploads\/2022\/11\/image-300x200.png 300w, https:\/\/www.upowertek.com\/wp-content\/uploads\/2022\/11\/image-400x267.png 400w, https:\/\/www.upowertek.com\/wp-content\/uploads\/2022\/11\/image-367x245.png 367w\" sizes=\"(max-width: 600px) 100vw, 600px\" \/><\/figure>\n<\/div>\n<\/div>\n\n<div style=\"height:52px\" aria-hidden=\"true\" class=\"wp-block-spacer\"><\/div>\n\n<div class=\"wp-block-columns is-layout-flex wp-container-core-columns-is-layout-28f84493 wp-block-columns-is-layout-flex\">\n<div class=\"wp-block-column is-layout-flow wp-block-column-is-layout-flow\">\n<figure class=\"wp-block-image size-full\"><img loading=\"lazy\" decoding=\"async\" width=\"600\" height=\"400\" src=\"https:\/\/www.upowertek.com\/wp-content\/uploads\/2022\/10\/warranty.jpg\" alt=\"takuu\" class=\"wp-image-14657\" srcset=\"https:\/\/www.upowertek.com\/wp-content\/uploads\/2022\/10\/warranty.jpg 600w, https:\/\/www.upowertek.com\/wp-content\/uploads\/2022\/10\/warranty-300x200.jpg 300w, https:\/\/www.upowertek.com\/wp-content\/uploads\/2022\/10\/warranty-400x267.jpg 400w, https:\/\/www.upowertek.com\/wp-content\/uploads\/2022\/10\/warranty-367x245.jpg 367w\" sizes=\"(max-width: 600px) 100vw, 600px\" \/><\/figure>\n<\/div>\n\n\n\n<div class=\"wp-block-column is-layout-flow wp-block-column-is-layout-flow\">\n<h2 class=\"wp-block-heading\">7-10 vuoden takuu<\/h2>\n\n\n\n<ul class=\"wp-block-list\" id=\"porto-info-list4427289936368b220acb10\">\n<li>Upowertekilla on vahva T&amp;K-tiimi, tiukka prosessi ja ammattimainen tehdas varmistaakseen LED-ajureiden korkean laadun.<\/li>\n\n\n\n<li>Kokeneet insin\u00f6\u00f6rit<\/li>\n\n\n\n<li>Tiukka prosessi<\/li>\n\n\n\n<li>Hyv\u00e4ksytyt komponentit<\/li>\n\n\n\n<li>Riitt\u00e4v\u00e4 suunnittelumarginaali<\/li>\n\n\n\n<li>Tiukka varmennuslaitteistoj\u00e4rjestelm\u00e4<\/li>\n<\/ul>\n<\/div>\n<\/div>\n\n<div style=\"height:50px\" aria-hidden=\"true\" class=\"wp-block-spacer\"><\/div>\n\n<div class=\"wp-block-columns is-layout-flex wp-container-core-columns-is-layout-28f84493 wp-block-columns-is-layout-flex\">\n<div class=\"wp-block-column is-layout-flow wp-block-column-is-layout-flow\" style=\"flex-basis:50%\">\n<h2 class=\"wp-block-heading has-text-align-left\">Kerro meille vaatimuksesi<\/h2>\n\n\n\n<p>uPowerTekill\u00e4 on joustava myyntistrategia kasvavilla markkinoilla, ja haluamme my\u00f6s kuunnella asiakkaidemme ehdotuksia tuotteidemme optimoimiseksi. Vahva T&amp;K-tiimi on valmis muuttamaan ideasi todellisiksi tuotteiksi.<\/p>\n\n\n\n<div class=\"wp-block-contact-form-7-contact-form-selector\">\n<div class=\"wpcf7 no-js\" id=\"wpcf7-f11097-o1\" lang=\"en-US\" dir=\"ltr\" data-wpcf7-id=\"11097\">\n<div class=\"screen-reader-response\"><p role=\"status\" aria-live=\"polite\" aria-atomic=\"true\"><\/p> <ul><\/ul><\/div>\n<form action=\"\/fi\/wp-json\/wp\/v2\/pages\/33917#wpcf7-f11097-o1\" method=\"post\" class=\"wpcf7-form init\" aria-label=\"Contact form\" novalidate=\"novalidate\" data-status=\"init\">\n<fieldset class=\"hidden-fields-container\"><input type=\"hidden\" name=\"_wpcf7\" value=\"11097\" \/><input type=\"hidden\" name=\"_wpcf7_version\" value=\"6.1.5\" \/><input type=\"hidden\" name=\"_wpcf7_locale\" value=\"en_US\" \/><input type=\"hidden\" name=\"_wpcf7_unit_tag\" value=\"wpcf7-f11097-o1\" \/><input type=\"hidden\" name=\"_wpcf7_container_post\" value=\"0\" \/><input type=\"hidden\" name=\"_wpcf7_posted_data_hash\" value=\"\" \/><input type=\"hidden\" name=\"_wpcf7dtx_version\" value=\"5.0.5\" \/>\n<\/fieldset>\n<p><label> Your name<br \/>\n<span class=\"wpcf7-form-control-wrap\" data-name=\"your-name\"><input size=\"40\" maxlength=\"400\" class=\"wpcf7-form-control wpcf7-text wpcf7-validates-as-required\" aria-required=\"true\" aria-invalid=\"false\" value=\"\" type=\"text\" name=\"your-name\" \/><\/span> <\/label><br \/>\n<label> Your email<br \/>\n<span class=\"wpcf7-form-control-wrap\" data-name=\"your-email\"><input size=\"40\" maxlength=\"400\" class=\"wpcf7-form-control wpcf7-email wpcf7-validates-as-required wpcf7-text wpcf7-validates-as-email\" aria-required=\"true\" aria-invalid=\"false\" value=\"\" type=\"email\" name=\"your-email\" \/><\/span> <\/label><br \/>\n<label> How can we help you?<br \/>\n<span class=\"wpcf7-form-control-wrap\" data-name=\"your-message\"><textarea cols=\"40\" rows=\"10\" maxlength=\"2000\" class=\"wpcf7-form-control wpcf7-textarea\" aria-invalid=\"false\" name=\"your-message\"><\/textarea><\/span> <\/label>\n<\/p>\n<p><input class=\"wpcf7-form-control wpcf7-submit has-spinner\" type=\"submit\" value=\"Enquiry Now\" \/>\n<\/p>\n<p>*We respect your confidentiality and all information is protected\n<\/p>\n<span class=\"wpcf7-form-control-wrap chapter\" data-name=\"chapter\"><input type=\"hidden\" name=\"chapter\" class=\"wpcf7-form-control wpcf7-hidden wpcf7dtx wpcf7dtx-hidden\" aria-invalid=\"false\" value=\"Plug and Play LED-ohjain Grow Lightsille\"><\/span>\n<span class=\"wpcf7-form-control-wrap dynamicurl\" data-name=\"dynamicurl\"><input type=\"hidden\" name=\"dynamicurl\" id=\"post-url\" class=\"wpcf7-form-control wpcf7-hidden wpcf7dtx wpcf7dtx-hidden\" aria-invalid=\"false\" value=\"https:\/\/www.upowertek.com\/fi\/wp-json\/wp\/v2\/pages\/33917\"><\/span><p style=\"display: none !important;\" class=\"akismet-fields-container\" data-prefix=\"_wpcf7_ak_\"><label>&#916;<textarea name=\"_wpcf7_ak_hp_textarea\" cols=\"45\" rows=\"8\" maxlength=\"100\"><\/textarea><\/label><input type=\"hidden\" id=\"ak_js_1\" name=\"_wpcf7_ak_js\" value=\"93\"\/><script>\ndocument.getElementById( \"ak_js_1\" ).setAttribute( \"value\", ( new Date() ).getTime() );\n<\/script>\n<\/p><div class=\"wpcf7-response-output\" aria-hidden=\"true\"><\/div>\n<\/form>\n<\/div>\n<\/div>\n<\/div>\n\n\n\n<div class=\"wp-block-column is-layout-flow wp-block-column-is-layout-flow\" style=\"flex-basis:50%\">\n<h2 class=\"wp-block-heading\">Tutustu tiimiimme<\/h2>\n\n\n\n<p>Ammattitaitoinen tiimi on aina valmis vastaamaan tarpeisiisi! Yrityksen ydintiimi on joukko vanhempia insin\u00f6\u00f6rej\u00e4, jotka ovat olleet syv\u00e4sti mukana valaistus- ja kytkent\u00e4virtal\u00e4hdeteollisuudessa useiden vuosien ajan.<\/p>\n\n\n\n<figure class=\"wp-block-image size-full\"><img loading=\"lazy\" decoding=\"async\" width=\"621\" height=\"497\" src=\"https:\/\/www.upowertek.com\/wp-content\/uploads\/2021\/10\/upowertek-team-1.jpg\" alt=\"\" class=\"wp-image-8339\" srcset=\"https:\/\/www.upowertek.com\/wp-content\/uploads\/2021\/10\/upowertek-team-1.jpg 621w, https:\/\/www.upowertek.com\/wp-content\/uploads\/2021\/10\/upowertek-team-1-600x480.jpg 600w, https:\/\/www.upowertek.com\/wp-content\/uploads\/2021\/10\/upowertek-team-1-300x240.jpg 300w, https:\/\/www.upowertek.com\/wp-content\/uploads\/2021\/10\/upowertek-team-1-400x320.jpg 400w, https:\/\/www.upowertek.com\/wp-content\/uploads\/2021\/10\/upowertek-team-1-367x294.jpg 367w\" sizes=\"(max-width: 621px) 100vw, 621px\" \/><\/figure>\n<\/div>\n<\/div>\n\n<p><\/p>\n","protected":false},"excerpt":{"rendered":"<p>Plug and Play LED-ohjaintuoteportfolio Voit saada erilaisia l\u00e4ht\u00f6tehoja ja virta-alueita kvanttilevy- ja LED-valaisimillesi. Miksi valita Plug and Play -LED-ohjain Grow Lightsille? K\u00e4ytt\u00e4m\u00e4ll\u00e4 plug and play -kasvuvaloja LED-ohjainta k\u00e4ytt\u00e4j\u00e4t voivat hy\u00f6ty\u00e4 ty\u00f6voimakustannusten s\u00e4\u00e4st\u00e4misest\u00e4 ja tuotteen luotettavuuden lis\u00e4\u00e4misest\u00e4. Parempi k\u00e4ytt\u00f6kokemus Viljelij\u00e4t pit\u00e4v\u00e4t yksinkertaisista ja k\u00e4ytt\u00e4j\u00e4yst\u00e4v\u00e4llisist\u00e4 tuotteista. All-in-one design-LED-ohjaimen ansiosta k\u00e4ytt\u00e4jien ei tarvitse huolehtia johtoliit\u00e4nn\u00f6ist\u00e4. Ty\u00f6voimakustannusten s\u00e4\u00e4st\u00f6 Kasvuvalojen [&hellip;]<\/p>\n","protected":false},"author":1,"featured_media":0,"parent":0,"menu_order":0,"comment_status":"closed","ping_status":"closed","template":"","meta":{"_seopress_robots_primary_cat":"","_seopress_titles_title":"","_seopress_titles_desc":"","_seopress_robots_index":"","site-sidebar-layout":"no-sidebar","site-content-layout":"plain-container","ast-site-content-layout":"default","site-content-style":"default","site-sidebar-style":"default","ast-global-header-display":"","ast-banner-title-visibility":"","ast-main-header-display":"","ast-hfb-above-header-display":"","ast-hfb-below-header-display":"","ast-hfb-mobile-header-display":"","site-post-title":"disabled","ast-breadcrumbs-content":"","ast-featured-img":"disabled","footer-sml-layout":"","ast-disable-related-posts":"","theme-transparent-header-meta":"","adv-header-id-meta":"","stick-header-meta":"","header-above-stick-meta":"","header-main-stick-meta":"","header-below-stick-meta":"","astra-migrate-meta-layouts":"default","ast-page-background-enabled":"default","ast-page-background-meta":{"desktop":{"background-color":"var(--ast-global-color-4)","background-image":"","background-repeat":"repeat","background-position":"center center","background-size":"auto","background-attachment":"scroll","background-type":"","background-media":"","overlay-type":"","overlay-color":"","overlay-opacity":"","overlay-gradient":""},"tablet":{"background-color":"","background-image":"","background-repeat":"repeat","background-position":"center center","background-size":"auto","background-attachment":"scroll","background-type":"","background-media":"","overlay-type":"","overlay-color":"","overlay-opacity":"","overlay-gradient":""},"mobile":{"background-color":"","background-image":"","background-repeat":"repeat","background-position":"center center","background-size":"auto","background-attachment":"scroll","background-type":"","background-media":"","overlay-type":"","overlay-color":"","overlay-opacity":"","overlay-gradient":""}},"ast-content-background-meta":{"desktop":{"background-color":"var(--ast-global-color-5)","background-image":"","background-repeat":"repeat","background-position":"center center","background-size":"auto","background-attachment":"scroll","background-type":"","background-media":"","overlay-type":"","overlay-color":"","overlay-opacity":"","overlay-gradient":""},"tablet":{"background-color":"var(--ast-global-color-5)","background-image":"","background-repeat":"repeat","background-position":"center center","background-size":"auto","background-attachment":"scroll","background-type":"","background-media":"","overlay-type":"","overlay-color":"","overlay-opacity":"","overlay-gradient":""},"mobile":{"background-color":"var(--ast-global-color-5)","background-image":"","background-repeat":"repeat","background-position":"center center","background-size":"auto","background-attachment":"scroll","background-type":"","background-media":"","overlay-type":"","overlay-color":"","overlay-opacity":"","overlay-gradient":""}},"footnotes":""},"class_list":["post-33917","page","type-page","status-publish"],"_links":{"self":[{"href":"https:\/\/www.upowertek.com\/fi\/wp-json\/wp\/v2\/pages\/33917","targetHints":{"allow":["GET"]}}],"collection":[{"href":"https:\/\/www.upowertek.com\/fi\/wp-json\/wp\/v2\/pages"}],"about":[{"href":"https:\/\/www.upowertek.com\/fi\/wp-json\/wp\/v2\/types\/page"}],"author":[{"embeddable":true,"href":"https:\/\/www.upowertek.com\/fi\/wp-json\/wp\/v2\/users\/1"}],"replies":[{"embeddable":true,"href":"https:\/\/www.upowertek.com\/fi\/wp-json\/wp\/v2\/comments?post=33917"}],"version-history":[{"count":2,"href":"https:\/\/www.upowertek.com\/fi\/wp-json\/wp\/v2\/pages\/33917\/revisions"}],"predecessor-version":[{"id":46459,"href":"https:\/\/www.upowertek.com\/fi\/wp-json\/wp\/v2\/pages\/33917\/revisions\/46459"}],"wp:attachment":[{"href":"https:\/\/www.upowertek.com\/fi\/wp-json\/wp\/v2\/media?parent=33917"}],"curies":[{"name":"wp","href":"https:\/\/api.w.org\/{rel}","templated":true}]}}