{"id":32397,"date":"2016-07-23T18:09:22","date_gmt":"2016-07-23T10:09:22","guid":{"rendered":"https:\/\/www.upowertek.com\/tuotekuvasto\/"},"modified":"2024-04-19T10:16:29","modified_gmt":"2024-04-19T02:16:29","slug":"tuotekuvasto","status":"publish","type":"page","link":"https:\/\/www.upowertek.com\/fi\/tuotekuvasto\/","title":{"rendered":"Tuotekuvasto"},"content":{"rendered":"\t\t<div data-elementor-type=\"wp-page\" data-elementor-id=\"32397\" class=\"elementor elementor-32397 elementor-667\" data-elementor-post-type=\"page\">\n\t\t\t\t\t\t<section class=\"elementor-section elementor-top-section elementor-element elementor-element-dd158d4 elementor-section-boxed elementor-section-height-default elementor-section-height-default\" data-id=\"dd158d4\" data-element_type=\"section\">\n\t\t\t\t\t\t<div class=\"elementor-container elementor-column-gap-default\">\n\t\t\t\t\t<div class=\"elementor-column elementor-col-33 elementor-top-column elementor-element elementor-element-baf479f\" data-id=\"baf479f\" data-element_type=\"column\">\n\t\t\t<div class=\"elementor-widget-wrap elementor-element-populated\">\n\t\t\t\t\t\t<div class=\"elementor-element elementor-element-5157845 elementor-widget elementor-widget-image\" data-id=\"5157845\" data-element_type=\"widget\" data-widget_type=\"image.default\">\n\t\t\t\t<div class=\"elementor-widget-container\">\n\t\t\t\t\t\t\t\t\t\t\t\t\t\t\t<img fetchpriority=\"high\" decoding=\"async\" width=\"1007\" height=\"1024\" src=\"https:\/\/www.upowertek.com\/wp-content\/uploads\/2024\/01\/catalog-cover202401-1007x1024.png\" class=\"attachment-large size-large wp-image-53345\" alt=\"\" srcset=\"https:\/\/www.upowertek.com\/wp-content\/uploads\/2024\/01\/catalog-cover202401-1007x1024.png 1007w, https:\/\/www.upowertek.com\/wp-content\/uploads\/2024\/01\/catalog-cover202401-295x300.png 295w, https:\/\/www.upowertek.com\/wp-content\/uploads\/2024\/01\/catalog-cover202401-768x781.png 768w, https:\/\/www.upowertek.com\/wp-content\/uploads\/2024\/01\/catalog-cover202401-1510x1536.png 1510w, https:\/\/www.upowertek.com\/wp-content\/uploads\/2024\/01\/catalog-cover202401-600x610.png 600w, https:\/\/www.upowertek.com\/wp-content\/uploads\/2024\/01\/catalog-cover202401.png 1900w\" sizes=\"(max-width: 1007px) 100vw, 1007px\" \/>\t\t\t\t\t\t\t\t\t\t\t\t\t\t\t<\/div>\n\t\t\t\t<\/div>\n\t\t\t\t\t<\/div>\n\t\t<\/div>\n\t\t\t\t<div class=\"elementor-column elementor-col-66 elementor-top-column elementor-element elementor-element-c8ce5bb\" data-id=\"c8ce5bb\" data-element_type=\"column\">\n\t\t\t<div class=\"elementor-widget-wrap elementor-element-populated\">\n\t\t\t\t\t\t<div class=\"elementor-element elementor-element-1897f80 elementor-widget elementor-widget-heading\" data-id=\"1897f80\" data-element_type=\"widget\" data-widget_type=\"heading.default\">\n\t\t\t\t<div class=\"elementor-widget-container\">\n\t\t\t\t\t<h2 class=\"elementor-heading-title elementor-size-default\">Lataa koko LED-ajuriluettelomme<\/h2>\t\t\t\t<\/div>\n\t\t\t\t<\/div>\n\t\t\t\t<div class=\"elementor-element elementor-element-1a1da69 elementor-widget elementor-widget-text-editor\" data-id=\"1a1da69\" data-element_type=\"widget\" data-widget_type=\"text-editor.default\">\n\t\t\t\t<div class=\"elementor-widget-container\">\n\t\t\t\t\t\t\t\t\t<p>Helpottaaksemme luettelon tallentamista, l\u00e4het\u00e4mme tiedoston sinulle s\u00e4hk\u00f6postitse. J\u00e4t\u00e4tk\u00f6 s\u00e4hk\u00f6postisi? S\u00e4hk\u00f6postij\u00e4rjestelm\u00e4mme l\u00e4hett\u00e4\u00e4 sinulle luettelon PDF-muodossa automaattisesti.<\/p>\n\t\t\t\t\t\t\t\t<\/div>\n\t\t\t\t<\/div>\n\t\t\t\t<div class=\"elementor-element elementor-element-d16631b elementor-widget elementor-widget-html\" data-id=\"d16631b\" data-element_type=\"widget\" data-widget_type=\"html.default\">\n\t\t\t\t<div class=\"elementor-widget-container\">\n\t\t\t\t\t\n          <div class=\"ml-embedded\" data-form=\"6oQBYG\"><\/div>\n        \t\t\t\t<\/div>\n\t\t\t\t<\/div>\n\t\t\t\t\t<\/div>\n\t\t<\/div>\n\t\t\t\t\t<\/div>\n\t\t<\/section>\n\t\t\t\t<\/div>\n\t\t","protected":false},"excerpt":{"rendered":"<p>Lataa koko LED-ajuriluettelomme Helpottaaksemme luettelon tallentamista, l\u00e4het\u00e4mme tiedoston sinulle s\u00e4hk\u00f6postitse. J\u00e4t\u00e4tk\u00f6 s\u00e4hk\u00f6postisi? S\u00e4hk\u00f6postij\u00e4rjestelm\u00e4mme l\u00e4hett\u00e4\u00e4 sinulle luettelon PDF-muodossa automaattisesti.<\/p>\n","protected":false},"author":1,"featured_media":0,"parent":0,"menu_order":0,"comment_status":"closed","ping_status":"closed","template":"","meta":{"_seopress_robots_primary_cat":"","_seopress_titles_title":"","_seopress_titles_desc":"","_seopress_robots_index":"","site-sidebar-layout":"default","site-content-layout":"","ast-site-content-layout":"","site-content-style":"default","site-sidebar-style":"default","ast-global-header-display":"","ast-banner-title-visibility":"","ast-main-header-display":"","ast-hfb-above-header-display":"","ast-hfb-below-header-display":"","ast-hfb-mobile-header-display":"","site-post-title":"disabled","ast-breadcrumbs-content":"","ast-featured-img":"","footer-sml-layout":"","theme-transparent-header-meta":"","adv-header-id-meta":"","stick-header-meta":"","header-above-stick-meta":"","header-main-stick-meta":"","header-below-stick-meta":"","astra-migrate-meta-layouts":"default","ast-page-background-enabled":"default","ast-page-background-meta":{"desktop":{"background-color":"var(--ast-global-color-4)","background-image":"","background-repeat":"repeat","background-position":"center center","background-size":"auto","background-attachment":"scroll","background-type":"","background-media":"","overlay-type":"","overlay-color":"","overlay-opacity":"","overlay-gradient":""},"tablet":{"background-color":"","background-image":"","background-repeat":"repeat","background-position":"center center","background-size":"auto","background-attachment":"scroll","background-type":"","background-media":"","overlay-type":"","overlay-color":"","overlay-opacity":"","overlay-gradient":""},"mobile":{"background-color":"","background-image":"","background-repeat":"repeat","background-position":"center center","background-size":"auto","background-attachment":"scroll","background-type":"","background-media":"","overlay-type":"","overlay-color":"","overlay-opacity":"","overlay-gradient":""}},"ast-content-background-meta":{"desktop":{"background-color":"var(--ast-global-color-5)","background-image":"","background-repeat":"repeat","background-position":"center center","background-size":"auto","background-attachment":"scroll","background-type":"","background-media":"","overlay-type":"","overlay-color":"","overlay-opacity":"","overlay-gradient":""},"tablet":{"background-color":"var(--ast-global-color-5)","background-image":"","background-repeat":"repeat","background-position":"center center","background-size":"auto","background-attachment":"scroll","background-type":"","background-media":"","overlay-type":"","overlay-color":"","overlay-opacity":"","overlay-gradient":""},"mobile":{"background-color":"var(--ast-global-color-5)","background-image":"","background-repeat":"repeat","background-position":"center center","background-size":"auto","background-attachment":"scroll","background-type":"","background-media":"","overlay-type":"","overlay-color":"","overlay-opacity":"","overlay-gradient":""}},"footnotes":""},"class_list":["post-32397","page","type-page","status-publish"],"_links":{"self":[{"href":"https:\/\/www.upowertek.com\/fi\/wp-json\/wp\/v2\/pages\/32397","targetHints":{"allow":["GET"]}}],"collection":[{"href":"https:\/\/www.upowertek.com\/fi\/wp-json\/wp\/v2\/pages"}],"about":[{"href":"https:\/\/www.upowertek.com\/fi\/wp-json\/wp\/v2\/types\/page"}],"author":[{"embeddable":true,"href":"https:\/\/www.upowertek.com\/fi\/wp-json\/wp\/v2\/users\/1"}],"replies":[{"embeddable":true,"href":"https:\/\/www.upowertek.com\/fi\/wp-json\/wp\/v2\/comments?post=32397"}],"version-history":[{"count":7,"href":"https:\/\/www.upowertek.com\/fi\/wp-json\/wp\/v2\/pages\/32397\/revisions"}],"predecessor-version":[{"id":55522,"href":"https:\/\/www.upowertek.com\/fi\/wp-json\/wp\/v2\/pages\/32397\/revisions\/55522"}],"wp:attachment":[{"href":"https:\/\/www.upowertek.com\/fi\/wp-json\/wp\/v2\/media?parent=32397"}],"curies":[{"name":"wp","href":"https:\/\/api.w.org\/{rel}","templated":true}]}}