{"id":56022,"date":"2024-05-24T14:01:47","date_gmt":"2024-05-24T06:01:47","guid":{"rendered":"https:\/\/www.upowertek.com\/productos-por-aplicacion\/"},"modified":"2024-08-30T16:13:27","modified_gmt":"2024-08-30T08:13:27","slug":"productos-por-aplicacion","status":"publish","type":"page","link":"https:\/\/www.upowertek.com\/es\/productos-por-aplicacion\/","title":{"rendered":"Productos por aplicaci\u00f3n"},"content":{"rendered":"\t\t<div data-elementor-type=\"wp-page\" data-elementor-id=\"56022\" class=\"elementor elementor-56022 elementor-55937\" data-elementor-post-type=\"page\">\n\t\t\t\t\t\t<section class=\"elementor-section elementor-top-section elementor-element elementor-element-802ca12 elementor-section-full_width elementor-section-height-default elementor-section-height-default elementor-invisible\" data-id=\"802ca12\" data-element_type=\"section\" data-e-type=\"section\" data-settings=\"{&quot;animation&quot;:&quot;fadeIn&quot;,&quot;animation_delay&quot;:2}\">\n\t\t\t\t\t\t<div class=\"elementor-container elementor-column-gap-no\">\n\t\t\t\t\t<div class=\"elementor-column elementor-col-100 elementor-top-column elementor-element elementor-element-8819f36\" data-id=\"8819f36\" data-element_type=\"column\" data-e-type=\"column\">\n\t\t\t<div class=\"elementor-widget-wrap elementor-element-populated\">\n\t\t\t\t\t\t<div class=\"elementor-element elementor-element-44844e9 elementor-widget elementor-widget-heading\" data-id=\"44844e9\" data-element_type=\"widget\" data-e-type=\"widget\" data-widget_type=\"heading.default\">\n\t\t\t\t<div class=\"elementor-widget-container\">\n\t\t\t\t\t<h2 class=\"elementor-heading-title elementor-size-xl\">Productos por aplicaci\u00f3n<\/h2>\t\t\t\t<\/div>\n\t\t\t\t<\/div>\n\t\t\t\t<section class=\"elementor-section elementor-inner-section elementor-element elementor-element-4f4e010 elementor-section-full_width elementor-section-height-default elementor-section-height-default\" data-id=\"4f4e010\" data-element_type=\"section\" data-e-type=\"section\">\n\t\t\t\t\t\t<div class=\"elementor-container elementor-column-gap-no\">\n\t\t\t\t\t<div class=\"elementor-column elementor-col-25 elementor-inner-column elementor-element elementor-element-0b73d20\" data-id=\"0b73d20\" data-element_type=\"column\" data-e-type=\"column\">\n\t\t\t<div class=\"elementor-widget-wrap elementor-element-populated\">\n\t\t\t\t\t\t<div class=\"elementor-element elementor-element-d6334f2 elementor-widget__width-initial elementor-position-top elementor-widget elementor-widget-image-box\" data-id=\"d6334f2\" data-element_type=\"widget\" data-e-type=\"widget\" data-widget_type=\"image-box.default\">\n\t\t\t\t<div class=\"elementor-widget-container\">\n\t\t\t\t\t<div class=\"elementor-image-box-wrapper\"><figure class=\"elementor-image-box-img\"><a href=\"https:\/\/www.upowertek.com\/es\/controladores-led-para-iluminacion-de-horticultura\/\" tabindex=\"-1\"><img fetchpriority=\"high\" decoding=\"async\" width=\"600\" height=\"450\" src=\"https:\/\/www.upowertek.com\/wp-content\/uploads\/2023\/12\/Horticulture-1.webp\" class=\"elementor-animation-grow attachment-woocommerce_single size-woocommerce_single wp-image-51226\" alt=\"horticulture 1\" srcset=\"https:\/\/www.upowertek.com\/wp-content\/uploads\/2023\/12\/Horticulture-1.webp 600w, https:\/\/www.upowertek.com\/wp-content\/uploads\/2023\/12\/Horticulture-1-300x225.webp 300w\" sizes=\"(max-width: 600px) 100vw, 600px\" \/><\/a><\/figure><\/div>\t\t\t\t<\/div>\n\t\t\t\t<\/div>\n\t\t\t\t<div class=\"elementor-element elementor-element-cff2902 elementor-widget elementor-widget-heading\" data-id=\"cff2902\" data-element_type=\"widget\" data-e-type=\"widget\" data-widget_type=\"heading.default\">\n\t\t\t\t<div class=\"elementor-widget-container\">\n\t\t\t\t\t<h3 class=\"elementor-heading-title elementor-size-medium\"><a href=\"https:\/\/www.upowertek.com\/es\/controladores-led-para-iluminacion-de-horticultura\/\">Iluminaci\u00f3n de horticultura<\/a><\/h3>\t\t\t\t<\/div>\n\t\t\t\t<\/div>\n\t\t\t\t\t<\/div>\n\t\t<\/div>\n\t\t\t\t<div class=\"elementor-column elementor-col-25 elementor-inner-column elementor-element elementor-element-6ab628e\" data-id=\"6ab628e\" data-element_type=\"column\" data-e-type=\"column\">\n\t\t\t<div class=\"elementor-widget-wrap elementor-element-populated\">\n\t\t\t\t\t\t<div class=\"elementor-element elementor-element-2c4d691 elementor-position-top elementor-widget elementor-widget-image-box\" data-id=\"2c4d691\" data-element_type=\"widget\" data-e-type=\"widget\" data-widget_type=\"image-box.default\">\n\t\t\t\t<div class=\"elementor-widget-container\">\n\t\t\t\t\t<div class=\"elementor-image-box-wrapper\"><figure class=\"elementor-image-box-img\"><a href=\"https:\/\/www.upowertek.com\/es\/iluminacion-de-estadios-y-deportes\/\" tabindex=\"-1\"><img decoding=\"async\" width=\"600\" height=\"450\" src=\"https:\/\/www.upowertek.com\/wp-content\/uploads\/2023\/12\/Stadium-and-Sports-3.webp\" class=\"elementor-animation-grow attachment-full size-full wp-image-51234\" alt=\"stadium and sports 3\" srcset=\"https:\/\/www.upowertek.com\/wp-content\/uploads\/2023\/12\/Stadium-and-Sports-3.webp 600w, https:\/\/www.upowertek.com\/wp-content\/uploads\/2023\/12\/Stadium-and-Sports-3-300x225.webp 300w\" sizes=\"(max-width: 600px) 100vw, 600px\" \/><\/a><\/figure><\/div>\t\t\t\t<\/div>\n\t\t\t\t<\/div>\n\t\t\t\t<div class=\"elementor-element elementor-element-f3c9976 elementor-widget elementor-widget-heading\" data-id=\"f3c9976\" data-element_type=\"widget\" data-e-type=\"widget\" data-widget_type=\"heading.default\">\n\t\t\t\t<div class=\"elementor-widget-container\">\n\t\t\t\t\t<h3 class=\"elementor-heading-title elementor-size-medium\"><a href=\"https:\/\/www.upowertek.com\/es\/iluminacion-de-estadios-y-deportes\/\">Iluminaci\u00f3n deportiva<\/a><\/h3>\t\t\t\t<\/div>\n\t\t\t\t<\/div>\n\t\t\t\t\t<\/div>\n\t\t<\/div>\n\t\t\t\t<div class=\"elementor-column elementor-col-25 elementor-inner-column elementor-element elementor-element-f370745\" data-id=\"f370745\" data-element_type=\"column\" data-e-type=\"column\">\n\t\t\t<div class=\"elementor-widget-wrap elementor-element-populated\">\n\t\t\t\t\t\t<div class=\"elementor-element elementor-element-834a690 elementor-position-top elementor-widget elementor-widget-image-box\" data-id=\"834a690\" data-element_type=\"widget\" data-e-type=\"widget\" data-widget_type=\"image-box.default\">\n\t\t\t\t<div class=\"elementor-widget-container\">\n\t\t\t\t\t<div class=\"elementor-image-box-wrapper\"><figure class=\"elementor-image-box-img\"><a href=\"https:\/\/www.upowertek.com\/es\/controladores-de-luz-led-para-bahias-altas\/\" tabindex=\"-1\"><img decoding=\"async\" width=\"600\" height=\"450\" src=\"https:\/\/www.upowertek.com\/wp-content\/uploads\/2023\/12\/High-Bay-Lighting-6.webp\" class=\"elementor-animation-grow attachment-woocommerce_single size-woocommerce_single wp-image-51242\" alt=\"high bay lighting 6\" srcset=\"https:\/\/www.upowertek.com\/wp-content\/uploads\/2023\/12\/High-Bay-Lighting-6.webp 600w, https:\/\/www.upowertek.com\/wp-content\/uploads\/2023\/12\/High-Bay-Lighting-6-300x225.webp 300w\" sizes=\"(max-width: 600px) 100vw, 600px\" \/><\/a><\/figure><\/div>\t\t\t\t<\/div>\n\t\t\t\t<\/div>\n\t\t\t\t<div class=\"elementor-element elementor-element-edcc1f3 elementor-widget elementor-widget-heading\" data-id=\"edcc1f3\" data-element_type=\"widget\" data-e-type=\"widget\" data-widget_type=\"heading.default\">\n\t\t\t\t<div class=\"elementor-widget-container\">\n\t\t\t\t\t<h3 class=\"elementor-heading-title elementor-size-medium\"><a href=\"https:\/\/www.upowertek.com\/es\/controladores-de-luz-led-para-bahias-altas\/\">Iluminaci\u00f3n de bah\u00eda alta<\/a><\/h3>\t\t\t\t<\/div>\n\t\t\t\t<\/div>\n\t\t\t\t\t<\/div>\n\t\t<\/div>\n\t\t\t\t<div class=\"elementor-column elementor-col-25 elementor-inner-column elementor-element elementor-element-b23e63b\" data-id=\"b23e63b\" data-element_type=\"column\" data-e-type=\"column\">\n\t\t\t<div class=\"elementor-widget-wrap elementor-element-populated\">\n\t\t\t\t\t\t<div class=\"elementor-element elementor-element-7a3d124 elementor-position-top elementor-widget elementor-widget-image-box\" data-id=\"7a3d124\" data-element_type=\"widget\" data-e-type=\"widget\" data-widget_type=\"image-box.default\">\n\t\t\t\t<div class=\"elementor-widget-container\">\n\t\t\t\t\t<div class=\"elementor-image-box-wrapper\"><figure class=\"elementor-image-box-img\"><a href=\"https:\/\/www.upowertek.com\/es\/controladores-de-alumbrado-publico-led\/\" tabindex=\"-1\"><img loading=\"lazy\" decoding=\"async\" width=\"600\" height=\"450\" src=\"https:\/\/www.upowertek.com\/wp-content\/uploads\/2023\/12\/Street-Lighting-4.webp\" class=\"elementor-animation-grow attachment-full size-full wp-image-51250\" alt=\"street lighting 4\" srcset=\"https:\/\/www.upowertek.com\/wp-content\/uploads\/2023\/12\/Street-Lighting-4.webp 600w, https:\/\/www.upowertek.com\/wp-content\/uploads\/2023\/12\/Street-Lighting-4-300x225.webp 300w\" sizes=\"(max-width: 600px) 100vw, 600px\" \/><\/a><\/figure><\/div>\t\t\t\t<\/div>\n\t\t\t\t<\/div>\n\t\t\t\t<div class=\"elementor-element elementor-element-57e7ef3 elementor-widget elementor-widget-heading\" data-id=\"57e7ef3\" data-element_type=\"widget\" data-e-type=\"widget\" data-widget_type=\"heading.default\">\n\t\t\t\t<div class=\"elementor-widget-container\">\n\t\t\t\t\t<h3 class=\"elementor-heading-title elementor-size-medium\"><a href=\"https:\/\/www.upowertek.com\/es\/controladores-de-alumbrado-publico-led\/\">Alumbrado P\u00fablico<\/a><\/h3>\t\t\t\t<\/div>\n\t\t\t\t<\/div>\n\t\t\t\t\t<\/div>\n\t\t<\/div>\n\t\t\t\t\t<\/div>\n\t\t<\/section>\n\t\t\t\t<section class=\"elementor-section elementor-inner-section elementor-element elementor-element-64618e9 elementor-section-full_width elementor-section-height-default elementor-section-height-default\" data-id=\"64618e9\" data-element_type=\"section\" data-e-type=\"section\">\n\t\t\t\t\t\t<div class=\"elementor-container elementor-column-gap-no\">\n\t\t\t\t\t<div class=\"elementor-column elementor-col-25 elementor-inner-column elementor-element elementor-element-d457cbc\" data-id=\"d457cbc\" data-element_type=\"column\" data-e-type=\"column\">\n\t\t\t<div class=\"elementor-widget-wrap elementor-element-populated\">\n\t\t\t\t\t\t<div class=\"elementor-element elementor-element-bf3d6e1 elementor-position-top elementor-widget elementor-widget-image-box\" data-id=\"bf3d6e1\" data-element_type=\"widget\" data-e-type=\"widget\" data-widget_type=\"image-box.default\">\n\t\t\t\t<div class=\"elementor-widget-container\">\n\t\t\t\t\t<div class=\"elementor-image-box-wrapper\"><figure class=\"elementor-image-box-img\"><a href=\"https:\/\/www.upowertek.com\/es\/controlador-led-de-espectro-sintonizable-para-grow-light\/\" tabindex=\"-1\"><img loading=\"lazy\" decoding=\"async\" width=\"600\" height=\"450\" src=\"https:\/\/www.upowertek.com\/wp-content\/uploads\/2023\/12\/Tunable-Spectrum-2.webp\" class=\"elementor-animation-grow attachment-full size-full wp-image-51258\" alt=\"tunable spectrum 2\" srcset=\"https:\/\/www.upowertek.com\/wp-content\/uploads\/2023\/12\/Tunable-Spectrum-2.webp 600w, https:\/\/www.upowertek.com\/wp-content\/uploads\/2023\/12\/Tunable-Spectrum-2-300x225.webp 300w\" sizes=\"(max-width: 600px) 100vw, 600px\" \/><\/a><\/figure><\/div>\t\t\t\t<\/div>\n\t\t\t\t<\/div>\n\t\t\t\t<div class=\"elementor-element elementor-element-a3bd6f9 elementor-widget elementor-widget-heading\" data-id=\"a3bd6f9\" data-element_type=\"widget\" data-e-type=\"widget\" data-widget_type=\"heading.default\">\n\t\t\t\t<div class=\"elementor-widget-container\">\n\t\t\t\t\t<h3 class=\"elementor-heading-title elementor-size-medium\"><a href=\"https:\/\/www.upowertek.com\/es\/controlador-led-de-espectro-sintonizable-para-grow-light\/\">Espectro sintonizable<\/a><\/h3>\t\t\t\t<\/div>\n\t\t\t\t<\/div>\n\t\t\t\t\t<\/div>\n\t\t<\/div>\n\t\t\t\t<div class=\"elementor-column elementor-col-25 elementor-inner-column elementor-element elementor-element-a726977\" data-id=\"a726977\" data-element_type=\"column\" data-e-type=\"column\">\n\t\t\t<div class=\"elementor-widget-wrap elementor-element-populated\">\n\t\t\t\t\t\t<div class=\"elementor-element elementor-element-cd01af9 elementor-position-top elementor-widget elementor-widget-image-box\" data-id=\"cd01af9\" data-element_type=\"widget\" data-e-type=\"widget\" data-widget_type=\"image-box.default\">\n\t\t\t\t<div class=\"elementor-widget-container\">\n\t\t\t\t\t<div class=\"elementor-image-box-wrapper\"><figure class=\"elementor-image-box-img\"><a href=\"https:\/\/www.upowertek.com\/es\/controladores-de-luz-de-tunel-led\/\" tabindex=\"-1\"><img loading=\"lazy\" decoding=\"async\" width=\"600\" height=\"450\" src=\"https:\/\/www.upowertek.com\/wp-content\/uploads\/2023\/12\/Tunnel-Lighting-5.webp\" class=\"elementor-animation-grow attachment-full size-full wp-image-51266\" alt=\"tunnel lighting 5\" srcset=\"https:\/\/www.upowertek.com\/wp-content\/uploads\/2023\/12\/Tunnel-Lighting-5.webp 600w, https:\/\/www.upowertek.com\/wp-content\/uploads\/2023\/12\/Tunnel-Lighting-5-300x225.webp 300w\" sizes=\"(max-width: 600px) 100vw, 600px\" \/><\/a><\/figure><\/div>\t\t\t\t<\/div>\n\t\t\t\t<\/div>\n\t\t\t\t<div class=\"elementor-element elementor-element-2656849 elementor-widget elementor-widget-heading\" data-id=\"2656849\" data-element_type=\"widget\" data-e-type=\"widget\" data-widget_type=\"heading.default\">\n\t\t\t\t<div class=\"elementor-widget-container\">\n\t\t\t\t\t<h3 class=\"elementor-heading-title elementor-size-medium\"><a href=\"https:\/\/www.upowertek.com\/es\/controladores-de-luz-de-tunel-led\/\">Iluminaci\u00f3n de t\u00faneles<\/a><\/h3>\t\t\t\t<\/div>\n\t\t\t\t<\/div>\n\t\t\t\t\t<\/div>\n\t\t<\/div>\n\t\t\t\t<div class=\"elementor-column elementor-col-25 elementor-inner-column elementor-element elementor-element-ed59380\" data-id=\"ed59380\" data-element_type=\"column\" data-e-type=\"column\">\n\t\t\t<div class=\"elementor-widget-wrap elementor-element-populated\">\n\t\t\t\t\t\t<div class=\"elementor-element elementor-element-2b9adbc elementor-position-top elementor-widget elementor-widget-image-box\" data-id=\"2b9adbc\" data-element_type=\"widget\" data-e-type=\"widget\" data-widget_type=\"image-box.default\">\n\t\t\t\t<div class=\"elementor-widget-container\">\n\t\t\t\t\t<div class=\"elementor-image-box-wrapper\"><figure class=\"elementor-image-box-img\"><a href=\"https:\/\/www.upowertek.com\/es\/controladores-led-de-voltaje-constante-regulables\/\" tabindex=\"-1\"><img loading=\"lazy\" decoding=\"async\" width=\"600\" height=\"450\" src=\"https:\/\/www.upowertek.com\/wp-content\/uploads\/2023\/12\/Constant-Voltage-7.webp\" class=\"elementor-animation-grow attachment-full size-full wp-image-51274\" alt=\"constant voltage 7\" srcset=\"https:\/\/www.upowertek.com\/wp-content\/uploads\/2023\/12\/Constant-Voltage-7.webp 600w, https:\/\/www.upowertek.com\/wp-content\/uploads\/2023\/12\/Constant-Voltage-7-300x225.webp 300w\" sizes=\"(max-width: 600px) 100vw, 600px\" \/><\/a><\/figure><\/div>\t\t\t\t<\/div>\n\t\t\t\t<\/div>\n\t\t\t\t<div class=\"elementor-element elementor-element-cd93d61 elementor-widget elementor-widget-heading\" data-id=\"cd93d61\" data-element_type=\"widget\" data-e-type=\"widget\" data-widget_type=\"heading.default\">\n\t\t\t\t<div class=\"elementor-widget-container\">\n\t\t\t\t\t<h3 class=\"elementor-heading-title elementor-size-medium\"><a href=\"https:\/\/www.upowertek.com\/es\/controladores-led-de-voltaje-constante-regulables\/\">Tiras y caja de luz<\/a><\/h3>\t\t\t\t<\/div>\n\t\t\t\t<\/div>\n\t\t\t\t\t<\/div>\n\t\t<\/div>\n\t\t\t\t<div class=\"elementor-column elementor-col-25 elementor-inner-column elementor-element elementor-element-d181a86\" data-id=\"d181a86\" data-element_type=\"column\" data-e-type=\"column\">\n\t\t\t<div class=\"elementor-widget-wrap elementor-element-populated\">\n\t\t\t\t\t\t<div class=\"elementor-element elementor-element-3a46d44 elementor-position-top elementor-widget elementor-widget-image-box\" data-id=\"3a46d44\" data-element_type=\"widget\" data-e-type=\"widget\" data-widget_type=\"image-box.default\">\n\t\t\t\t<div class=\"elementor-widget-container\">\n\t\t\t\t\t<div class=\"elementor-image-box-wrapper\"><figure class=\"elementor-image-box-img\"><a href=\"https:\/\/www.upowertek.com\/es\/iluminacion-agricola-y-avicola\/\" tabindex=\"-1\"><img loading=\"lazy\" decoding=\"async\" width=\"600\" height=\"450\" src=\"https:\/\/www.upowertek.com\/wp-content\/uploads\/2023\/12\/Agricultural-and-Poultry-8.webp\" class=\"elementor-animation-grow attachment-full size-full wp-image-51282\" alt=\"agricultural and poultry 8\" srcset=\"https:\/\/www.upowertek.com\/wp-content\/uploads\/2023\/12\/Agricultural-and-Poultry-8.webp 600w, https:\/\/www.upowertek.com\/wp-content\/uploads\/2023\/12\/Agricultural-and-Poultry-8-300x225.webp 300w\" sizes=\"(max-width: 600px) 100vw, 600px\" \/><\/a><\/figure><\/div>\t\t\t\t<\/div>\n\t\t\t\t<\/div>\n\t\t\t\t<div class=\"elementor-element elementor-element-de6dd26 elementor-widget elementor-widget-heading\" data-id=\"de6dd26\" data-element_type=\"widget\" data-e-type=\"widget\" data-widget_type=\"heading.default\">\n\t\t\t\t<div class=\"elementor-widget-container\">\n\t\t\t\t\t<h3 class=\"elementor-heading-title elementor-size-medium\"><a href=\"https:\/\/www.upowertek.com\/es\/iluminacion-agricola-y-avicola\/\">Iluminaci\u00f3n av\u00edcola<\/a><\/h3>\t\t\t\t<\/div>\n\t\t\t\t<\/div>\n\t\t\t\t\t<\/div>\n\t\t<\/div>\n\t\t\t\t\t<\/div>\n\t\t<\/section>\n\t\t\t\t\t<\/div>\n\t\t<\/div>\n\t\t\t\t\t<\/div>\n\t\t<\/section>\n\t\t\t\t<\/div>\n\t\t","protected":false},"excerpt":{"rendered":"<p>Productos por aplicaci\u00f3n Iluminaci\u00f3n de horticultura Iluminaci\u00f3n deportiva Iluminaci\u00f3n de bah\u00eda alta Alumbrado P\u00fablico Espectro sintonizable Iluminaci\u00f3n de t\u00faneles Tiras y caja de luz Iluminaci\u00f3n av\u00edcola<\/p>\n","protected":false},"author":1,"featured_media":0,"parent":0,"menu_order":0,"comment_status":"closed","ping_status":"closed","template":"","meta":{"_seopress_robots_primary_cat":"","_seopress_titles_title":"","_seopress_titles_desc":"","_seopress_robots_index":"","site-sidebar-layout":"no-sidebar","site-content-layout":"page-builder","ast-site-content-layout":"full-width-container","site-content-style":"default","site-sidebar-style":"default","ast-global-header-display":"","ast-banner-title-visibility":"","ast-main-header-display":"","ast-hfb-above-header-display":"","ast-hfb-below-header-display":"","ast-hfb-mobile-header-display":"","site-post-title":"disabled","ast-breadcrumbs-content":"","ast-featured-img":"disabled","footer-sml-layout":"","ast-disable-related-posts":"","theme-transparent-header-meta":"","adv-header-id-meta":"","stick-header-meta":"","header-above-stick-meta":"","header-main-stick-meta":"","header-below-stick-meta":"","astra-migrate-meta-layouts":"default","ast-page-background-enabled":"default","ast-page-background-meta":{"desktop":{"background-color":"var(--ast-global-color-4)","background-image":"","background-repeat":"repeat","background-position":"center center","background-size":"auto","background-attachment":"scroll","background-type":"","background-media":"","overlay-type":"","overlay-color":"","overlay-opacity":"","overlay-gradient":""},"tablet":{"background-color":"","background-image":"","background-repeat":"repeat","background-position":"center center","background-size":"auto","background-attachment":"scroll","background-type":"","background-media":"","overlay-type":"","overlay-color":"","overlay-opacity":"","overlay-gradient":""},"mobile":{"background-color":"","background-image":"","background-repeat":"repeat","background-position":"center center","background-size":"auto","background-attachment":"scroll","background-type":"","background-media":"","overlay-type":"","overlay-color":"","overlay-opacity":"","overlay-gradient":""}},"ast-content-background-meta":{"desktop":{"background-color":"var(--ast-global-color-5)","background-image":"","background-repeat":"repeat","background-position":"center center","background-size":"auto","background-attachment":"scroll","background-type":"","background-media":"","overlay-type":"","overlay-color":"","overlay-opacity":"","overlay-gradient":""},"tablet":{"background-color":"var(--ast-global-color-5)","background-image":"","background-repeat":"repeat","background-position":"center center","background-size":"auto","background-attachment":"scroll","background-type":"","background-media":"","overlay-type":"","overlay-color":"","overlay-opacity":"","overlay-gradient":""},"mobile":{"background-color":"var(--ast-global-color-5)","background-image":"","background-repeat":"repeat","background-position":"center center","background-size":"auto","background-attachment":"scroll","background-type":"","background-media":"","overlay-type":"","overlay-color":"","overlay-opacity":"","overlay-gradient":""}},"footnotes":""},"class_list":["post-56022","page","type-page","status-publish"],"_links":{"self":[{"href":"https:\/\/www.upowertek.com\/es\/wp-json\/wp\/v2\/pages\/56022","targetHints":{"allow":["GET"]}}],"collection":[{"href":"https:\/\/www.upowertek.com\/es\/wp-json\/wp\/v2\/pages"}],"about":[{"href":"https:\/\/www.upowertek.com\/es\/wp-json\/wp\/v2\/types\/page"}],"author":[{"embeddable":true,"href":"https:\/\/www.upowertek.com\/es\/wp-json\/wp\/v2\/users\/1"}],"replies":[{"embeddable":true,"href":"https:\/\/www.upowertek.com\/es\/wp-json\/wp\/v2\/comments?post=56022"}],"version-history":[{"count":2,"href":"https:\/\/www.upowertek.com\/es\/wp-json\/wp\/v2\/pages\/56022\/revisions"}],"predecessor-version":[{"id":57813,"href":"https:\/\/www.upowertek.com\/es\/wp-json\/wp\/v2\/pages\/56022\/revisions\/57813"}],"wp:attachment":[{"href":"https:\/\/www.upowertek.com\/es\/wp-json\/wp\/v2\/media?parent=56022"}],"curies":[{"name":"wp","href":"https:\/\/api.w.org\/{rel}","templated":true}]}}