{"id":34242,"date":"2022-06-13T16:44:03","date_gmt":"2022-06-13T08:44:03","guid":{"rendered":"https:\/\/www.upowertek.com\/limitador-de-corriente-de-entrada-16a\/"},"modified":"2022-12-10T13:28:32","modified_gmt":"2022-12-10T05:28:32","slug":"limitador-de-corriente-de-entrada-16a","status":"publish","type":"page","link":"https:\/\/www.upowertek.com\/es\/limitador-de-corriente-de-entrada-16a\/","title":{"rendered":"Limitador de corriente de entrada 16A"},"content":{"rendered":"\n<div class=\"wp-block-columns is-layout-flex wp-container-core-columns-is-layout-28f84493 wp-block-columns-is-layout-flex\">\n<div class=\"wp-block-column is-layout-flow wp-block-column-is-layout-flow\">\n<h2 class=\"wp-block-heading\">Caracter\u00edstica de producto<\/h2>\n\n\n\n<ul class=\"wp-block-list\"><li>Limite la corriente de entrada a 16A<\/li><li>IP67 a prueba de agua<\/li><li>Rel\u00e9 de derivaci\u00f3n integrado<\/li><li>Garant\u00eda de 5 a\u00f1os<\/li><\/ul>\n\n\n\n<div style=\"height:22px\" aria-hidden=\"true\" class=\"wp-block-spacer\"><\/div>\n\n\n\n<h2 class=\"wp-block-heading\">Aplicaci\u00f3n del producto<\/h2>\n\n\n\n<p>Carga capacitiva, carga de alta corriente de irrupci\u00f3n<\/p>\n<\/div>\n\n\n\n<div class=\"wp-block-column is-layout-flow wp-block-column-is-layout-flow\">\n<figure class=\"wp-block-image size-large\"><img fetchpriority=\"high\" decoding=\"async\" width=\"1024\" height=\"602\" src=\"https:\/\/www.upowertek.com\/wp-content\/uploads\/2022\/06\/RSH-016A-1024x602.webp\" alt=\"rsh 016a\" class=\"wp-image-13018\" srcset=\"https:\/\/www.upowertek.com\/wp-content\/uploads\/2022\/06\/RSH-016A-1024x602.webp 1024w, https:\/\/www.upowertek.com\/wp-content\/uploads\/2022\/06\/RSH-016A-600x353.webp 600w, https:\/\/www.upowertek.com\/wp-content\/uploads\/2022\/06\/RSH-016A-300x176.webp 300w, https:\/\/www.upowertek.com\/wp-content\/uploads\/2022\/06\/RSH-016A-768x451.webp 768w, https:\/\/www.upowertek.com\/wp-content\/uploads\/2022\/06\/RSH-016A-640x376.webp 640w, https:\/\/www.upowertek.com\/wp-content\/uploads\/2022\/06\/RSH-016A-400x235.webp 400w, https:\/\/www.upowertek.com\/wp-content\/uploads\/2022\/06\/RSH-016A-367x216.webp 367w, https:\/\/www.upowertek.com\/wp-content\/uploads\/2022\/06\/RSH-016A.webp 1094w\" sizes=\"(max-width: 1024px) 100vw, 1024px\" \/><\/figure>\n<\/div>\n<\/div>\n\n<h2 class=\"wp-block-heading\">Datos t\u00e9cnicos<\/h2>\n\n<figure class=\"wp-block-table\"><table><tbody><tr><td>Aporte<\/td><td>100~264 V CA 50\/60 Hz, 16 A m\u00e1x.<\/td><\/tr><tr><td>Corriente de entrada m\u00e1x.<\/td><td>25.0A @240Vac<\/td><\/tr><tr><td>m\u00e1x. Corriente de trabajo<\/td><td>16.0A<\/td><\/tr><tr><td>Dimensiones<\/td><td>66&#215;68,0x38,5 por mm (cuerpo), 93,0&#215;68,0x38,5 por mm (tapas incluidas)<\/td><\/tr><tr><td>Cable de conexi\u00f3n<\/td><td>H07RN-F 3*2,5 mm2, L=marr\u00f3n; N=Azul; PE=Amarillo\/Verde)<\/td><\/tr><tr><td>Ambiente de trabajo<\/td><td>Temperatura\uff1a\uff0d40\u2103\uff5e\uff0b85\u2103\uff1b Humedad relativa\uff1a\u226495%<\/td><\/tr><tr><td>Grado de protecci\u00f3n de la carcasa<\/td><td>IP67<\/td><\/tr><tr><td>Peso<\/td><td>0,33 kg<\/td><\/tr><\/tbody><\/table><\/figure>\n\n<div style=\"height:22px\" aria-hidden=\"true\" class=\"wp-block-spacer\"><\/div>\n\n<h2 class=\"wp-block-heading\">Imagen del producto<\/h2>\n\n<figure class=\"wp-block-gallery has-nested-images columns-default is-cropped wp-block-gallery-1 is-layout-flex wp-block-gallery-is-layout-flex\">\n<figure class=\"wp-block-image size-large\"><img decoding=\"async\" width=\"912\" height=\"684\" data-id=\"13005\" src=\"https:\/\/www.upowertek.com\/wp-content\/uploads\/2022\/06\/RSH-016A-3.webp\" alt=\"rsh 016a 3\" class=\"wp-image-13005\" srcset=\"https:\/\/www.upowertek.com\/wp-content\/uploads\/2022\/06\/RSH-016A-3.webp 912w, https:\/\/www.upowertek.com\/wp-content\/uploads\/2022\/06\/RSH-016A-3-600x450.webp 600w, https:\/\/www.upowertek.com\/wp-content\/uploads\/2022\/06\/RSH-016A-3-300x225.webp 300w, https:\/\/www.upowertek.com\/wp-content\/uploads\/2022\/06\/RSH-016A-3-768x576.webp 768w, https:\/\/www.upowertek.com\/wp-content\/uploads\/2022\/06\/RSH-016A-3-463x348.webp 463w, https:\/\/www.upowertek.com\/wp-content\/uploads\/2022\/06\/RSH-016A-3-640x480.webp 640w, https:\/\/www.upowertek.com\/wp-content\/uploads\/2022\/06\/RSH-016A-3-400x300.webp 400w, https:\/\/www.upowertek.com\/wp-content\/uploads\/2022\/06\/RSH-016A-3-367x275.webp 367w, https:\/\/www.upowertek.com\/wp-content\/uploads\/2022\/06\/RSH-016A-3-200x150.webp 200w\" sizes=\"(max-width: 912px) 100vw, 912px\" \/><figcaption>Etiqueta<\/figcaption><\/figure>\n\n\n\n<figure class=\"wp-block-image size-large\"><img decoding=\"async\" width=\"912\" height=\"684\" data-id=\"13003\" src=\"https:\/\/www.upowertek.com\/wp-content\/uploads\/2022\/06\/RSH-016A-1.webp\" alt=\"rsh 016a 1\" class=\"wp-image-13003\" srcset=\"https:\/\/www.upowertek.com\/wp-content\/uploads\/2022\/06\/RSH-016A-1.webp 912w, https:\/\/www.upowertek.com\/wp-content\/uploads\/2022\/06\/RSH-016A-1-600x450.webp 600w, https:\/\/www.upowertek.com\/wp-content\/uploads\/2022\/06\/RSH-016A-1-300x225.webp 300w, https:\/\/www.upowertek.com\/wp-content\/uploads\/2022\/06\/RSH-016A-1-768x576.webp 768w, https:\/\/www.upowertek.com\/wp-content\/uploads\/2022\/06\/RSH-016A-1-463x348.webp 463w, https:\/\/www.upowertek.com\/wp-content\/uploads\/2022\/06\/RSH-016A-1-640x480.webp 640w, https:\/\/www.upowertek.com\/wp-content\/uploads\/2022\/06\/RSH-016A-1-400x300.webp 400w, https:\/\/www.upowertek.com\/wp-content\/uploads\/2022\/06\/RSH-016A-1-367x275.webp 367w, https:\/\/www.upowertek.com\/wp-content\/uploads\/2022\/06\/RSH-016A-1-200x150.webp 200w\" sizes=\"(max-width: 912px) 100vw, 912px\" \/><figcaption>Producci\u00f3n<\/figcaption><\/figure>\n\n\n\n<figure class=\"wp-block-image size-large\"><img loading=\"lazy\" decoding=\"async\" width=\"912\" height=\"684\" data-id=\"13004\" src=\"https:\/\/www.upowertek.com\/wp-content\/uploads\/2022\/06\/RSH-016A-2.webp\" alt=\"rsh 016a 2\" class=\"wp-image-13004\" srcset=\"https:\/\/www.upowertek.com\/wp-content\/uploads\/2022\/06\/RSH-016A-2.webp 912w, https:\/\/www.upowertek.com\/wp-content\/uploads\/2022\/06\/RSH-016A-2-600x450.webp 600w, https:\/\/www.upowertek.com\/wp-content\/uploads\/2022\/06\/RSH-016A-2-300x225.webp 300w, https:\/\/www.upowertek.com\/wp-content\/uploads\/2022\/06\/RSH-016A-2-768x576.webp 768w, https:\/\/www.upowertek.com\/wp-content\/uploads\/2022\/06\/RSH-016A-2-463x348.webp 463w, https:\/\/www.upowertek.com\/wp-content\/uploads\/2022\/06\/RSH-016A-2-640x480.webp 640w, https:\/\/www.upowertek.com\/wp-content\/uploads\/2022\/06\/RSH-016A-2-400x300.webp 400w, https:\/\/www.upowertek.com\/wp-content\/uploads\/2022\/06\/RSH-016A-2-367x275.webp 367w, https:\/\/www.upowertek.com\/wp-content\/uploads\/2022\/06\/RSH-016A-2-200x150.webp 200w\" sizes=\"(max-width: 912px) 100vw, 912px\" \/><figcaption>Aporte<\/figcaption><\/figure>\n<\/figure>\n\n<div style=\"height:29px\" aria-hidden=\"true\" class=\"wp-block-spacer\"><\/div>\n\n<h2 class=\"wp-block-heading\">Diagrama de cableado<\/h2>\n\n<figure class=\"wp-block-image aligncenter size-full\"><img loading=\"lazy\" decoding=\"async\" width=\"534\" height=\"221\" src=\"https:\/\/www.upowertek.com\/wp-content\/uploads\/2022\/06\/RSH-06A-wiring.png\" alt=\"cableado rsh 06a\" class=\"wp-image-13013\" srcset=\"https:\/\/www.upowertek.com\/wp-content\/uploads\/2022\/06\/RSH-06A-wiring.png 534w, https:\/\/www.upowertek.com\/wp-content\/uploads\/2022\/06\/RSH-06A-wiring-300x124.png 300w, https:\/\/www.upowertek.com\/wp-content\/uploads\/2022\/06\/RSH-06A-wiring-400x166.png 400w, https:\/\/www.upowertek.com\/wp-content\/uploads\/2022\/06\/RSH-06A-wiring-367x152.png 367w\" sizes=\"(max-width: 534px) 100vw, 534px\" \/><figcaption>Cableado del limitador de corriente de irrupci\u00f3n<\/figcaption><\/figure>\n\n<h2 class=\"wp-block-heading\">Dise\u00f1o mecanico<\/h2>\n\n<figure class=\"wp-block-image aligncenter size-large\"><img decoding=\"async\" src=\"https:\/\/www.upowertek.com\/wp-content\/uploads\/2022\/06\/RSH-016A-S&#xFF0C;mechanical-drawing-1024x617.webp\" alt=\"rsh 016a s&#xFF0C;dibujo mec&#xE1;nico\" class=\"wp-image-13014\"\/><figcaption>Dibujo mec\u00e1nico del limitador de corriente de entrada RSH-016A<\/figcaption><\/figure>\n\n<div style=\"height:38px\" aria-hidden=\"true\" class=\"wp-block-spacer\"><\/div>\n\n<h2 class=\"wp-block-heading\">\u00bfC\u00f3mo probar la corriente de entrada?<\/h2>\n\n<p>Por lo general, el controlador de LED tiene la mayor corriente de entrada cuando comienza a 90 grados o 270 grados, por lo que debemos monitorear la corriente de entrada en estos dos puntos. Pero es dif\u00edcil asegurarse de que se encienda exactamente a 90 o 270 grados. <\/p>\n\n<figure class=\"wp-block-image size-full\"><img loading=\"lazy\" decoding=\"async\" width=\"650\" height=\"404\" src=\"https:\/\/www.upowertek.com\/wp-content\/uploads\/2022\/06\/Phase-shift.png\" alt=\"cambio de fase\" class=\"wp-image-13167\" srcset=\"https:\/\/www.upowertek.com\/wp-content\/uploads\/2022\/06\/Phase-shift.png 650w, https:\/\/www.upowertek.com\/wp-content\/uploads\/2022\/06\/Phase-shift-600x373.png 600w, https:\/\/www.upowertek.com\/wp-content\/uploads\/2022\/06\/Phase-shift-300x186.png 300w, https:\/\/www.upowertek.com\/wp-content\/uploads\/2022\/06\/Phase-shift-640x398.png 640w, https:\/\/www.upowertek.com\/wp-content\/uploads\/2022\/06\/Phase-shift-400x249.png 400w, https:\/\/www.upowertek.com\/wp-content\/uploads\/2022\/06\/Phase-shift-367x228.png 367w\" sizes=\"(max-width: 650px) 100vw, 650px\" \/><\/figure>\n\n<p>Podemos construir un dispositivo para garantizar que el controlador se encienda a pleno voltaje, por lo que tendr\u00e1 el m\u00e1ximo. corriente de entrada, entonces podemos capturar la corriente de entrada por osciloscopio. La idea general es que ponemos en paralelo muchos capacitores. P\u00f3ngase en contacto con el departamento de ventas de uPowerTek si desea conocer el valor del condensador.<\/p>\n\n<figure class=\"wp-block-image size-full\"><img loading=\"lazy\" decoding=\"async\" width=\"853\" height=\"640\" src=\"https:\/\/www.upowertek.com\/wp-content\/uploads\/2022\/06\/inrush-current-testing-tool.webp\" alt=\"herramienta de prueba de corriente de irrupci&#xF3;n\" class=\"wp-image-13168\" srcset=\"https:\/\/www.upowertek.com\/wp-content\/uploads\/2022\/06\/inrush-current-testing-tool.webp 853w, https:\/\/www.upowertek.com\/wp-content\/uploads\/2022\/06\/inrush-current-testing-tool-600x450.webp 600w, https:\/\/www.upowertek.com\/wp-content\/uploads\/2022\/06\/inrush-current-testing-tool-300x225.webp 300w, https:\/\/www.upowertek.com\/wp-content\/uploads\/2022\/06\/inrush-current-testing-tool-768x576.webp 768w, https:\/\/www.upowertek.com\/wp-content\/uploads\/2022\/06\/inrush-current-testing-tool-463x348.webp 463w, https:\/\/www.upowertek.com\/wp-content\/uploads\/2022\/06\/inrush-current-testing-tool-640x480.webp 640w, https:\/\/www.upowertek.com\/wp-content\/uploads\/2022\/06\/inrush-current-testing-tool-400x300.webp 400w, https:\/\/www.upowertek.com\/wp-content\/uploads\/2022\/06\/inrush-current-testing-tool-367x275.webp 367w, https:\/\/www.upowertek.com\/wp-content\/uploads\/2022\/06\/inrush-current-testing-tool-200x150.webp 200w\" sizes=\"(max-width: 853px) 100vw, 853px\" \/><\/figure>\n\n<p>Para comenzar la prueba, debemos colocar un MCB entre el controlador y el dispositivo. Primero, cargue el dispositivo, luego encienda el MCB y podr\u00e1 obtener una forma de onda de corriente de irrupci\u00f3n perfecta como esta.<\/p>\n\n<figure class=\"wp-block-image size-full\"><img loading=\"lazy\" decoding=\"async\" width=\"901\" height=\"518\" src=\"https:\/\/www.upowertek.com\/wp-content\/uploads\/2022\/06\/inrush.webp\" alt=\"irrupci&#xF3;n\" class=\"wp-image-13173\" srcset=\"https:\/\/www.upowertek.com\/wp-content\/uploads\/2022\/06\/inrush.webp 901w, https:\/\/www.upowertek.com\/wp-content\/uploads\/2022\/06\/inrush-600x345.webp 600w, https:\/\/www.upowertek.com\/wp-content\/uploads\/2022\/06\/inrush-300x172.webp 300w, https:\/\/www.upowertek.com\/wp-content\/uploads\/2022\/06\/inrush-768x442.webp 768w, https:\/\/www.upowertek.com\/wp-content\/uploads\/2022\/06\/inrush-640x368.webp 640w, https:\/\/www.upowertek.com\/wp-content\/uploads\/2022\/06\/inrush-400x230.webp 400w, https:\/\/www.upowertek.com\/wp-content\/uploads\/2022\/06\/inrush-367x211.webp 367w\" sizes=\"(max-width: 901px) 100vw, 901px\" \/><\/figure>\n\n<h2 class=\"wp-block-heading\">Errores sobre la forma de onda de la corriente de irrupci\u00f3n<\/h2>\n\n<p>Algunas personas obtienen una forma de onda como esta. En realidad, no es la forma de onda de la corriente de irrupci\u00f3n. Cuando enciende el controlador, primero cargar\u00e1 el capacitor x, es muy r\u00e1pido y solo dura varios microsegundos.<\/p>\n\n<figure class=\"wp-block-image size-large\"><img loading=\"lazy\" decoding=\"async\" width=\"1024\" height=\"608\" src=\"https:\/\/www.upowertek.com\/wp-content\/uploads\/2022\/06\/incorrect-inrush-current-waveform-1024x608.png\" alt=\"forma de onda de corriente de irrupci&#xF3;n incorrecta\" class=\"wp-image-13172\" srcset=\"https:\/\/www.upowertek.com\/wp-content\/uploads\/2022\/06\/incorrect-inrush-current-waveform-1024x608.png 1024w, https:\/\/www.upowertek.com\/wp-content\/uploads\/2022\/06\/incorrect-inrush-current-waveform-600x356.png 600w, https:\/\/www.upowertek.com\/wp-content\/uploads\/2022\/06\/incorrect-inrush-current-waveform-300x178.png 300w, https:\/\/www.upowertek.com\/wp-content\/uploads\/2022\/06\/incorrect-inrush-current-waveform-768x456.png 768w, https:\/\/www.upowertek.com\/wp-content\/uploads\/2022\/06\/incorrect-inrush-current-waveform-640x380.png 640w, https:\/\/www.upowertek.com\/wp-content\/uploads\/2022\/06\/incorrect-inrush-current-waveform-400x237.png 400w, https:\/\/www.upowertek.com\/wp-content\/uploads\/2022\/06\/incorrect-inrush-current-waveform-367x218.png 367w, https:\/\/www.upowertek.com\/wp-content\/uploads\/2022\/06\/incorrect-inrush-current-waveform.png 1070w\" sizes=\"(max-width: 1024px) 100vw, 1024px\" \/><figcaption>forma de onda de corriente de irrupci\u00f3n incorrecta<\/figcaption><\/figure>\n\n<div style=\"height:42px\" aria-hidden=\"true\" class=\"wp-block-spacer\"><\/div>\n\n<div class=\"wp-block-columns is-layout-flex wp-container-core-columns-is-layout-28f84493 wp-block-columns-is-layout-flex\">\n<div class=\"wp-block-column is-layout-flow wp-block-column-is-layout-flow\">\n<h2 class=\"wp-block-heading\">\u00bfCu\u00e1ntas fuentes de alimentaci\u00f3n o limitadores de corriente de irrupci\u00f3n se pueden conectar detr\u00e1s del MCB?<\/h2>\n\n\n\n<p>Tenemos este art\u00edculo para explicarlo todo, l\u00e9elo ahora.<\/p>\n\n\n\n<figure class=\"wp-block-embed is-type-wp-embed is-provider-upowertek wp-block-embed-upowertek\">\n<blockquote class=\"wp-embedded-content\" data-secret=\"B7miHCFOBo\"><a href=\"https:\/\/www.upowertek.com\/how-to-calculate-the-number-of-led-drivers-that-can-be-connected-to-an-mcb\/\">LED Driver Inrush Current and MCB Quantity<\/a><\/blockquote><iframe class=\"wp-embedded-content\" sandbox=\"allow-scripts\" security=\"restricted\" style=\"position: absolute; clip: rect(1px, 1px, 1px, 1px);\" title=\"\u00abLED Driver Inrush Current and MCB Quantity\u00bb \u2014 uPowerTek\" src=\"https:\/\/www.upowertek.com\/how-to-calculate-the-number-of-led-drivers-that-can-be-connected-to-an-mcb\/embed\/#?secret=k0yCrHMEGW#?secret=B7miHCFOBo\" data-secret=\"B7miHCFOBo\" width=\"500\" height=\"282\" frameborder=\"0\" marginwidth=\"0\" marginheight=\"0\" scrolling=\"no\"><\/iframe>\n<\/figure>\n\n\n\n<div style=\"height:24px\" aria-hidden=\"true\" class=\"wp-block-spacer\"><\/div>\n\n\n\n<div class=\"wp-block-buttons alignwide is-horizontal is-content-justification-center is-layout-flex wp-container-core-buttons-is-layout-03627597 wp-block-buttons-is-layout-flex\">\n<div class=\"wp-block-button\"><a class=\"wp-block-button__link has-light-color has-primary-background-color has-text-color has-background\" style=\"border-radius:5px\">Necesito una muestra &#8212;&gt;&gt;&gt;&gt;<\/a><\/div>\n<\/div>\n\n\n\n<p>Por favor, h\u00e1ganos saber m\u00e1s acerca de sus requisitos completando el formulario a la izquierda.<\/p>\n<\/div>\n\n\n\n<div class=\"wp-block-column is-layout-flow wp-block-column-is-layout-flow\">\n<h2 class=\"wp-block-heading\">\u00bfCu\u00e1ntas fuentes de alimentaci\u00f3n se pueden conectar detr\u00e1s de RSH-016A?<\/h2>\n\n\n\n<p>El m\u00e1ximo. La corriente de trabajo de este producto es de 16 A, por lo que la corriente de entrada total de las fuentes de alimentaci\u00f3n debe ser inferior a 16 A. Por ejemplo, la corriente de entrada del controlador LED de 150 W es de alrededor de 0,75 A a 220 Vac, luego puede conectar un controlador LED de 16 A\/0,75 A = 21 unidades de 150 W. Es mejor tener algo de margen, multipliquemos 0.9 y obtenemos 18 piezas.<\/p>\n\n\n\n<h3 class=\"wp-block-heading\">\u00bfTodav\u00eda tienes preguntas?<\/h3>\n\n\n\n<div class=\"wp-block-contact-form-7-contact-form-selector\">\n<div class=\"wpcf7 no-js\" id=\"wpcf7-f11097-o1\" lang=\"en-US\" dir=\"ltr\" data-wpcf7-id=\"11097\">\n<div class=\"screen-reader-response\"><p role=\"status\" aria-live=\"polite\" aria-atomic=\"true\"><\/p> <ul><\/ul><\/div>\n<form action=\"\/es\/wp-json\/wp\/v2\/pages\/34242#wpcf7-f11097-o1\" method=\"post\" class=\"wpcf7-form init\" aria-label=\"Contact form\" novalidate=\"novalidate\" data-status=\"init\">\n<fieldset class=\"hidden-fields-container\"><input type=\"hidden\" name=\"_wpcf7\" value=\"11097\" \/><input type=\"hidden\" name=\"_wpcf7_version\" value=\"6.1.1\" \/><input type=\"hidden\" name=\"_wpcf7_locale\" value=\"en_US\" \/><input type=\"hidden\" name=\"_wpcf7_unit_tag\" value=\"wpcf7-f11097-o1\" \/><input type=\"hidden\" name=\"_wpcf7_container_post\" value=\"0\" \/><input type=\"hidden\" name=\"_wpcf7_posted_data_hash\" value=\"\" \/><input type=\"hidden\" name=\"_wpcf7dtx_version\" value=\"5.0.3\" \/>\n<\/fieldset>\n<p><label> Your name<br \/>\n<span class=\"wpcf7-form-control-wrap\" data-name=\"your-name\"><input size=\"40\" maxlength=\"400\" class=\"wpcf7-form-control wpcf7-text wpcf7-validates-as-required\" aria-required=\"true\" aria-invalid=\"false\" value=\"\" type=\"text\" name=\"your-name\" \/><\/span> <\/label><br \/>\n<label> Your email<br \/>\n<span class=\"wpcf7-form-control-wrap\" data-name=\"your-email\"><input size=\"40\" maxlength=\"400\" class=\"wpcf7-form-control wpcf7-email wpcf7-validates-as-required wpcf7-text wpcf7-validates-as-email\" aria-required=\"true\" aria-invalid=\"false\" value=\"\" type=\"email\" name=\"your-email\" \/><\/span> <\/label><br \/>\n<label> How can we help you?<br \/>\n<span class=\"wpcf7-form-control-wrap\" data-name=\"your-message\"><textarea cols=\"40\" rows=\"10\" maxlength=\"2000\" class=\"wpcf7-form-control wpcf7-textarea\" aria-invalid=\"false\" name=\"your-message\"><\/textarea><\/span> <\/label>\n<\/p>\n<p><input class=\"wpcf7-form-control wpcf7-submit has-spinner\" type=\"submit\" value=\"Enquiry Now\" \/>\n<\/p>\n<p>*We respect your confidentiality and all information is protected\n<\/p>\n<span class=\"wpcf7-form-control-wrap chapter\" data-name=\"chapter\"><input type=\"hidden\" name=\"chapter\" class=\"wpcf7-form-control wpcf7-hidden wpcf7dtx wpcf7dtx-hidden\" aria-invalid=\"false\" value=\"Limitador de corriente de entrada 16A\"><\/span>\n<span class=\"wpcf7-form-control-wrap dynamicurl\" data-name=\"dynamicurl\"><input type=\"hidden\" name=\"dynamicurl\" id=\"post-url\" class=\"wpcf7-form-control wpcf7-hidden wpcf7dtx wpcf7dtx-hidden\" aria-invalid=\"false\" value=\"https:\/\/www.upowertek.com\/es\/wp-json\/wp\/v2\/pages\/34242\"><\/span><p style=\"display: none !important;\" class=\"akismet-fields-container\" data-prefix=\"_wpcf7_ak_\"><label>&#916;<textarea name=\"_wpcf7_ak_hp_textarea\" cols=\"45\" rows=\"8\" maxlength=\"100\"><\/textarea><\/label><input type=\"hidden\" id=\"ak_js_1\" name=\"_wpcf7_ak_js\" value=\"176\"\/><script>document.getElementById( \"ak_js_1\" ).setAttribute( \"value\", ( new Date() ).getTime() );<\/script><\/p><div class=\"wpcf7-response-output\" aria-hidden=\"true\"><\/div>\n<\/form>\n<\/div>\n<\/div>\n<\/div>\n<\/div>\n\n<p><\/p>\n","protected":false},"excerpt":{"rendered":"<p>Caracter\u00edstica de producto Limite la corriente de entrada a 16A IP67 a prueba de agua Rel\u00e9 de derivaci\u00f3n integrado Garant\u00eda de 5 a\u00f1os Aplicaci\u00f3n del producto Carga capacitiva, carga de alta corriente de irrupci\u00f3n Datos t\u00e9cnicos Aporte 100~264 V CA 50\/60 Hz, 16 A m\u00e1x. Corriente de entrada m\u00e1x. 25.0A @240Vac m\u00e1x. Corriente de trabajo [&hellip;]<\/p>\n","protected":false},"author":1,"featured_media":0,"parent":0,"menu_order":0,"comment_status":"closed","ping_status":"closed","template":"","meta":{"_seopress_robots_primary_cat":"","_seopress_titles_title":"","_seopress_titles_desc":"","_seopress_robots_index":"","site-sidebar-layout":"default","site-content-layout":"","ast-site-content-layout":"","site-content-style":"default","site-sidebar-style":"default","ast-global-header-display":"","ast-banner-title-visibility":"","ast-main-header-display":"","ast-hfb-above-header-display":"","ast-hfb-below-header-display":"","ast-hfb-mobile-header-display":"","site-post-title":"","ast-breadcrumbs-content":"","ast-featured-img":"","footer-sml-layout":"","theme-transparent-header-meta":"","adv-header-id-meta":"","stick-header-meta":"","header-above-stick-meta":"","header-main-stick-meta":"","header-below-stick-meta":"","astra-migrate-meta-layouts":"default","ast-page-background-enabled":"default","ast-page-background-meta":{"desktop":{"background-color":"var(--ast-global-color-4)","background-image":"","background-repeat":"repeat","background-position":"center center","background-size":"auto","background-attachment":"scroll","background-type":"","background-media":"","overlay-type":"","overlay-color":"","overlay-opacity":"","overlay-gradient":""},"tablet":{"background-color":"","background-image":"","background-repeat":"repeat","background-position":"center center","background-size":"auto","background-attachment":"scroll","background-type":"","background-media":"","overlay-type":"","overlay-color":"","overlay-opacity":"","overlay-gradient":""},"mobile":{"background-color":"","background-image":"","background-repeat":"repeat","background-position":"center center","background-size":"auto","background-attachment":"scroll","background-type":"","background-media":"","overlay-type":"","overlay-color":"","overlay-opacity":"","overlay-gradient":""}},"ast-content-background-meta":{"desktop":{"background-color":"var(--ast-global-color-5)","background-image":"","background-repeat":"repeat","background-position":"center center","background-size":"auto","background-attachment":"scroll","background-type":"","background-media":"","overlay-type":"","overlay-color":"","overlay-opacity":"","overlay-gradient":""},"tablet":{"background-color":"var(--ast-global-color-5)","background-image":"","background-repeat":"repeat","background-position":"center center","background-size":"auto","background-attachment":"scroll","background-type":"","background-media":"","overlay-type":"","overlay-color":"","overlay-opacity":"","overlay-gradient":""},"mobile":{"background-color":"var(--ast-global-color-5)","background-image":"","background-repeat":"repeat","background-position":"center center","background-size":"auto","background-attachment":"scroll","background-type":"","background-media":"","overlay-type":"","overlay-color":"","overlay-opacity":"","overlay-gradient":""}},"footnotes":""},"class_list":["post-34242","page","type-page","status-publish"],"_links":{"self":[{"href":"https:\/\/www.upowertek.com\/es\/wp-json\/wp\/v2\/pages\/34242","targetHints":{"allow":["GET"]}}],"collection":[{"href":"https:\/\/www.upowertek.com\/es\/wp-json\/wp\/v2\/pages"}],"about":[{"href":"https:\/\/www.upowertek.com\/es\/wp-json\/wp\/v2\/types\/page"}],"author":[{"embeddable":true,"href":"https:\/\/www.upowertek.com\/es\/wp-json\/wp\/v2\/users\/1"}],"replies":[{"embeddable":true,"href":"https:\/\/www.upowertek.com\/es\/wp-json\/wp\/v2\/comments?post=34242"}],"version-history":[{"count":1,"href":"https:\/\/www.upowertek.com\/es\/wp-json\/wp\/v2\/pages\/34242\/revisions"}],"predecessor-version":[{"id":34281,"href":"https:\/\/www.upowertek.com\/es\/wp-json\/wp\/v2\/pages\/34242\/revisions\/34281"}],"wp:attachment":[{"href":"https:\/\/www.upowertek.com\/es\/wp-json\/wp\/v2\/media?parent=34242"}],"curies":[{"name":"wp","href":"https:\/\/api.w.org\/{rel}","templated":true}]}}