{"id":33785,"date":"2022-01-19T17:13:46","date_gmt":"2022-01-19T09:13:46","guid":{"rendered":"https:\/\/www.upowertek.com\/controlador-led-plug-and-play-para-luces-de-crecimiento\/"},"modified":"2023-07-21T10:49:08","modified_gmt":"2023-07-21T02:49:08","slug":"controlador-led-plug-and-play-para-luces-de-crecimiento","status":"publish","type":"page","link":"https:\/\/www.upowertek.com\/es\/controlador-led-plug-and-play-para-luces-de-crecimiento\/","title":{"rendered":"Controlador LED Plug and Play para luces de crecimiento"},"content":{"rendered":"\n<h2 class=\"wp-block-heading has-text-align-center\">Cartera de productos de controladores LED Plug and Play<\/h2>\n\n<p class=\"has-text-align-center\">Puede obtener diferentes potencias de salida y rangos de corriente para su placa cu\u00e1ntica y luces de crecimiento LED de barra.<\/p>\n\n<div class=\"wp-block-columns is-layout-flex wp-container-core-columns-is-layout-28f84493 wp-block-columns-is-layout-flex\">\n<div class=\"wp-block-column is-layout-flow wp-block-column-is-layout-flow\">\n<ul class=\"wp-block-list\" id=\"porto-info-list15273378526368c91d15a4b\">\n<li><strong>Potencia de salida:<\/strong> 200 W\/240 W\/320 W\/400 W para luces LED de crecimiento de tableros cu\u00e1nticos.<\/li>\n\n\n\n<li><strong>Potencia de salida:<\/strong> 500 W\/600 W\/700 W\/800 W\/1000 W para luces LED de barra de crecimiento.<\/li>\n\n\n\n<li><strong>Voltaje de salida:<\/strong> t\u00edpico de 48 V CC a 56 V CC, hasta 280 V CC.<\/li>\n\n\n\n<li><strong>Voltaje de entrada:<\/strong> T\u00edpico 120-77Vac, 347Vac a 480Vac disponible<\/li>\n\n\n\n<li><strong>Atenuaci\u00f3n:<\/strong> 0-10 V y PWM, Atenuar para apagar<\/li>\n\n\n\n<li><strong>Auxiliar:<\/strong> Alimentaci\u00f3n auxiliar 12V 300mA.<\/li>\n<\/ul>\n<\/div>\n\n\n\n<div class=\"wp-block-column is-layout-flow wp-block-column-is-layout-flow\"><\/div>\n<\/div>\n\n<div style=\"height:50px\" aria-hidden=\"true\" class=\"wp-block-spacer\"><\/div>\n\n<h2 class=\"wp-block-heading has-text-align-center\">\u00bfPor qu\u00e9 elegir el controlador LED Plug and Play para luces de cultivo?<\/h2>\n\n<p class=\"has-text-align-center\">Al usar el controlador LED de luces de crecimiento plug and play, los usuarios podr\u00edan beneficiarse del ahorro de costos de mano de obra y aumentar la confiabilidad del producto.<\/p>\n\n<div class=\"wp-block-columns is-layout-flex wp-container-core-columns-is-layout-28f84493 wp-block-columns-is-layout-flex\">\n<div class=\"wp-block-column is-layout-flow wp-block-column-is-layout-flow\">\n<figure class=\"wp-block-image size-full\"><img fetchpriority=\"high\" decoding=\"async\" width=\"480\" height=\"480\" src=\"https:\/\/www.upowertek.com\/wp-content\/uploads\/2023\/07\/image-4.png\" alt=\"imagen 4\" class=\"wp-image-46409\" srcset=\"https:\/\/www.upowertek.com\/wp-content\/uploads\/2023\/07\/image-4.png 480w, https:\/\/www.upowertek.com\/wp-content\/uploads\/2023\/07\/image-4-300x300.png 300w, https:\/\/www.upowertek.com\/wp-content\/uploads\/2023\/07\/image-4-150x150.png 150w, https:\/\/www.upowertek.com\/wp-content\/uploads\/2023\/07\/image-4-100x100.png 100w\" sizes=\"(max-width: 480px) 100vw, 480px\" \/><\/figure>\n<\/div>\n\n\n\n<div class=\"wp-block-column is-layout-flow wp-block-column-is-layout-flow\">\n<h3 class=\"wp-block-heading\">Mejor experiencia de usuario<\/h3>\n\n\n\n<p>A los productores les gustan los productos simples y f\u00e1ciles de usar. Con el controlador LED de dise\u00f1o todo en uno, los usuarios no necesitan preocuparse por la conexi\u00f3n del cable.<\/p>\n\n\n\n<h3 class=\"wp-block-heading\">Ahorro de costos de mano de obra<\/h3>\n\n\n\n<p>Los fabricantes de l\u00e1mparas de cultivo no necesitan dedicar mucho tiempo al cableado y al montaje. El costo laboral aumenta cada a\u00f1o, ahorrar costos laborales significa aumentar las ganancias.<\/p>\n\n\n\n<h3 class=\"wp-block-heading\">Ahorro de costos de materiales<\/h3>\n\n\n\n<p>Se puede eliminar la caja del dimmer, as\u00ed como los cables y conectores. Estas materias primas pueden ayudarte a ahorrar mucho dinero.<\/p>\n\n\n\n<h3 class=\"wp-block-heading\">Mejor apariencia<\/h3>\n\n\n\n<p>Sin cables ni conectores adicionales en la luz LED, todo se ve limpio y ordenado, una mejor apariencia aumenta las ventas.<\/p>\n<\/div>\n<\/div>\n\n<div style=\"height:50px\" aria-hidden=\"true\" class=\"wp-block-spacer\"><\/div>\n\n<h2 class=\"wp-block-heading has-text-align-center\">Qu\u00e9 opciones tenemos<\/h2>\n\n<p class=\"has-text-align-center\">Upowertek tiene diferentes tipos de conectores de entrada y salida, cables, perillas de atenuaci\u00f3n y puertos RJ.<\/p>\n\n<div class=\"wp-block-columns is-layout-flex wp-container-core-columns-is-layout-28f84493 wp-block-columns-is-layout-flex\">\n<div class=\"wp-block-column is-layout-flow wp-block-column-is-layout-flow\">\n<figure class=\"wp-block-image size-full\"><img decoding=\"async\" width=\"300\" height=\"300\" src=\"https:\/\/www.upowertek.com\/wp-content\/uploads\/2022\/11\/image-5.png\" alt=\"imagen 5\" class=\"wp-image-15001\" srcset=\"https:\/\/www.upowertek.com\/wp-content\/uploads\/2022\/11\/image-5.png 300w, https:\/\/www.upowertek.com\/wp-content\/uploads\/2022\/11\/image-5-100x100.png 100w, https:\/\/www.upowertek.com\/wp-content\/uploads\/2022\/11\/image-5-150x150.png 150w, https:\/\/www.upowertek.com\/wp-content\/uploads\/2022\/11\/image-5-85x85.png 85w, https:\/\/www.upowertek.com\/wp-content\/uploads\/2022\/11\/image-5-32x32.png 32w\" sizes=\"(max-width: 300px) 100vw, 300px\" \/><figcaption class=\"wp-element-caption\"><strong>Aporte<\/strong><br\/>Hay tres tipos de entrada, cable, enchufe C14 y conectores a prueba de agua<\/figcaption><\/figure>\n<\/div>\n\n\n\n<div class=\"wp-block-column is-layout-flow wp-block-column-is-layout-flow\">\n<figure class=\"wp-block-image size-full\"><img decoding=\"async\" width=\"300\" height=\"300\" src=\"https:\/\/www.upowertek.com\/wp-content\/uploads\/2022\/11\/image-7.png\" alt=\"imagen 7\" class=\"wp-image-15004\" srcset=\"https:\/\/www.upowertek.com\/wp-content\/uploads\/2022\/11\/image-7.png 300w, https:\/\/www.upowertek.com\/wp-content\/uploads\/2022\/11\/image-7-100x100.png 100w, https:\/\/www.upowertek.com\/wp-content\/uploads\/2022\/11\/image-7-150x150.png 150w, https:\/\/www.upowertek.com\/wp-content\/uploads\/2022\/11\/image-7-85x85.png 85w, https:\/\/www.upowertek.com\/wp-content\/uploads\/2022\/11\/image-7-32x32.png 32w\" sizes=\"(max-width: 300px) 100vw, 300px\" \/><figcaption class=\"wp-element-caption\"><strong>Producci\u00f3n<\/strong><br\/>La salida LED puede ser un conector o cable a prueba de agua, RJ12 y la perilla de atenuaci\u00f3n son opcionales<\/figcaption><\/figure>\n<\/div>\n\n\n\n<div class=\"wp-block-column is-layout-flow wp-block-column-is-layout-flow\">\n<figure class=\"wp-block-image size-full\"><img loading=\"lazy\" decoding=\"async\" width=\"300\" height=\"300\" src=\"https:\/\/www.upowertek.com\/wp-content\/uploads\/2022\/11\/image-6.png\" alt=\"imagen 6\" class=\"wp-image-15003\" srcset=\"https:\/\/www.upowertek.com\/wp-content\/uploads\/2022\/11\/image-6.png 300w, https:\/\/www.upowertek.com\/wp-content\/uploads\/2022\/11\/image-6-100x100.png 100w, https:\/\/www.upowertek.com\/wp-content\/uploads\/2022\/11\/image-6-150x150.png 150w, https:\/\/www.upowertek.com\/wp-content\/uploads\/2022\/11\/image-6-85x85.png 85w, https:\/\/www.upowertek.com\/wp-content\/uploads\/2022\/11\/image-6-32x32.png 32w\" sizes=\"(max-width: 300px) 100vw, 300px\" \/><figcaption class=\"wp-element-caption\"><strong>Tama\u00f1o<\/strong><br\/>Tenemos dos tipos de controladores LED de ancho, 90 mm y 120 mm<\/figcaption><\/figure>\n<\/div>\n<\/div>\n\n<div style=\"height:51px\" aria-hidden=\"true\" class=\"wp-block-spacer\"><\/div>\n\n<h2 class=\"wp-block-heading has-text-align-center\">Caracter\u00edsticas del controlador LED Grow Lights<\/h2>\n\n<p class=\"has-text-align-center\">El controlador LED plug and play de Upowertek tiene una eficiencia muy alta y admite diferentes tipos de m\u00e9todos de atenuaci\u00f3n.<\/p>\n\n<div class=\"wp-block-columns is-layout-flex wp-container-core-columns-is-layout-28f84493 wp-block-columns-is-layout-flex\">\n<div class=\"wp-block-column is-layout-flow wp-block-column-is-layout-flow\">\n<ul class=\"wp-block-list\">\n<li>Hasta un 96 % de eficiencia<\/li>\n\n\n\n<li>Tensi\u00f3n de alimentaci\u00f3n: 90-305Vac o 127-420Vdc<\/li>\n\n\n\n<li>Inmunidad a grandes sobretensiones 6kV (10kV opcional)<\/li>\n\n\n\n<li>100 000 horas de vida @ Tc=75 \u2103 y 7 a\u00f1os de garant\u00eda @ Tc&lt;=75 \u2103<\/li>\n\n\n\n<li>Programabilidad Airset <sup>TM<\/sup> NFC o programabilidad por cable<\/li>\n\n\n\n<li>+\/-2% Precisi\u00f3n de corriente de salida<\/li>\n\n\n\n<li>Aislada 0-10V\/PWM\/Temporizador\/DALI\/DMX Regulable<\/li>\n\n\n\n<li>Atenuar con 0,5 W de energ\u00eda en espera<\/li>\n\n\n\n<li>Alimentaci\u00f3n auxiliar de 12 V 300 mA para alimentar controladores y ventiladores<\/li>\n\n\n\n<li>Modelo Clase II Disponible<\/li>\n\n\n\n<li>UL Clase P, Clase 2<\/li>\n\n\n\n<li>Salida SELV ENEC\/CB\/CCC<\/li>\n\n\n\n<li>Seguridad seg\u00fan EN 61347-1,61347-2-13, 62384<\/li>\n<\/ul>\n<\/div>\n\n\n\n<div class=\"wp-block-column is-layout-flow wp-block-column-is-layout-flow\">\n<figure class=\"wp-block-image size-full\"><img loading=\"lazy\" decoding=\"async\" width=\"450\" height=\"338\" src=\"https:\/\/www.upowertek.com\/wp-content\/uploads\/2022\/11\/image-8.png\" alt=\"imagen 8\" class=\"wp-image-15005\" srcset=\"https:\/\/www.upowertek.com\/wp-content\/uploads\/2022\/11\/image-8.png 450w, https:\/\/www.upowertek.com\/wp-content\/uploads\/2022\/11\/image-8-300x225.png 300w, https:\/\/www.upowertek.com\/wp-content\/uploads\/2022\/11\/image-8-400x300.png 400w, https:\/\/www.upowertek.com\/wp-content\/uploads\/2022\/11\/image-8-367x276.png 367w, https:\/\/www.upowertek.com\/wp-content\/uploads\/2022\/11\/image-8-200x150.png 200w\" sizes=\"(max-width: 450px) 100vw, 450px\" \/><\/figure>\n<\/div>\n<\/div>\n\n<div style=\"height:51px\" aria-hidden=\"true\" class=\"wp-block-spacer\"><\/div>\n\n<div class=\"wp-block-columns is-layout-flex wp-container-core-columns-is-layout-28f84493 wp-block-columns-is-layout-flex\">\n<div class=\"wp-block-column is-layout-flow wp-block-column-is-layout-flow\">\n<h2 class=\"wp-block-heading\">Tiempo de espera<\/h2>\n\n\n\n<ul class=\"wp-block-list\" id=\"porto-info-list7518913566368b220ac414\">\n<li><strong>Muestras<\/strong> : 2 o 3 d\u00edas por lo general. Lleva m\u00e1s tiempo si hay alg\u00fan requisito de personalizaci\u00f3n, como una etiqueta privada.<a><\/a><\/li>\n\n\n\n<li><strong>\u00d3rdenes de volumen<\/strong> : 3 a 4 semanas por lo general.<\/li>\n\n\n\n<li><strong>Tiempo de env\u00edo<\/strong> : tarda entre 3 y 5 d\u00edas en enviarse por correo urgente, como DHL o UPS, y entre 2 y 4 semanas por mar.<\/li>\n\n\n\n<li><strong>Garant\u00eda:<\/strong> Upowertek tiene un equipo eficiente para procesar sus pedidos, hacemos todo lo posible para acortar el tiempo de entrega. Incluso bajo la escasez de materias primas este a\u00f1o, almacenamos suficientes componentes para satisfacer la demanda de tiempo de entrega de nuestros clientes. Para algunos de los principales proyectos urgentes, contamos con un equipo especial para garantizar que todo est\u00e9 a tiempo.<\/li>\n<\/ul>\n<\/div>\n\n\n\n<div class=\"wp-block-column is-layout-flow wp-block-column-is-layout-flow\">\n<figure class=\"wp-block-image size-full\"><img loading=\"lazy\" decoding=\"async\" width=\"600\" height=\"400\" src=\"https:\/\/www.upowertek.com\/wp-content\/uploads\/2022\/11\/image.png\" alt=\"image\" class=\"wp-image-14975\" srcset=\"https:\/\/www.upowertek.com\/wp-content\/uploads\/2022\/11\/image.png 600w, https:\/\/www.upowertek.com\/wp-content\/uploads\/2022\/11\/image-300x200.png 300w, https:\/\/www.upowertek.com\/wp-content\/uploads\/2022\/11\/image-400x267.png 400w, https:\/\/www.upowertek.com\/wp-content\/uploads\/2022\/11\/image-367x245.png 367w\" sizes=\"(max-width: 600px) 100vw, 600px\" \/><\/figure>\n<\/div>\n<\/div>\n\n<div style=\"height:52px\" aria-hidden=\"true\" class=\"wp-block-spacer\"><\/div>\n\n<div class=\"wp-block-columns is-layout-flex wp-container-core-columns-is-layout-28f84493 wp-block-columns-is-layout-flex\">\n<div class=\"wp-block-column is-layout-flow wp-block-column-is-layout-flow\">\n<figure class=\"wp-block-image size-full\"><img loading=\"lazy\" decoding=\"async\" width=\"600\" height=\"400\" src=\"https:\/\/www.upowertek.com\/wp-content\/uploads\/2022\/10\/warranty.jpg\" alt=\"garant&#xED;a\" class=\"wp-image-14657\" srcset=\"https:\/\/www.upowertek.com\/wp-content\/uploads\/2022\/10\/warranty.jpg 600w, https:\/\/www.upowertek.com\/wp-content\/uploads\/2022\/10\/warranty-300x200.jpg 300w, https:\/\/www.upowertek.com\/wp-content\/uploads\/2022\/10\/warranty-400x267.jpg 400w, https:\/\/www.upowertek.com\/wp-content\/uploads\/2022\/10\/warranty-367x245.jpg 367w\" sizes=\"(max-width: 600px) 100vw, 600px\" \/><\/figure>\n<\/div>\n\n\n\n<div class=\"wp-block-column is-layout-flow wp-block-column-is-layout-flow\">\n<h2 class=\"wp-block-heading\">Garant\u00eda de 7 a 10 a\u00f1os<\/h2>\n\n\n\n<ul class=\"wp-block-list\" id=\"porto-info-list4427289936368b220acb10\">\n<li>Upowertek cuenta con un s\u00f3lido equipo de I+D, un proceso estricto y una f\u00e1brica profesional para garantizar la alta calidad de los controladores LED.<\/li>\n\n\n\n<li>Ingenieros experimentados<\/li>\n\n\n\n<li>Proceso estricto<\/li>\n\n\n\n<li>Componentes calificados<\/li>\n\n\n\n<li>Margen de dise\u00f1o adecuado<\/li>\n\n\n\n<li>Sistema estricto de hardware de verificaci\u00f3n<\/li>\n<\/ul>\n<\/div>\n<\/div>\n\n<div style=\"height:50px\" aria-hidden=\"true\" class=\"wp-block-spacer\"><\/div>\n\n<div class=\"wp-block-columns is-layout-flex wp-container-core-columns-is-layout-28f84493 wp-block-columns-is-layout-flex\">\n<div class=\"wp-block-column is-layout-flow wp-block-column-is-layout-flow\" style=\"flex-basis:50%\">\n<h2 class=\"wp-block-heading has-text-align-left\">Cu\u00e9ntanos tus requisitos<\/h2>\n\n\n\n<p>uPowerTek tiene una estrategia de ventas flexible en el mercado de crecimiento ligero, y tambi\u00e9n nos gustar\u00eda escuchar las sugerencias de nuestros clientes para optimizar nuestros productos. Un s\u00f3lido equipo de I+D est\u00e1 listo para convertir su idea en productos reales.<\/p>\n\n\n\n<div class=\"wp-block-contact-form-7-contact-form-selector\">\n<div class=\"wpcf7 no-js\" id=\"wpcf7-f11097-o1\" lang=\"en-US\" dir=\"ltr\" data-wpcf7-id=\"11097\">\n<div class=\"screen-reader-response\"><p role=\"status\" aria-live=\"polite\" aria-atomic=\"true\"><\/p> <ul><\/ul><\/div>\n<form action=\"\/es\/wp-json\/wp\/v2\/pages\/33785#wpcf7-f11097-o1\" method=\"post\" class=\"wpcf7-form init\" aria-label=\"Contact form\" novalidate=\"novalidate\" data-status=\"init\">\n<fieldset class=\"hidden-fields-container\"><input type=\"hidden\" name=\"_wpcf7\" value=\"11097\" \/><input type=\"hidden\" name=\"_wpcf7_version\" value=\"6.1.5\" \/><input type=\"hidden\" name=\"_wpcf7_locale\" value=\"en_US\" \/><input type=\"hidden\" name=\"_wpcf7_unit_tag\" value=\"wpcf7-f11097-o1\" \/><input type=\"hidden\" name=\"_wpcf7_container_post\" value=\"0\" \/><input type=\"hidden\" name=\"_wpcf7_posted_data_hash\" value=\"\" \/><input type=\"hidden\" name=\"_wpcf7dtx_version\" value=\"5.0.5\" \/>\n<\/fieldset>\n<p><label> Your name<br \/>\n<span class=\"wpcf7-form-control-wrap\" data-name=\"your-name\"><input size=\"40\" maxlength=\"400\" class=\"wpcf7-form-control wpcf7-text wpcf7-validates-as-required\" aria-required=\"true\" aria-invalid=\"false\" value=\"\" type=\"text\" name=\"your-name\" \/><\/span> <\/label><br \/>\n<label> Your email<br \/>\n<span class=\"wpcf7-form-control-wrap\" data-name=\"your-email\"><input size=\"40\" maxlength=\"400\" class=\"wpcf7-form-control wpcf7-email wpcf7-validates-as-required wpcf7-text wpcf7-validates-as-email\" aria-required=\"true\" aria-invalid=\"false\" value=\"\" type=\"email\" name=\"your-email\" \/><\/span> <\/label><br \/>\n<label> How can we help you?<br \/>\n<span class=\"wpcf7-form-control-wrap\" data-name=\"your-message\"><textarea cols=\"40\" rows=\"10\" maxlength=\"2000\" class=\"wpcf7-form-control wpcf7-textarea\" aria-invalid=\"false\" name=\"your-message\"><\/textarea><\/span> <\/label>\n<\/p>\n<p><input class=\"wpcf7-form-control wpcf7-submit has-spinner\" type=\"submit\" value=\"Enquiry Now\" \/>\n<\/p>\n<p>*We respect your confidentiality and all information is protected\n<\/p>\n<span class=\"wpcf7-form-control-wrap chapter\" data-name=\"chapter\"><input type=\"hidden\" name=\"chapter\" class=\"wpcf7-form-control wpcf7-hidden wpcf7dtx wpcf7dtx-hidden\" aria-invalid=\"false\" value=\"Controlador LED Plug and Play para luces de crecimiento\"><\/span>\n<span class=\"wpcf7-form-control-wrap dynamicurl\" data-name=\"dynamicurl\"><input type=\"hidden\" name=\"dynamicurl\" id=\"post-url\" class=\"wpcf7-form-control wpcf7-hidden wpcf7dtx wpcf7dtx-hidden\" aria-invalid=\"false\" value=\"https:\/\/www.upowertek.com\/es\/wp-json\/wp\/v2\/pages\/33785\"><\/span><p style=\"display: none !important;\" class=\"akismet-fields-container\" data-prefix=\"_wpcf7_ak_\"><label>&#916;<textarea name=\"_wpcf7_ak_hp_textarea\" cols=\"45\" rows=\"8\" maxlength=\"100\"><\/textarea><\/label><input type=\"hidden\" id=\"ak_js_1\" name=\"_wpcf7_ak_js\" value=\"131\"\/><script>\ndocument.getElementById( \"ak_js_1\" ).setAttribute( \"value\", ( new Date() ).getTime() );\n<\/script>\n<\/p><div class=\"wpcf7-response-output\" aria-hidden=\"true\"><\/div>\n<\/form>\n<\/div>\n<\/div>\n<\/div>\n\n\n\n<div class=\"wp-block-column is-layout-flow wp-block-column-is-layout-flow\" style=\"flex-basis:50%\">\n<h2 class=\"wp-block-heading\">Conozca a nuestro equipo<\/h2>\n\n\n\n<p>\u00a1Un equipo profesional est\u00e1 siempre listo para atender sus necesidades! El equipo central de la empresa es un grupo de ingenieros senior que han estado profundamente involucrados en la industria de la iluminaci\u00f3n y la fuente de alimentaci\u00f3n conmutada durante muchos a\u00f1os.<\/p>\n\n\n\n<figure class=\"wp-block-image size-full\"><img loading=\"lazy\" decoding=\"async\" width=\"621\" height=\"497\" src=\"https:\/\/www.upowertek.com\/wp-content\/uploads\/2021\/10\/upowertek-team-1.jpg\" alt=\"\" class=\"wp-image-8339\" srcset=\"https:\/\/www.upowertek.com\/wp-content\/uploads\/2021\/10\/upowertek-team-1.jpg 621w, https:\/\/www.upowertek.com\/wp-content\/uploads\/2021\/10\/upowertek-team-1-600x480.jpg 600w, https:\/\/www.upowertek.com\/wp-content\/uploads\/2021\/10\/upowertek-team-1-300x240.jpg 300w, https:\/\/www.upowertek.com\/wp-content\/uploads\/2021\/10\/upowertek-team-1-400x320.jpg 400w, https:\/\/www.upowertek.com\/wp-content\/uploads\/2021\/10\/upowertek-team-1-367x294.jpg 367w\" sizes=\"(max-width: 621px) 100vw, 621px\" \/><\/figure>\n<\/div>\n<\/div>\n\n<p><\/p>\n","protected":false},"excerpt":{"rendered":"<p>Cartera de productos de controladores LED Plug and Play Puede obtener diferentes potencias de salida y rangos de corriente para su placa cu\u00e1ntica y luces de crecimiento LED de barra. \u00bfPor qu\u00e9 elegir el controlador LED Plug and Play para luces de cultivo? Al usar el controlador LED de luces de crecimiento plug and play, [&hellip;]<\/p>\n","protected":false},"author":1,"featured_media":0,"parent":0,"menu_order":0,"comment_status":"closed","ping_status":"closed","template":"","meta":{"_seopress_robots_primary_cat":"","_seopress_titles_title":"","_seopress_titles_desc":"","_seopress_robots_index":"","site-sidebar-layout":"no-sidebar","site-content-layout":"plain-container","ast-site-content-layout":"default","site-content-style":"default","site-sidebar-style":"default","ast-global-header-display":"","ast-banner-title-visibility":"","ast-main-header-display":"","ast-hfb-above-header-display":"","ast-hfb-below-header-display":"","ast-hfb-mobile-header-display":"","site-post-title":"disabled","ast-breadcrumbs-content":"","ast-featured-img":"disabled","footer-sml-layout":"","ast-disable-related-posts":"","theme-transparent-header-meta":"","adv-header-id-meta":"","stick-header-meta":"","header-above-stick-meta":"","header-main-stick-meta":"","header-below-stick-meta":"","astra-migrate-meta-layouts":"default","ast-page-background-enabled":"default","ast-page-background-meta":{"desktop":{"background-color":"var(--ast-global-color-4)","background-image":"","background-repeat":"repeat","background-position":"center center","background-size":"auto","background-attachment":"scroll","background-type":"","background-media":"","overlay-type":"","overlay-color":"","overlay-opacity":"","overlay-gradient":""},"tablet":{"background-color":"","background-image":"","background-repeat":"repeat","background-position":"center center","background-size":"auto","background-attachment":"scroll","background-type":"","background-media":"","overlay-type":"","overlay-color":"","overlay-opacity":"","overlay-gradient":""},"mobile":{"background-color":"","background-image":"","background-repeat":"repeat","background-position":"center center","background-size":"auto","background-attachment":"scroll","background-type":"","background-media":"","overlay-type":"","overlay-color":"","overlay-opacity":"","overlay-gradient":""}},"ast-content-background-meta":{"desktop":{"background-color":"var(--ast-global-color-5)","background-image":"","background-repeat":"repeat","background-position":"center center","background-size":"auto","background-attachment":"scroll","background-type":"","background-media":"","overlay-type":"","overlay-color":"","overlay-opacity":"","overlay-gradient":""},"tablet":{"background-color":"var(--ast-global-color-5)","background-image":"","background-repeat":"repeat","background-position":"center center","background-size":"auto","background-attachment":"scroll","background-type":"","background-media":"","overlay-type":"","overlay-color":"","overlay-opacity":"","overlay-gradient":""},"mobile":{"background-color":"var(--ast-global-color-5)","background-image":"","background-repeat":"repeat","background-position":"center center","background-size":"auto","background-attachment":"scroll","background-type":"","background-media":"","overlay-type":"","overlay-color":"","overlay-opacity":"","overlay-gradient":""}},"footnotes":""},"class_list":["post-33785","page","type-page","status-publish"],"_links":{"self":[{"href":"https:\/\/www.upowertek.com\/es\/wp-json\/wp\/v2\/pages\/33785","targetHints":{"allow":["GET"]}}],"collection":[{"href":"https:\/\/www.upowertek.com\/es\/wp-json\/wp\/v2\/pages"}],"about":[{"href":"https:\/\/www.upowertek.com\/es\/wp-json\/wp\/v2\/types\/page"}],"author":[{"embeddable":true,"href":"https:\/\/www.upowertek.com\/es\/wp-json\/wp\/v2\/users\/1"}],"replies":[{"embeddable":true,"href":"https:\/\/www.upowertek.com\/es\/wp-json\/wp\/v2\/comments?post=33785"}],"version-history":[{"count":4,"href":"https:\/\/www.upowertek.com\/es\/wp-json\/wp\/v2\/pages\/33785\/revisions"}],"predecessor-version":[{"id":46477,"href":"https:\/\/www.upowertek.com\/es\/wp-json\/wp\/v2\/pages\/33785\/revisions\/46477"}],"wp:attachment":[{"href":"https:\/\/www.upowertek.com\/es\/wp-json\/wp\/v2\/media?parent=33785"}],"curies":[{"name":"wp","href":"https:\/\/api.w.org\/{rel}","templated":true}]}}