{"id":19476,"date":"2022-01-19T17:13:46","date_gmt":"2022-01-19T09:13:46","guid":{"rendered":"https:\/\/www.upowertek.com\/plug-and-play-led-treiber-fuer-wachstumslampen\/"},"modified":"2023-07-21T10:46:07","modified_gmt":"2023-07-21T02:46:07","slug":"plug-and-play-led-treiber-fuer-wachstumslampen","status":"publish","type":"page","link":"https:\/\/www.upowertek.com\/de\/plug-and-play-led-treiber-fuer-wachstumslampen\/","title":{"rendered":"Plug-and-Play-LED-Treiber f\u00fcr Wachstumslampen"},"content":{"rendered":"\n<h2 class=\"wp-block-heading has-text-align-center\">Produktportfolio f\u00fcr Plug-and-Play-LED-Treiber<\/h2>\n\n<p class=\"has-text-align-center\">Sie k\u00f6nnen unterschiedliche Ausgangsleistungen und Strombereiche f\u00fcr Ihre Quantenplatinen- und Balken-LED-Wachstumslampen erhalten.<\/p>\n\n<div class=\"wp-block-columns is-layout-flex wp-container-core-columns-is-layout-28f84493 wp-block-columns-is-layout-flex\">\n<div class=\"wp-block-column is-layout-flow wp-block-column-is-layout-flow\">\n<ul class=\"wp-block-list\" id=\"porto-info-list15273378526368c91d15a4b\">\n<li><strong>Ausgangsleistung:<\/strong> 200 W\/240 W\/320 W\/400 W f\u00fcr LED-Quantenplatinen wachsen Lichter.<\/li>\n\n\n\n<li><strong>Ausgangsleistung:<\/strong> 500 W\/600 W\/700 W\/800 W\/1000 W f\u00fcr LED-Growbar-Leuchten.<\/li>\n\n\n\n<li><strong>Ausgangsspannung:<\/strong> Typisch 48 VDC bis 56 VDC, bis zu 280 VDC.<\/li>\n\n\n\n<li><strong>Eingangsspannung:<\/strong> Typischerweise 120\u201377 VAC, 347 VAC bis 480 VAC verf\u00fcgbar<\/li>\n\n\n\n<li><strong>Dimmen: 0-10 V<\/strong> &amp; PWM, Dimmen bis Aus<\/li>\n\n\n\n<li><strong>Hilfsenergie:<\/strong> 12 V 300 mA Hilfsenergie.<\/li>\n<\/ul>\n<\/div>\n\n\n\n<div class=\"wp-block-column is-layout-flow wp-block-column-is-layout-flow\"><\/div>\n<\/div>\n\n<div style=\"height:50px\" aria-hidden=\"true\" class=\"wp-block-spacer\"><\/div>\n\n<h2 class=\"wp-block-heading has-text-align-center\">Warum Plug-and-Play-LED-Treiber f\u00fcr Wachstumslampen w\u00e4hlen?<\/h2>\n\n<p class=\"has-text-align-center\">Durch die Verwendung des Plug-and-Play-LED-Treibers f\u00fcr Wachstumslampen konnten Benutzer von Einsparungen bei den Arbeitskosten und der Erh\u00f6hung der Produktzuverl\u00e4ssigkeit profitieren.<\/p>\n\n<div class=\"wp-block-columns is-layout-flex wp-container-core-columns-is-layout-28f84493 wp-block-columns-is-layout-flex\">\n<div class=\"wp-block-column is-layout-flow wp-block-column-is-layout-flow\">\n<figure class=\"wp-block-image size-full\"><img fetchpriority=\"high\" decoding=\"async\" width=\"480\" height=\"480\" src=\"https:\/\/www.upowertek.com\/wp-content\/uploads\/2023\/07\/image-4.png\" alt=\"Bild 4\" class=\"wp-image-46409\" srcset=\"https:\/\/www.upowertek.com\/wp-content\/uploads\/2023\/07\/image-4.png 480w, https:\/\/www.upowertek.com\/wp-content\/uploads\/2023\/07\/image-4-300x300.png 300w, https:\/\/www.upowertek.com\/wp-content\/uploads\/2023\/07\/image-4-150x150.png 150w, https:\/\/www.upowertek.com\/wp-content\/uploads\/2023\/07\/image-4-100x100.png 100w\" sizes=\"(max-width: 480px) 100vw, 480px\" \/><\/figure>\n<\/div>\n\n\n\n<div class=\"wp-block-column is-layout-flow wp-block-column-is-layout-flow\">\n<h3 class=\"wp-block-heading\">Bessere Benutzererfahrung<\/h3>\n\n\n\n<p>Z\u00fcchter m\u00f6gen einfache und benutzerfreundliche Produkte. Mit dem All-in-One-Design-LED-Treiber m\u00fcssen sich Benutzer keine Gedanken \u00fcber die Kabelverbindung machen.<\/p>\n\n\n\n<h3 class=\"wp-block-heading\">Einsparung von Arbeitskosten<\/h3>\n\n\n\n<p>Hersteller von Pflanzenlampen m\u00fcssen nicht viel Zeit mit der Verkabelung und Montage verbringen. Die Arbeitskosten steigen jedes Jahr, Arbeitskosten sparen bedeutet Gewinnsteigerung.<\/p>\n\n\n\n<h3 class=\"wp-block-heading\">Materialkosten sparen<\/h3>\n\n\n\n<p>Die Dimmerbox kann entfallen, ebenso Kabel und Stecker. Mit diesen Rohstoffen k\u00f6nnen Sie viel Geld sparen.<\/p>\n\n\n\n<h3 class=\"wp-block-heading\">Besseres Aussehen<\/h3>\n\n\n\n<p>Keine Kabel und zus\u00e4tzlichen Anschl\u00fcsse an der LED-Wachstumslampe, alles sieht sauber und ordentlich aus, ein besseres Erscheinungsbild steigert den Umsatz.<\/p>\n<\/div>\n<\/div>\n\n<div style=\"height:50px\" aria-hidden=\"true\" class=\"wp-block-spacer\"><\/div>\n\n<h2 class=\"wp-block-heading has-text-align-center\">Welche M\u00f6glichkeiten haben wir<\/h2>\n\n<p class=\"has-text-align-center\">Upowertek hat verschiedene Arten von Eingangs- und Ausgangsanschl\u00fcssen, Kabeln, Dimmkn\u00f6pfen und RJ-Anschl\u00fcssen.<\/p>\n\n<div class=\"wp-block-columns is-layout-flex wp-container-core-columns-is-layout-28f84493 wp-block-columns-is-layout-flex\">\n<div class=\"wp-block-column is-layout-flow wp-block-column-is-layout-flow\">\n<figure class=\"wp-block-image size-full\"><img decoding=\"async\" width=\"300\" height=\"300\" src=\"https:\/\/www.upowertek.com\/wp-content\/uploads\/2022\/11\/image-5.png\" alt=\"Bild 5\" class=\"wp-image-15001\" srcset=\"https:\/\/www.upowertek.com\/wp-content\/uploads\/2022\/11\/image-5.png 300w, https:\/\/www.upowertek.com\/wp-content\/uploads\/2022\/11\/image-5-100x100.png 100w, https:\/\/www.upowertek.com\/wp-content\/uploads\/2022\/11\/image-5-150x150.png 150w, https:\/\/www.upowertek.com\/wp-content\/uploads\/2022\/11\/image-5-85x85.png 85w, https:\/\/www.upowertek.com\/wp-content\/uploads\/2022\/11\/image-5-32x32.png 32w\" sizes=\"(max-width: 300px) 100vw, 300px\" \/><figcaption class=\"wp-element-caption\"><strong>Eingang<\/strong><br\/>Es gibt drei Arten von Eing\u00e4ngen: Draht, C14-Stecker und wasserdichte Anschl\u00fcsse<\/figcaption><\/figure>\n<\/div>\n\n\n\n<div class=\"wp-block-column is-layout-flow wp-block-column-is-layout-flow\">\n<figure class=\"wp-block-image size-full\"><img decoding=\"async\" width=\"300\" height=\"300\" src=\"https:\/\/www.upowertek.com\/wp-content\/uploads\/2022\/11\/image-7.png\" alt=\"Bild 7\" class=\"wp-image-15004\" srcset=\"https:\/\/www.upowertek.com\/wp-content\/uploads\/2022\/11\/image-7.png 300w, https:\/\/www.upowertek.com\/wp-content\/uploads\/2022\/11\/image-7-100x100.png 100w, https:\/\/www.upowertek.com\/wp-content\/uploads\/2022\/11\/image-7-150x150.png 150w, https:\/\/www.upowertek.com\/wp-content\/uploads\/2022\/11\/image-7-85x85.png 85w, https:\/\/www.upowertek.com\/wp-content\/uploads\/2022\/11\/image-7-32x32.png 32w\" sizes=\"(max-width: 300px) 100vw, 300px\" \/><figcaption class=\"wp-element-caption\"><strong>Ausgabe<\/strong><br\/>Der LED-Ausgang kann ein wasserdichter Stecker oder ein Kabel sein, RJ12 und Dimmknopf sind optional<\/figcaption><\/figure>\n<\/div>\n\n\n\n<div class=\"wp-block-column is-layout-flow wp-block-column-is-layout-flow\">\n<figure class=\"wp-block-image size-full\"><img loading=\"lazy\" decoding=\"async\" width=\"300\" height=\"300\" src=\"https:\/\/www.upowertek.com\/wp-content\/uploads\/2022\/11\/image-6.png\" alt=\"Bild 6\" class=\"wp-image-15003\" srcset=\"https:\/\/www.upowertek.com\/wp-content\/uploads\/2022\/11\/image-6.png 300w, https:\/\/www.upowertek.com\/wp-content\/uploads\/2022\/11\/image-6-100x100.png 100w, https:\/\/www.upowertek.com\/wp-content\/uploads\/2022\/11\/image-6-150x150.png 150w, https:\/\/www.upowertek.com\/wp-content\/uploads\/2022\/11\/image-6-85x85.png 85w, https:\/\/www.upowertek.com\/wp-content\/uploads\/2022\/11\/image-6-32x32.png 32w\" sizes=\"(max-width: 300px) 100vw, 300px\" \/><figcaption class=\"wp-element-caption\"><strong>Gr\u00f6\u00dfe<\/strong><br\/>Wir haben zwei Arten von LED-Treibern mit einer Breite von 90 mm und 120 mm<\/figcaption><\/figure>\n<\/div>\n<\/div>\n\n<div style=\"height:51px\" aria-hidden=\"true\" class=\"wp-block-spacer\"><\/div>\n\n<h2 class=\"wp-block-heading has-text-align-center\">Grow Lights LED-Treiberfunktionen<\/h2>\n\n<p class=\"has-text-align-center\">Upowertek Plug-and-Play-LED-Treiber hat einen sehr hohen Wirkungsgrad und unterst\u00fctzt verschiedene Arten von Dimmmethoden.<\/p>\n\n<div class=\"wp-block-columns is-layout-flex wp-container-core-columns-is-layout-28f84493 wp-block-columns-is-layout-flex\">\n<div class=\"wp-block-column is-layout-flow wp-block-column-is-layout-flow\">\n<ul class=\"wp-block-list\">\n<li>Bis zu 96 % Effizienz<\/li>\n\n\n\n<li>Versorgungsspannung: 90\u2013305 VAC oder 127\u2013420 VDC<\/li>\n\n\n\n<li>Gro\u00dfe \u00dcberspannungsfestigkeit 6 kV (10 kV optional)<\/li>\n\n\n\n<li>100.000 Stunden Lebensdauer bei Tc=75\u2103 und 7 Jahre Garantie bei Tc&lt;=75\u2103<\/li>\n\n\n\n<li>Airset <sup>TM<\/sup> NFC-Programmierbarkeit oder Kabelprogrammierbarkeit<\/li>\n\n\n\n<li>+\/-2 % Genauigkeit des Ausgangsstroms<\/li>\n\n\n\n<li>Isoliert 0-10V\/PWM\/Timer\/DALI\/DMX Dimmbar<\/li>\n\n\n\n<li>Abdunkeln mit 0,5 W Standby-Leistung<\/li>\n\n\n\n<li>12 V 300 mA Hilfsstromversorgung zur Stromversorgung von Controllern und L\u00fcftern<\/li>\n\n\n\n<li>Modell der Klasse II verf\u00fcgbar<\/li>\n\n\n\n<li>UL-Klasse P, Klasse 2<\/li>\n\n\n\n<li>ENEC\/CB\/CCC SELV-Ausgang<\/li>\n\n\n\n<li>Sicherheit nach EN 61347-1,61347-2-13, 62384<\/li>\n<\/ul>\n<\/div>\n\n\n\n<div class=\"wp-block-column is-layout-flow wp-block-column-is-layout-flow\">\n<figure class=\"wp-block-image size-full\"><img loading=\"lazy\" decoding=\"async\" width=\"450\" height=\"338\" src=\"https:\/\/www.upowertek.com\/wp-content\/uploads\/2022\/11\/image-8.png\" alt=\"Bild 8\" class=\"wp-image-15005\" srcset=\"https:\/\/www.upowertek.com\/wp-content\/uploads\/2022\/11\/image-8.png 450w, https:\/\/www.upowertek.com\/wp-content\/uploads\/2022\/11\/image-8-300x225.png 300w, https:\/\/www.upowertek.com\/wp-content\/uploads\/2022\/11\/image-8-400x300.png 400w, https:\/\/www.upowertek.com\/wp-content\/uploads\/2022\/11\/image-8-367x276.png 367w, https:\/\/www.upowertek.com\/wp-content\/uploads\/2022\/11\/image-8-200x150.png 200w\" sizes=\"(max-width: 450px) 100vw, 450px\" \/><\/figure>\n<\/div>\n<\/div>\n\n<div style=\"height:51px\" aria-hidden=\"true\" class=\"wp-block-spacer\"><\/div>\n\n<div class=\"wp-block-columns is-layout-flex wp-container-core-columns-is-layout-28f84493 wp-block-columns-is-layout-flex\">\n<div class=\"wp-block-column is-layout-flow wp-block-column-is-layout-flow\">\n<h2 class=\"wp-block-heading\">Vorlaufzeit<\/h2>\n\n\n\n<ul class=\"wp-block-list\" id=\"porto-info-list7518913566368b220ac414\">\n<li><strong>Proben<\/strong> : 2 oder 3 Tage normalerweise. Es dauert l\u00e4nger, wenn es eine Anpassungsanforderung gibt, wie z. B. Private Label.<a><\/a><\/li>\n\n\n\n<li><strong>Volumenauftr\u00e4ge<\/strong> : normalerweise 3 bis 4 Wochen.<\/li>\n\n\n\n<li><strong>Lieferzeit<\/strong> : Es dauert etwa 3 bis 5 Tage, um per Express wie DHL oder UPS zu versenden, und es dauert etwa 2 bis 4 Wochen auf dem Seeweg.<\/li>\n\n\n\n<li><strong>Garantie:<\/strong> Upowertek hat ein effizientes Team, um Ihre Bestellungen zu bearbeiten, wir versuchen alles, um die Vorlaufzeit zu verk\u00fcrzen. Selbst unter Rohstoffknappheit in diesem Jahr haben wir gen\u00fcgend Komponenten auf Lager, um die Nachfrage unserer Kunden nach Vorlaufzeit zu erf\u00fcllen. F\u00fcr einige dringende Projekte haben wir ein spezielles Team, um sicherzustellen, dass alles im Zeitplan liegt.<\/li>\n<\/ul>\n<\/div>\n\n\n\n<div class=\"wp-block-column is-layout-flow wp-block-column-is-layout-flow\">\n<figure class=\"wp-block-image size-full\"><img loading=\"lazy\" decoding=\"async\" width=\"600\" height=\"400\" src=\"https:\/\/www.upowertek.com\/wp-content\/uploads\/2022\/11\/image.png\" alt=\"image\" class=\"wp-image-14975\" srcset=\"https:\/\/www.upowertek.com\/wp-content\/uploads\/2022\/11\/image.png 600w, https:\/\/www.upowertek.com\/wp-content\/uploads\/2022\/11\/image-300x200.png 300w, https:\/\/www.upowertek.com\/wp-content\/uploads\/2022\/11\/image-400x267.png 400w, https:\/\/www.upowertek.com\/wp-content\/uploads\/2022\/11\/image-367x245.png 367w\" sizes=\"(max-width: 600px) 100vw, 600px\" \/><\/figure>\n<\/div>\n<\/div>\n\n<div style=\"height:52px\" aria-hidden=\"true\" class=\"wp-block-spacer\"><\/div>\n\n<div class=\"wp-block-columns is-layout-flex wp-container-core-columns-is-layout-28f84493 wp-block-columns-is-layout-flex\">\n<div class=\"wp-block-column is-layout-flow wp-block-column-is-layout-flow\">\n<figure class=\"wp-block-image size-full\"><img loading=\"lazy\" decoding=\"async\" width=\"600\" height=\"400\" src=\"https:\/\/www.upowertek.com\/wp-content\/uploads\/2022\/10\/warranty.jpg\" alt=\"Garantie\" class=\"wp-image-14657\" srcset=\"https:\/\/www.upowertek.com\/wp-content\/uploads\/2022\/10\/warranty.jpg 600w, https:\/\/www.upowertek.com\/wp-content\/uploads\/2022\/10\/warranty-300x200.jpg 300w, https:\/\/www.upowertek.com\/wp-content\/uploads\/2022\/10\/warranty-400x267.jpg 400w, https:\/\/www.upowertek.com\/wp-content\/uploads\/2022\/10\/warranty-367x245.jpg 367w\" sizes=\"(max-width: 600px) 100vw, 600px\" \/><\/figure>\n<\/div>\n\n\n\n<div class=\"wp-block-column is-layout-flow wp-block-column-is-layout-flow\">\n<h2 class=\"wp-block-heading\">7 bis 10 Jahre Garantie<\/h2>\n\n\n\n<ul class=\"wp-block-list\" id=\"porto-info-list4427289936368b220acb10\">\n<li>Upowertek verf\u00fcgt \u00fcber ein starkes Forschungs- und Entwicklungsteam, strenge Prozesse und eine professionelle Fabrik, um eine hohe Qualit\u00e4t der LED-Treiber zu gew\u00e4hrleisten.<\/li>\n\n\n\n<li>Erfahrene Ingenieure<\/li>\n\n\n\n<li>Strenger Prozess<\/li>\n\n\n\n<li>Qualifizierte Komponenten<\/li>\n\n\n\n<li>Angemessener Designspielraum<\/li>\n\n\n\n<li>Strenges \u00dcberpr\u00fcfungs-Hardwaresystem<\/li>\n<\/ul>\n<\/div>\n<\/div>\n\n<div style=\"height:50px\" aria-hidden=\"true\" class=\"wp-block-spacer\"><\/div>\n\n<div class=\"wp-block-columns is-layout-flex wp-container-core-columns-is-layout-28f84493 wp-block-columns-is-layout-flex\">\n<div class=\"wp-block-column is-layout-flow wp-block-column-is-layout-flow\" style=\"flex-basis:50%\">\n<h2 class=\"wp-block-heading has-text-align-left\">Nennen Sie uns Ihre Anforderungen<\/h2>\n\n\n\n<p>uPowerTek hat eine flexible Verkaufsstrategie auf dem Wachstumslichtmarkt, und wir w\u00fcrden auch gerne auf die Vorschl\u00e4ge unserer Kunden h\u00f6ren, um unsere Produkte zu optimieren. Ein starkes Forschungs- und Entwicklungsteam ist bereit, Ihre Idee in echte Produkte umzusetzen.<\/p>\n\n\n\n<div class=\"wp-block-contact-form-7-contact-form-selector\">\n<div class=\"wpcf7 no-js\" id=\"wpcf7-f11097-o1\" lang=\"en-US\" dir=\"ltr\" data-wpcf7-id=\"11097\">\n<div class=\"screen-reader-response\"><p role=\"status\" aria-live=\"polite\" aria-atomic=\"true\"><\/p> <ul><\/ul><\/div>\n<form action=\"\/de\/wp-json\/wp\/v2\/pages\/19476#wpcf7-f11097-o1\" method=\"post\" class=\"wpcf7-form init\" aria-label=\"Contact form\" novalidate=\"novalidate\" data-status=\"init\">\n<fieldset class=\"hidden-fields-container\"><input type=\"hidden\" name=\"_wpcf7\" value=\"11097\" \/><input type=\"hidden\" name=\"_wpcf7_version\" value=\"6.1.1\" \/><input type=\"hidden\" name=\"_wpcf7_locale\" value=\"en_US\" \/><input type=\"hidden\" name=\"_wpcf7_unit_tag\" value=\"wpcf7-f11097-o1\" \/><input type=\"hidden\" name=\"_wpcf7_container_post\" value=\"0\" \/><input type=\"hidden\" name=\"_wpcf7_posted_data_hash\" value=\"\" \/><input type=\"hidden\" name=\"_wpcf7dtx_version\" value=\"5.0.3\" \/>\n<\/fieldset>\n<p><label> Your name<br \/>\n<span class=\"wpcf7-form-control-wrap\" data-name=\"your-name\"><input size=\"40\" maxlength=\"400\" class=\"wpcf7-form-control wpcf7-text wpcf7-validates-as-required\" aria-required=\"true\" aria-invalid=\"false\" value=\"\" type=\"text\" name=\"your-name\" \/><\/span> <\/label><br \/>\n<label> Your email<br \/>\n<span class=\"wpcf7-form-control-wrap\" data-name=\"your-email\"><input size=\"40\" maxlength=\"400\" class=\"wpcf7-form-control wpcf7-email wpcf7-validates-as-required wpcf7-text wpcf7-validates-as-email\" aria-required=\"true\" aria-invalid=\"false\" value=\"\" type=\"email\" name=\"your-email\" \/><\/span> <\/label><br \/>\n<label> How can we help you?<br \/>\n<span class=\"wpcf7-form-control-wrap\" data-name=\"your-message\"><textarea cols=\"40\" rows=\"10\" maxlength=\"2000\" class=\"wpcf7-form-control wpcf7-textarea\" aria-invalid=\"false\" name=\"your-message\"><\/textarea><\/span> <\/label>\n<\/p>\n<p><input class=\"wpcf7-form-control wpcf7-submit has-spinner\" type=\"submit\" value=\"Enquiry Now\" \/>\n<\/p>\n<p>*We respect your confidentiality and all information is protected\n<\/p>\n<span class=\"wpcf7-form-control-wrap chapter\" data-name=\"chapter\"><input type=\"hidden\" name=\"chapter\" class=\"wpcf7-form-control wpcf7-hidden wpcf7dtx wpcf7dtx-hidden\" aria-invalid=\"false\" value=\"Plug-and-Play-LED-Treiber f\u00fcr Wachstumslampen\"><\/span>\n<span class=\"wpcf7-form-control-wrap dynamicurl\" data-name=\"dynamicurl\"><input type=\"hidden\" name=\"dynamicurl\" id=\"post-url\" class=\"wpcf7-form-control wpcf7-hidden wpcf7dtx wpcf7dtx-hidden\" aria-invalid=\"false\" value=\"https:\/\/www.upowertek.com\/de\/wp-json\/wp\/v2\/pages\/19476\"><\/span><p style=\"display: none !important;\" class=\"akismet-fields-container\" data-prefix=\"_wpcf7_ak_\"><label>&#916;<textarea name=\"_wpcf7_ak_hp_textarea\" cols=\"45\" rows=\"8\" maxlength=\"100\"><\/textarea><\/label><input type=\"hidden\" id=\"ak_js_1\" name=\"_wpcf7_ak_js\" value=\"137\"\/><script>document.getElementById( \"ak_js_1\" ).setAttribute( \"value\", ( new Date() ).getTime() );<\/script><\/p><div class=\"wpcf7-response-output\" aria-hidden=\"true\"><\/div>\n<\/form>\n<\/div>\n<\/div>\n<\/div>\n\n\n\n<div class=\"wp-block-column is-layout-flow wp-block-column-is-layout-flow\" style=\"flex-basis:50%\">\n<h2 class=\"wp-block-heading\">Triff unser Team<\/h2>\n\n\n\n<p>Ein professionelles Team ist immer bereit, Ihre Anforderungen zu erf\u00fcllen! Das Kernteam des Unternehmens besteht aus einer Gruppe leitender Ingenieure, die seit vielen Jahren intensiv in der Beleuchtungs- und Schaltnetzteilbranche t\u00e4tig sind.<\/p>\n\n\n\n<figure class=\"wp-block-image size-full\"><img loading=\"lazy\" decoding=\"async\" width=\"621\" height=\"497\" src=\"https:\/\/www.upowertek.com\/wp-content\/uploads\/2021\/10\/upowertek-team-1.jpg\" alt=\"\" class=\"wp-image-8339\" srcset=\"https:\/\/www.upowertek.com\/wp-content\/uploads\/2021\/10\/upowertek-team-1.jpg 621w, https:\/\/www.upowertek.com\/wp-content\/uploads\/2021\/10\/upowertek-team-1-600x480.jpg 600w, https:\/\/www.upowertek.com\/wp-content\/uploads\/2021\/10\/upowertek-team-1-300x240.jpg 300w, https:\/\/www.upowertek.com\/wp-content\/uploads\/2021\/10\/upowertek-team-1-400x320.jpg 400w, https:\/\/www.upowertek.com\/wp-content\/uploads\/2021\/10\/upowertek-team-1-367x294.jpg 367w\" sizes=\"(max-width: 621px) 100vw, 621px\" \/><\/figure>\n<\/div>\n<\/div>\n\n<p><\/p>\n","protected":false},"excerpt":{"rendered":"<p>Produktportfolio f\u00fcr Plug-and-Play-LED-Treiber Sie k\u00f6nnen unterschiedliche Ausgangsleistungen und Strombereiche f\u00fcr Ihre Quantenplatinen- und Balken-LED-Wachstumslampen erhalten. Warum Plug-and-Play-LED-Treiber f\u00fcr Wachstumslampen w\u00e4hlen? Durch die Verwendung des Plug-and-Play-LED-Treibers f\u00fcr Wachstumslampen konnten Benutzer von Einsparungen bei den Arbeitskosten und der Erh\u00f6hung der Produktzuverl\u00e4ssigkeit profitieren. Bessere Benutzererfahrung Z\u00fcchter m\u00f6gen einfache und benutzerfreundliche Produkte. Mit dem All-in-One-Design-LED-Treiber m\u00fcssen sich Benutzer keine [&hellip;]<\/p>\n","protected":false},"author":1,"featured_media":0,"parent":0,"menu_order":0,"comment_status":"closed","ping_status":"closed","template":"","meta":{"_seopress_robots_primary_cat":"","_seopress_titles_title":"","_seopress_titles_desc":"","_seopress_robots_index":"","site-sidebar-layout":"no-sidebar","site-content-layout":"plain-container","ast-site-content-layout":"","site-content-style":"default","site-sidebar-style":"default","ast-global-header-display":"","ast-banner-title-visibility":"","ast-main-header-display":"","ast-hfb-above-header-display":"","ast-hfb-below-header-display":"","ast-hfb-mobile-header-display":"","site-post-title":"disabled","ast-breadcrumbs-content":"","ast-featured-img":"disabled","footer-sml-layout":"","theme-transparent-header-meta":"","adv-header-id-meta":"","stick-header-meta":"","header-above-stick-meta":"","header-main-stick-meta":"","header-below-stick-meta":"","astra-migrate-meta-layouts":"default","ast-page-background-enabled":"default","ast-page-background-meta":{"desktop":{"background-color":"var(--ast-global-color-4)","background-image":"","background-repeat":"repeat","background-position":"center center","background-size":"auto","background-attachment":"scroll","background-type":"","background-media":"","overlay-type":"","overlay-color":"","overlay-opacity":"","overlay-gradient":""},"tablet":{"background-color":"","background-image":"","background-repeat":"repeat","background-position":"center center","background-size":"auto","background-attachment":"scroll","background-type":"","background-media":"","overlay-type":"","overlay-color":"","overlay-opacity":"","overlay-gradient":""},"mobile":{"background-color":"","background-image":"","background-repeat":"repeat","background-position":"center center","background-size":"auto","background-attachment":"scroll","background-type":"","background-media":"","overlay-type":"","overlay-color":"","overlay-opacity":"","overlay-gradient":""}},"ast-content-background-meta":{"desktop":{"background-color":"var(--ast-global-color-5)","background-image":"","background-repeat":"repeat","background-position":"center center","background-size":"auto","background-attachment":"scroll","background-type":"","background-media":"","overlay-type":"","overlay-color":"","overlay-opacity":"","overlay-gradient":""},"tablet":{"background-color":"var(--ast-global-color-5)","background-image":"","background-repeat":"repeat","background-position":"center center","background-size":"auto","background-attachment":"scroll","background-type":"","background-media":"","overlay-type":"","overlay-color":"","overlay-opacity":"","overlay-gradient":""},"mobile":{"background-color":"var(--ast-global-color-5)","background-image":"","background-repeat":"repeat","background-position":"center center","background-size":"auto","background-attachment":"scroll","background-type":"","background-media":"","overlay-type":"","overlay-color":"","overlay-opacity":"","overlay-gradient":""}},"footnotes":""},"class_list":["post-19476","page","type-page","status-publish"],"_links":{"self":[{"href":"https:\/\/www.upowertek.com\/de\/wp-json\/wp\/v2\/pages\/19476","targetHints":{"allow":["GET"]}}],"collection":[{"href":"https:\/\/www.upowertek.com\/de\/wp-json\/wp\/v2\/pages"}],"about":[{"href":"https:\/\/www.upowertek.com\/de\/wp-json\/wp\/v2\/types\/page"}],"author":[{"embeddable":true,"href":"https:\/\/www.upowertek.com\/de\/wp-json\/wp\/v2\/users\/1"}],"replies":[{"embeddable":true,"href":"https:\/\/www.upowertek.com\/de\/wp-json\/wp\/v2\/comments?post=19476"}],"version-history":[{"count":4,"href":"https:\/\/www.upowertek.com\/de\/wp-json\/wp\/v2\/pages\/19476\/revisions"}],"predecessor-version":[{"id":46469,"href":"https:\/\/www.upowertek.com\/de\/wp-json\/wp\/v2\/pages\/19476\/revisions\/46469"}],"wp:attachment":[{"href":"https:\/\/www.upowertek.com\/de\/wp-json\/wp\/v2\/media?parent=19476"}],"curies":[{"name":"wp","href":"https:\/\/api.w.org\/{rel}","templated":true}]}}